{"id":86,"date":"2013-08-11T19:22:53","date_gmt":"2013-08-11T19:22:53","guid":{"rendered":"http:\/\/localhost:8888\/test\/?page_id=532"},"modified":"2018-02-08T14:43:34","modified_gmt":"2018-02-08T14:43:34","slug":"lien-he","status":"publish","type":"page","link":"https:\/\/zsoftware.vn\/?page_id=86","title":{"rendered":"Li\u00ean h\u1ec7"},"content":{"rendered":"\n\t<script type=\"text\/javascript\">\n  jQuery( document ).ready(function() {\n    function initialize() {\n        var styles = {\n            'flatsome':  [{\n            \"featureType\": \"administrative\",\n            \"stylers\": [\n              { \"visibility\": \"on\" }\n            ]\n          },\n          {\n            \"featureType\": \"road\",\n            \"stylers\": [\n              { \"visibility\": \"on\" },\n              { \"hue\": \"\" }\n            ]\n          },\n          {\n            \"stylers\": [\n\t\t\t  { \"visibility\": \"on\" },\n\t\t\t  { \"hue\": \"\" },\n\t\t\t  { \"saturation\": -30 }\n            ]\n          }\n        ]};\n\n        var myLatlng = new google.maps.LatLng(10.780491, 106.684433);\n        var myOptions = {\n            zoom: 17,\n            center: myLatlng,\n            mapTypeId: google.maps.MapTypeId.ROADMAP,\n            disableDefaultUI: true,\n            mapTypeId: 'flatsome',\n            draggable: true,\n            zoomControl: false,\n            zoomControlOptions: {\n              position: google.maps.ControlPosition.TOP_LEFT\n            },\n      \t\t\tmapTypeControl: false,\n            mapTypeControlOptions: {\n              position: google.maps.ControlPosition.TOP_LEFT\n            },\n      \t\t\tstreetViewControl: false,\n            streetViewControlOptions: {\n              position: google.maps.ControlPosition.TOP_LEFT\n            },\n            scrollwheel: false,\n            disableDoubleClickZoom: true\n        }\n        var map = new google.maps.Map(document.getElementById(\"map-1605026159-inner\"), myOptions);\n        var styledMapType = new google.maps.StyledMapType(styles['flatsome'], {name: 'flatsome'});\n        map.mapTypes.set('flatsome', styledMapType);\n\n        var marker = new google.maps.Marker({\n            position: myLatlng,\n            map: map,\n            title:\"\"\n        });\n    }\n\n    \/\/ Required to proceed\n    if (!(typeof google === 'object' && typeof google.maps === 'object')) {\n      return\n    }\n\n    initialize()\n    google.maps.event.addDomListener(window, 'resize', initialize);\n    });\n    <\/script>\n\n    <div class=\"google-map relative mb\" id=\"map-1605026159\">\n        <div class=\"map-height\" id=\"map-1605026159-inner\"><\/div>\n        <div id=\"map_overlay_top\"><\/div>\n        <div id=\"map_overlay_bottom\"><\/div>\n                  <div class=\"map_inner map-inner last-reset absolute x95 md-x95 lg-x95 y95 md-y95 lg-y95\">\n              \n<h3>270L V\u00f5 Th\u1ecb S\u00e1u, P.7, Q. 3, Tp. H\u1ed3 Ch\u00ed Minh<\/h3>\n<p>L\u00e0m vi\u1ec7c t\u1eeb th\u1ee9 2 \u2013 th\u1ee9 7, 8 a.m. \u2013 7:30 p.m.<\/p>\n<p><i class=\"fa fa-phone\"><\/i> 0888.090.898<\/p>\n         <\/div>\n       \n       \n<style>\n#map-1605026159 .map-inner {\n  background-color: #fff;\n  max-width: 53%;\n}\n#map-1605026159 .map-height {\n  height: 400px;\n}\n<\/style>\n    <\/div>\n\n\t\n<div class=\"row\"  id=\"row-1497136628\">\n\n\t<div id=\"col-1923219370\" class=\"col medium-6 large-6\"  >\n\t\t\t\t<div class=\"col-inner\"  >\n\t\t\t\n\t\t\t\n<div class=\"container section-title-container\" ><h3 class=\"section-title section-title-normal\"><b><\/b><span class=\"section-title-main\" >C\u00c2U H\u1eceI TH\u01af\u1edcNG G\u1eb6P<\/span><b><\/b><\/h3><\/div>\n<p class=\"lead\">Vui l\u00f2ng tham kh\u1ea3o 1 s\u1ed1 c\u00e2u h\u1ecfi th\u01b0\u1eddng g\u1eb7p tr\u01b0\u1edbc khi s\u1eed d\u1ee5ng form li\u00ean h\u1ec7<\/p>\n<div class=\"accordion\">\n\t<div id=\"accordion-2294664731\" class=\"accordion-item\">\n\t\t<a id=\"accordion-2294664731-label\" class=\"accordion-title plain\" href=\"#accordion-item-t\u00f4i-mu\u1ed1n-mua-hoa-th\u00ec-ph\u1ea3i-l\u00e0m-sao?\" aria-expanded=\"false\" aria-controls=\"accordion-2294664731-content\" >\n\t\t\t<button class=\"toggle\" aria-label=\"Chuy\u1ec3n \u0111\u1ed5i\"><i class=\"icon-angle-down\"><\/i><\/button>\n\t\t\t<span>T\u00f4i mu\u1ed1n mua hoa th\u00ec ph\u1ea3i l\u00e0m sao?<\/span>\n\t\t<\/a>\n\t\t<div id=\"accordion-2294664731-content\" class=\"accordion-inner\" aria-labelledby=\"accordion-2294664731-label\" >\n\t\t\t\n<p>C\u00e1c b\u1ea1n c\u00f3 th\u1ec3 \u0111\u1ebfn c\u1eeda h\u00e0ng Shop hoa 360 \u0111\u1ec3 ch\u1ecdn l\u1ef1a ho\u1eb7c \u0111\u1eb7t tr\u1ef1c ti\u1ebfp b\u00f3 hoa theo m\u1eabu c\u1ee7a ch\u00fang t\u00f4i.<\/p>\n<p>Tr\u01b0\u1eddng h\u1ee3p b\u1ea1n kh\u00f4ng th\u1ec3 \u0111\u1ebfn th\u00ec c\u00f3 th\u1ec3 tham kh\u1ea3o c\u00e1c m\u1eabu hoa tr\u00ean Website: shophoa360.com r\u1ed3i nh\u1ea5p v\u00e0o \u0111\u01a1n h\u00e0ng v\u00e0 click \u0111\u1eb7t h\u00e0ng tr\u1ef1c ti\u1ebfp tr\u00ean web, ho\u1eb7c g\u1ecdi \u0111i\u1ec7n tho\u1ea1i v\u1ec1 Hotline: 0936652727 \u2013 0982372727 \u0111\u1ec3 \u0111\u01b0\u1ee3c \u0111\u1eb7t h\u00e0ng.<\/p>\n<p>Tr\u01b0\u1eddng h\u1ee3p b\u1ea1n mu\u1ed1n t\u01b0 v\u1ea5n m\u1ed9t b\u00f3 hoa n\u00e0o \u0111\u00f3, c\u00f3 th\u1ec3 g\u1ecdi ho\u1eb7c g\u1eedi nh\u1eefng y\u00eau c\u1ea7u cho ch\u00fang t\u00f4i qua Email: info@hoatuoi360.vn. Ch\u00fang t\u00f4i s\u1ebd ph\u1ea3n h\u1ed3i cho b\u1ea1n trong th\u1eddi gian s\u1edbm nh\u1ea5t.<\/p>\n\t\t<\/div>\n\t<\/div>\n\t\n\t<div id=\"accordion-1512956229\" class=\"accordion-item\">\n\t\t<a id=\"accordion-1512956229-label\" class=\"accordion-title plain\" href=\"#accordion-item-khi-mu\u1ed1n-bi\u1ebft-\u0111\u01a1n-h\u00e0ng-th\u00e0nh-c\u00f4ng-th\u00ec-ph\u1ea3i-l\u00e0m-g\u00ec?\" aria-expanded=\"false\" aria-controls=\"accordion-1512956229-content\" >\n\t\t\t<button class=\"toggle\" aria-label=\"Chuy\u1ec3n \u0111\u1ed5i\"><i class=\"icon-angle-down\"><\/i><\/button>\n\t\t\t<span>Khi mu\u1ed1n bi\u1ebft \u0111\u01a1n h\u00e0ng th\u00e0nh c\u00f4ng th\u00ec ph\u1ea3i l\u00e0m g\u00ec?<\/span>\n\t\t<\/a>\n\t\t<div id=\"accordion-1512956229-content\" class=\"accordion-inner\" aria-labelledby=\"accordion-1512956229-label\" >\n\t\t\t\n<p>&#8211; N\u1ebfu b\u1ea1n g\u1ecdi \u0111i\u1ec7n tho\u1ea1i \u0111\u1eb7t hoa th\u00ec nh\u00e2n vi\u00ean s\u1ebd x\u00e1c nh\u1eadn y\u00eau c\u1ea7u c\u1ee7a b\u1ea1n ngay khi k\u1ebft th\u00fac cu\u1ed9c g\u1ecdi.<\/p>\n<p>&#8211; N\u1ebfu b\u1ea1n \u0111\u1eb7t h\u00e0ng qua web th\u00ec khi th\u00e0nh c\u00f4ng, c\u00e1c b\u1ea1n s\u1ebd th\u00f4ng b\u00e1o nh\u1eadn \u0111\u01b0\u1ee3c th\u01b0 x\u00e1c nh\u1eadn t\u1eeb Email m\u00e0 b\u1ea1n \u0111\u0103ng k\u00ed.<\/p>\n\t\t<\/div>\n\t<\/div>\n\t\n\t<div id=\"accordion-2320370202\" class=\"accordion-item\">\n\t\t<a id=\"accordion-2320370202-label\" class=\"accordion-title plain\" href=\"#accordion-item-th\u1eddi-gian-ho\u1ea1t-\u0111\u1ed9ng-v\u00e0-v\u1eadn-chuy\u1ec3n-hoa-c\u1ee7a-shop-hoa?\" aria-expanded=\"false\" aria-controls=\"accordion-2320370202-content\" >\n\t\t\t<button class=\"toggle\" aria-label=\"Chuy\u1ec3n \u0111\u1ed5i\"><i class=\"icon-angle-down\"><\/i><\/button>\n\t\t\t<span>Th\u1eddi gian ho\u1ea1t \u0111\u1ed9ng v\u00e0 v\u1eadn chuy\u1ec3n hoa c\u1ee7a Shop hoa?<\/span>\n\t\t<\/a>\n\t\t<div id=\"accordion-2320370202-content\" class=\"accordion-inner\" aria-labelledby=\"accordion-2320370202-label\" >\n\t\t\t\n<p>&#8211; Shop ho\u1ea1t \u0111\u1ed9ng t\u1eeb 7h \u0111\u1ebfn 22h h\u1eb1ng ng\u00e0y n\u00ean khi n\u00e0o b\u1ea1n c\u00f3 nhu c\u1ea7u v\u1ec1 hoa th\u00ec Shop v\u1eabn c\u00f3 th\u1ec3 \u0111\u00e1p \u1ee9ng \u0111\u01b0\u1ee3c.<\/p>\n<p>&#8211; Th\u1eddi gian giao hoa b\u1eaft \u0111\u1ea7u t\u1eeb 7h \u0111\u1ebfn 18h, trong tr\u01b0\u1eddng h\u1ee3p b\u1ea1n mu\u1ed1n giao hoa ng\u00e0y khung n\u00e0y th\u00ec Shop v\u1eabn c\u00f3 th\u1ec3 linh ho\u1ea1t \u0111\u1ec3 \u0111\u00e1p \u1ee9ng \u0111\u01b0\u1ee3c nhu c\u1ea7u.<\/p>\n\t\t<\/div>\n\t<\/div>\n\t\n\t<div id=\"accordion-1752671767\" class=\"accordion-item\">\n\t\t<a id=\"accordion-1752671767-label\" class=\"accordion-title plain\" href=\"#accordion-item-n\u00ean-\u0111\u1eb7t-hoa-tr\u01b0\u1edbc-th\u1eddi-gian-bao-l\u00e2u?\" aria-expanded=\"false\" aria-controls=\"accordion-1752671767-content\" >\n\t\t\t<button class=\"toggle\" aria-label=\"Chuy\u1ec3n \u0111\u1ed5i\"><i class=\"icon-angle-down\"><\/i><\/button>\n\t\t\t<span>N\u00ean \u0111\u1eb7t hoa tr\u01b0\u1edbc th\u1eddi gian bao l\u00e2u?<\/span>\n\t\t<\/a>\n\t\t<div id=\"accordion-1752671767-content\" class=\"accordion-inner\" aria-labelledby=\"accordion-1752671767-label\" >\n\t\t\t\n<p>\u0110\u1ec3 thu\u1eadn ti\u1ec7n h\u01a1n gi\u1eefa ng\u01b0\u1eddi mua v\u00e0 ng\u01b0\u1eddi b\u00e1n, Shop khuy\u00ean b\u1ea1n n\u00ean \u0111\u1eb7t hoa tr\u01b0\u1edbc 24h. Nh\u01b0ng n\u1ebfu b\u1ea1n c\u1ea7n g\u1ea5p hoa, ch\u00fang t\u00f4i v\u1eabn c\u00f3 th\u1ec3 ho\u00e0n th\u00e0nh v\u00e0 giao cho b\u1ea1n trong th\u1eddi gian s\u1edbm nh\u1ea5t c\u00f3 th\u1ec3.<\/p>\n\t\t<\/div>\n\t<\/div>\n\t\n\t<div id=\"accordion-2727177373\" class=\"accordion-item\">\n\t\t<a id=\"accordion-2727177373-label\" class=\"accordion-title plain\" href=\"#accordion-item-hoa-t\u01b0\u01a1i-\u0111\u1eb7t-c\u00f3-\u0111\u00fang-m\u1eabu-nh\u01b0-\u0111\u00e3-y\u00eau-c\u1ea7u-trong-\u0111\u01a1n-h\u00e0ng?\" aria-expanded=\"false\" aria-controls=\"accordion-2727177373-content\" >\n\t\t\t<button class=\"toggle\" aria-label=\"Chuy\u1ec3n \u0111\u1ed5i\"><i class=\"icon-angle-down\"><\/i><\/button>\n\t\t\t<span>Hoa t\u01b0\u01a1i \u0111\u1eb7t c\u00f3 \u0111\u00fang m\u1eabu nh\u01b0 \u0111\u00e3 y\u00eau c\u1ea7u trong \u0111\u01a1n h\u00e0ng?<\/span>\n\t\t<\/a>\n\t\t<div id=\"accordion-2727177373-content\" class=\"accordion-inner\" aria-labelledby=\"accordion-2727177373-label\" >\n\t\t\t\n<p>V\u1ea5n \u0111\u1ec1 n\u00e0y c\u00e1c b\u1ea1n ho\u00e0n to\u00e0n y\u00ean t\u00e2m nh\u00e9! Ch\u00fang t\u00f4i cam k\u1ebft mang \u0111\u1ebfn cho b\u1ea1n nh\u1eefng m\u1eabu hoa nh\u01b0 \u00fd mu\u1ed1n. C\u0169ng c\u00f3 nhi\u1ec1u tr\u01b0\u1eddng h\u1ee3p c\u00f3 nhi\u1ec1u m\u1eabu hoa Shop ch\u01b0a nh\u1eadp v\u1ec1 k\u1ecbp th\u00ec s\u1ebd b\u00e1o ngay cho kh\u00e1ch h\u00e0ng \u0111\u1ec3 tho\u1ea3 thu\u1eadn l\u1ea1i m\u1eabu hoa.<\/p>\n\t\t<\/div>\n\t<\/div>\n\t\n\t<div id=\"accordion-3116194395\" class=\"accordion-item\">\n\t\t<a id=\"accordion-3116194395-label\" class=\"accordion-title plain\" href=\"#accordion-item-khi-thanh-to\u00e1n-\u0111\u01a1n-h\u00e0ng-c\u00f3-k\u00e8m-th\u00eam-ph\u00ed-d\u1ecbch-v\u1ee5-giao-nh\u1eadn?\" aria-expanded=\"false\" aria-controls=\"accordion-3116194395-content\" >\n\t\t\t<button class=\"toggle\" aria-label=\"Chuy\u1ec3n \u0111\u1ed5i\"><i class=\"icon-angle-down\"><\/i><\/button>\n\t\t\t<span>Khi thanh to\u00e1n \u0111\u01a1n h\u00e0ng c\u00f3 k\u00e8m th\u00eam ph\u00ed d\u1ecbch v\u1ee5 giao nh\u1eadn?<\/span>\n\t\t<\/a>\n\t\t<div id=\"accordion-3116194395-content\" class=\"accordion-inner\" aria-labelledby=\"accordion-3116194395-label\" >\n\t\t\t\n<p>N\u1ebfu giao hoa \u1edf nh\u1eefng qu\u1eadn n\u1ed9i th\u00e0nh th\u00ec Shop hoa 360 mi\u1ec5n ph\u00ed ho\u00e0n to\u00e0n ph\u00ed v\u1eadn chuy\u1ec3n. C\u00f2n trong tr\u01b0\u1eddng h\u1ee3p c\u00e1c qu\u1eadn n\u1ed9i th\u00e0nh, tu\u1ef3 v\u00e0o \u0111i\u1ec1u ki\u1ec7n \u0111\u1ecba l\u00fd xa hay g\u1ea7n m\u00e0 Shop c\u00f3 nh\u1eefng m\u1ee9c gi\u00e1 ph\u00ed kh\u00e1c nhau, ch\u00fang t\u00f4i s\u1ebd c\u1ed9ng ph\u00ed v\u1eadn chuy\u1ec3n v\u00e0o \u0111\u01a1n h\u00e0ng khi \u0111\u00e3 x\u00e1c nh\u1eadn m\u1ecdi th\u00f4ng tin.<\/p>\n\t\t<\/div>\n\t<\/div>\n\t\n<\/div>\n\t\t<\/div>\n\t\t\t\t\t<\/div>\n\n\t\n\n\t<div id=\"col-1951435244\" class=\"col medium-6 large-6\"  >\n\t\t\t\t<div class=\"col-inner\"  >\n\t\t\t\n\t\t\t\n<div class=\"container section-title-container\" ><h3 class=\"section-title section-title-normal\"><b><\/b><span class=\"section-title-main\" >Y\u00eau c\u1ea7u t\u01b0 v\u1ea5n, b\u00e1o gi\u00e1<\/span><b><\/b><\/h3><\/div>\n\n<div class=\"wpcf7 no-js\" id=\"wpcf7-f6-o1\" lang=\"en-US\" dir=\"ltr\">\n<div class=\"screen-reader-response\"><p role=\"status\" aria-live=\"polite\" aria-atomic=\"true\"><\/p> <ul><\/ul><\/div>\n<form action=\"\/index.php?rest_route=%2Fwp%2Fv2%2Fpages%2F86#wpcf7-f6-o1\" method=\"post\" class=\"wpcf7-form init\" aria-label=\"Contact form\" novalidate=\"novalidate\" data-status=\"init\">\n<div style=\"display: none;\">\n<input type=\"hidden\" name=\"_wpcf7\" value=\"6\" \/>\n<input type=\"hidden\" name=\"_wpcf7_version\" value=\"5.9.8\" \/>\n<input type=\"hidden\" name=\"_wpcf7_locale\" value=\"en_US\" \/>\n<input type=\"hidden\" name=\"_wpcf7_unit_tag\" value=\"wpcf7-f6-o1\" \/>\n<input type=\"hidden\" name=\"_wpcf7_container_post\" value=\"0\" \/>\n<input type=\"hidden\" name=\"_wpcf7_posted_data_hash\" value=\"\" \/>\n<\/div>\n<div class=\"form-flat\">\n\t<p><span class=\"wpcf7-form-control-wrap\" data-name=\"your-name\"><input size=\"40\" maxlength=\"400\" class=\"wpcf7-form-control wpcf7-text wpcf7-validates-as-required\" aria-required=\"true\" aria-invalid=\"false\" placeholder=\"H\u1ecd v\u00e0 t\u00ean\" value=\"\" type=\"text\" name=\"your-name\" \/><\/span>\n\t<\/p>\n\t<p><span class=\"wpcf7-form-control-wrap\" data-name=\"your-email\"><input size=\"40\" maxlength=\"400\" class=\"wpcf7-form-control wpcf7-email wpcf7-validates-as-required wpcf7-text wpcf7-validates-as-email\" aria-required=\"true\" aria-invalid=\"false\" placeholder=\"\u0110\u1ecba ch\u1ec9 email\" value=\"\" type=\"email\" name=\"your-email\" \/><\/span>\n\t<\/p>\n\t<p><span class=\"wpcf7-form-control-wrap\" data-name=\"your-phone\"><input size=\"40\" maxlength=\"400\" class=\"wpcf7-form-control wpcf7-text wpcf7-validates-as-required\" aria-required=\"true\" aria-invalid=\"false\" placeholder=\"S\u1ed1 \u0111i\u1ec7n tho\u1ea1i\" value=\"\" type=\"text\" name=\"your-phone\" \/><\/span>\n\t<\/p>\n\t<p><span class=\"wpcf7-form-control-wrap\" data-name=\"your-message\"><textarea cols=\"40\" rows=\"10\" maxlength=\"2000\" class=\"wpcf7-form-control wpcf7-textarea\" aria-invalid=\"false\" placeholder=\"L\u1eddi nh\u1eafn\" name=\"your-message\"><\/textarea><\/span>\n\t<\/p>\n\t<p><input class=\"wpcf7-form-control wpcf7-submit has-spinner button\" type=\"submit\" value=\"G\u1eedi\" \/>\n\t<\/p>\n<\/div><div class=\"wpcf7-response-output\" aria-hidden=\"true\"><\/div>\n<\/form>\n<\/div>\n\n\t\t<\/div>\n\t\t\t\t\t<\/div>\n\n\t\n<\/div>\n","protected":false},"excerpt":{"rendered":"","protected":false},"author":2,"featured_media":10,"parent":0,"menu_order":0,"comment_status":"closed","ping_status":"closed","template":"page-blank.php","meta":{"_acf_changed":false,"footnotes":""},"class_list":["post-86","page","type-page","status-publish","has-post-thumbnail","hentry"],"acf":[],"_links":{"self":[{"href":"https:\/\/zsoftware.vn\/index.php?rest_route=\/wp\/v2\/pages\/86"}],"collection":[{"href":"https:\/\/zsoftware.vn\/index.php?rest_route=\/wp\/v2\/pages"}],"about":[{"href":"https:\/\/zsoftware.vn\/index.php?rest_route=\/wp\/v2\/types\/page"}],"author":[{"embeddable":true,"href":"https:\/\/zsoftware.vn\/index.php?rest_route=\/wp\/v2\/users\/2"}],"replies":[{"embeddable":true,"href":"https:\/\/zsoftware.vn\/index.php?rest_route=%2Fwp%2Fv2%2Fcomments&post=86"}],"version-history":[{"count":0,"href":"https:\/\/zsoftware.vn\/index.php?rest_route=\/wp\/v2\/pages\/86\/revisions"}],"wp:featuredmedia":[{"embeddable":true,"href":"https:\/\/zsoftware.vn\/index.php?rest_route=\/wp\/v2\/media\/10"}],"wp:attachment":[{"href":"https:\/\/zsoftware.vn\/index.php?rest_route=%2Fwp%2Fv2%2Fmedia&parent=86"}],"curies":[{"name":"wp","href":"https:\/\/api.w.org\/{rel}","templated":true}]}}