{"id":425,"date":"2017-12-28T06:16:04","date_gmt":"2017-12-28T06:16:04","guid":{"rendered":"http:\/\/localhost:8085\/tiki\/?post_type=product&#038;p=425"},"modified":"2017-12-28T07:26:47","modified_gmt":"2017-12-28T07:26:47","slug":"nuoc-rua-trung-tinh-yashinomi-480ml","status":"publish","type":"product","link":"https:\/\/zsoftware.vn\/?product=nuoc-rua-trung-tinh-yashinomi-480ml","title":{"rendered":"N\u01b0\u1edbc R\u1eeda Trung T\u00ednh Yashinomi (480ml)"},"content":{"rendered":"<h3 class=\"product-table-title\">Th\u00f4ng Tin Chi Ti\u1ebft<\/h3>\n<div class=\"white-panel\">\n<div class=\"attribute-table multi-table\"><\/div>\n<table id=\"chi-tiet\" class=\"table table-bordered table-detail table-striped\" cellspacing=\"0\">\n<colgroup>\n<col style=\"width: 25%;\" \/>\n<col \/> <\/colgroup>\n<tbody>\n<tr>\n<td>SKU<\/td>\n<td class=\"last\">1333222649603<\/td>\n<\/tr>\n<tr>\n<td>Th\u01b0\u01a1ng hi\u1ec7u<\/td>\n<td class=\"last\"><a href=\"http:\/\/tiki.vn\/thuong-hieu\/yashinomi.html\">Yashinomi<\/a><\/td>\n<\/tr>\n<tr>\n<td>Xu\u1ea5t x\u1ee9 th\u01b0\u01a1ng hi\u1ec7u<\/td>\n<td class=\"last\">Nh\u1eadt B\u1ea3n<\/td>\n<\/tr>\n<tr>\n<td>S\u1ea3n xu\u1ea5t t\u1ea1i<\/td>\n<td class=\"last\">Nh\u1eadt B\u1ea3n<\/td>\n<\/tr>\n<tr>\n<td>Dung t\u00edch<\/td>\n<td class=\"last\">480ml<\/td>\n<\/tr>\n<\/tbody>\n<\/table>\n<\/div>\n","protected":false},"excerpt":{"rendered":"<div id=\"manhphuc-gioi-thieu\" class=\"content-shot-description\">\n<ul>\n<li>C\u00f4ng th\u1ee9c l\u00e0nh t\u00ednh: Trung t\u00ednh, kh\u00f4ng ch\u1ee9a ph\u1ed1t pho, kh\u00f4ng \u0103n da tay, an to\u00e0n cho m\u00f4i tr\u01b0\u1eddng.<\/li>\n<li>Ph\u00e2n h\u1ee7y sinh h\u1ecdc cao: V\u1eeba r\u1eeda s\u1ea1ch c\u00e1c v\u1ebft b\u1ea9n, v\u1eeba lo\u1ea1i b\u1ecf d\u01b0 l\u01b0\u1ee3ng thu\u1ed1c tr\u1eeb s\u00e2u b\u00e1m tr\u00ean rau c\u1ee7 qu\u1ea3. C\u00f3 \u0111\u1ed9 ph\u00e2n h\u1ee7y sinh h\u1ecdc cao, an to\u00e0n cho m\u00f4i tr\u01b0\u1eddng.<\/li>\n<li>H\u01b0\u1edbng d\u1eabn s\u1eed d\u1ee5ng: Cho 2.5ml v\u00e0o 1 l\u00edt n\u01b0\u1edbc. Ng\u00e2m rau trong v\u00f2ng 2-5 ph\u00fat sau \u0111\u00f3 r\u1eeda l\u1ea1i v\u1edbi n\u01b0\u1edbc s\u1ea1ch trong 30 gi\u00e2y.<\/li>\n<\/ul>\n<\/div>\n","protected":false},"featured_media":426,"template":"","meta":{"_acf_changed":false},"product_cat":[70],"product_tag":[],"class_list":{"0":"post-425","1":"product","2":"type-product","3":"status-publish","4":"has-post-thumbnail","6":"product_cat-kho-du-lieu-mo","8":"first","9":"instock","10":"sale","11":"taxable","12":"shipping-taxable","13":"purchasable","14":"product-type-simple"},"acf":[],"_links":{"self":[{"href":"https:\/\/zsoftware.vn\/index.php?rest_route=\/wp\/v2\/product\/425"}],"collection":[{"href":"https:\/\/zsoftware.vn\/index.php?rest_route=\/wp\/v2\/product"}],"about":[{"href":"https:\/\/zsoftware.vn\/index.php?rest_route=\/wp\/v2\/types\/product"}],"wp:featuredmedia":[{"embeddable":true,"href":"https:\/\/zsoftware.vn\/index.php?rest_route=\/wp\/v2\/media\/426"}],"wp:attachment":[{"href":"https:\/\/zsoftware.vn\/index.php?rest_route=%2Fwp%2Fv2%2Fmedia&parent=425"}],"wp:term":[{"taxonomy":"product_cat","embeddable":true,"href":"https:\/\/zsoftware.vn\/index.php?rest_route=%2Fwp%2Fv2%2Fproduct_cat&post=425"},{"taxonomy":"product_tag","embeddable":true,"href":"https:\/\/zsoftware.vn\/index.php?rest_route=%2Fwp%2Fv2%2Fproduct_tag&post=425"}],"curies":[{"name":"wp","href":"https:\/\/api.w.org\/{rel}","templated":true}]}}