{"id":445,"date":"2017-12-29T14:26:26","date_gmt":"2017-12-29T14:26:26","guid":{"rendered":"http:\/\/localhost:8085\/tiki\/?post_type=product&#038;p=445"},"modified":"2024-09-09T23:19:22","modified_gmt":"2024-09-09T16:19:22","slug":"bikini-2-manh-monica-phoi-day-bi-2033-xanh-trang","status":"publish","type":"product","link":"https:\/\/zsoftware.vn\/?product=bikini-2-manh-monica-phoi-day-bi-2033-xanh-trang","title":{"rendered":"Bikini 2 M\u1ea3nh Monica Ph\u1ed1i D\u00e2y BI 2033 &#8211; Xanh Tr\u1eafng"},"content":{"rendered":"<div class=\"left\">\n<h3 class=\"product-table-title\">Th\u00f4ng Tin Chi Ti\u1ebft<\/h3>\n<div class=\"white-panel\">\n<div class=\"attribute-table multi-table\"><\/div>\n<table id=\"chi-tiet\" class=\"table table-bordered table-detail table-striped\" cellspacing=\"0\">\n<colgroup>\n<col style=\"width: 25%;\" \/>\n<col \/> <\/colgroup>\n<tbody>\n<tr>\n<td>SKU<\/td>\n<td class=\"last\">1151799663293<\/td>\n<\/tr>\n<tr>\n<td>Th\u01b0\u01a1ng hi\u1ec7u<\/td>\n<td class=\"last\"><a href=\"http:\/\/tiki.vn\/thuong-hieu\/monica.html\">Monica<\/a><\/td>\n<\/tr>\n<tr>\n<td>Xu\u1ea5t x\u1ee9 th\u01b0\u01a1ng hi\u1ec7u<\/td>\n<td class=\"last\">Vi\u1ec7t Nam<\/td>\n<\/tr>\n<tr>\n<td>S\u1ea3n xu\u1ea5t t\u1ea1i<\/td>\n<td class=\"last\">Vi\u1ec7t Nam<\/td>\n<\/tr>\n<tr>\n<td>Model<\/td>\n<td class=\"last\">BI 2033<\/td>\n<\/tr>\n<tr>\n<td>M\u00e0u<\/td>\n<td class=\"last\">Xanh &#8211; Tr\u1eafng<\/td>\n<\/tr>\n<tr>\n<td>Ch\u1ea5t li\u1ec7u<\/td>\n<td class=\"last\">Thun co gi\u00e3n<\/td>\n<\/tr>\n<tr>\n<td>Quy c\u00e1ch \u0111\u00f3ng g\u00f3i<\/td>\n<td class=\"last\">1 x A\u0301o, 1 x Qu\u00e2\u0300n<\/td>\n<\/tr>\n<\/tbody>\n<\/table>\n<\/div>\n<h3 class=\"product-table-title\">M\u00f4 T\u1ea3 S\u1ea3n Ph\u1ea9m<\/h3>\n<div class=\"white-panel\">\n<div class=\"product-description\">\n<div class=\"product-content-detail\">\n<div id=\"gioi-thieu\" class=\"content js-content expand\">\n<ul>\n<li><strong>Bikini 2 M\u1ea3nh Monica Ph\u1ed1i D\u00e2y BI 2033 &#8211; Xanh Tr\u1eafng <\/strong>gi\u00fap c\u00e1c b\u1ea1n n\u1eef t\u00f4n l\u00ean \u0111\u01b0\u1eddng cong hi\u1ec7u qu\u1ea3 nh\u1edd v\u00e0o thi\u1ebft k\u1ebf tre\u0309 trung,v\u01b0\u0300a k\u00edn \u0111\u00e1o nh\u01b0ng cu\u0303ng v\u01b0\u0300a g\u01a1\u0323i ca\u0309m, khoe kh\u00e9o \u0111\u00f4i ch\u00e2n thon d\u00e0i.<\/li>\n<li>Nh\u01a1\u0300 v\u00e0o thi\u00ea\u0301t k\u00ea\u0301 tinh t\u00ea\u0301 v\u00e0 m\u00e0u s\u0103\u0301c t\u01b0\u01a1i m\u01a1\u0301i, bikini gi\u00fap c\u00e1c ba\u0323n n\u01b0\u0303 to\u00e1t l\u00ean h\u01a1i th\u01a1\u0309 cu\u0309a tu\u00f4\u0309i tre\u0309 v\u00e0 l\u00e0 tr\u01a1\u0323 thu\u0309 \u0111\u0103\u0301c l\u01b0\u0323c trong m\u00f9a h\u00e8 n\u00e0y.<\/li>\n<li>\u01afu \u0111i\u00ea\u0309m khi\u00ea\u0301n bikini Monica tr\u01a1\u0309 n\u00ean th\u00e2n thi\u00ea\u0301t v\u01a1\u0301i c\u00e1c ba\u0323n g\u00e1i nh\u1edd ch\u1ea5t li\u1ec7u thun cao c\u1ea5p nh\u1eadp t\u1eeb H\u00e0n Qu\u1ed1c, \u0111\u1ed9 co gi\u00e3n v\u00e0 \u0111\u00e0n h\u1ed3i t\u1ed1t \u0111\u1ec3 b\u1ea1n linh ho\u1ea1t v\u00e0 tho\u1ea3i m\u00e1i khi ho\u1ea1t \u0111\u1ed9ng d\u01b0\u1edbi n\u01b0\u1edbc.<\/li>\n<li>D\u1ec5 gi\u1eb7t, nhanh kh\u00f4, ti\u1ebft ki\u1ec7m nhi\u1ec1u th\u1eddi gian gi\u1eb7t gi\u0169.<\/li>\n<li>Thi\u1ebft k\u1ebf th\u1eddi trang, gi\u00fap c\u00e1c b\u1ea1n n\u1eef khoe v\u1ebb n\u00f3ng b\u1ecfng, quy\u1ebfn r\u0169 khi m\u1eb7c.<\/li>\n<li>M\u00fat \u0111\u1ec7m ng\u1ef1c \u00eam \u00e1i, thoa\u0309i m\u00e1i khi v\u00e2\u0323n \u0111\u00f4\u0323ng.<\/li>\n<li>C\u00f3 th\u1ec3 ph\u1ed1i c\u00f9ng \u00e1o kho\u00e1c l\u01b0\u1edbi, <a href=\"#\">d\u00e9p<\/a> l\u00ea hay n\u00f3n r\u1ed9ng v\u00e0nh \u0111\u1ec3 t\u1ea1o n\u00ean phong c\u00e1ch \u0111i bi\u1ec3n c\u1ee7a ri\u00eang b\u1ea1n.<\/li>\n<\/ul>\n<\/div>\n<p class=\"show-more\"><a class=\"js-show-more\" style=\"display: none;\" title=\"Xem Th\u00eam N\u1ed9i Dung\" href=\"#\">Xem Th\u00eam N\u1ed9i Dung<\/a><\/p>\n<\/div>\n<\/div>\n<\/div>\n<\/div>\n","protected":false},"excerpt":{"rendered":"<p>Thi\u1ebft k\u1ebf tinh t\u1ebf v\u00e0 tr\u1ebb trung<\/p>\n<p>M\u00e0u s\u1eafc \u0111\u1ed9c \u0111\u00e1o<\/p>\n<p>Thun cao c\u1ea5p H\u00e0n Qu\u1ed1c<\/p>\n<p>M\u00fat \u0111\u1ec7m ng\u1ef1c \u00eam \u00e1i<\/p>\n<p>Ch\u1ea5t l\u01b0\u1ee3ng l\u00e2u b\u1ec1n<\/p>\n","protected":false},"featured_media":1040,"template":"","meta":{"_acf_changed":false},"product_cat":[70],"product_tag":[],"class_list":{"0":"post-445","1":"product","2":"type-product","3":"status-publish","4":"has-post-thumbnail","6":"product_cat-kho-du-lieu-mo","8":"first","9":"instock","10":"sale","11":"taxable","12":"shipping-taxable","13":"purchasable","14":"product-type-simple"},"acf":[],"_links":{"self":[{"href":"https:\/\/zsoftware.vn\/index.php?rest_route=\/wp\/v2\/product\/445"}],"collection":[{"href":"https:\/\/zsoftware.vn\/index.php?rest_route=\/wp\/v2\/product"}],"about":[{"href":"https:\/\/zsoftware.vn\/index.php?rest_route=\/wp\/v2\/types\/product"}],"wp:featuredmedia":[{"embeddable":true,"href":"https:\/\/zsoftware.vn\/index.php?rest_route=\/wp\/v2\/media\/1040"}],"wp:attachment":[{"href":"https:\/\/zsoftware.vn\/index.php?rest_route=%2Fwp%2Fv2%2Fmedia&parent=445"}],"wp:term":[{"taxonomy":"product_cat","embeddable":true,"href":"https:\/\/zsoftware.vn\/index.php?rest_route=%2Fwp%2Fv2%2Fproduct_cat&post=445"},{"taxonomy":"product_tag","embeddable":true,"href":"https:\/\/zsoftware.vn\/index.php?rest_route=%2Fwp%2Fv2%2Fproduct_tag&post=445"}],"curies":[{"name":"wp","href":"https:\/\/api.w.org\/{rel}","templated":true}]}}