{"id":450,"date":"2017-12-29T14:38:59","date_gmt":"2017-12-29T14:38:59","guid":{"rendered":"http:\/\/localhost:8085\/tiki\/?post_type=product&#038;p=450"},"modified":"2017-12-29T14:41:58","modified_gmt":"2017-12-29T14:41:58","slug":"may-anh-fujifilm-instax-mini-8-vang","status":"publish","type":"product","link":"https:\/\/zsoftware.vn\/?product=may-anh-fujifilm-instax-mini-8-vang","title":{"rendered":"M\u00e1y \u1ea2nh Fujifilm Instax Mini 8 &#8211; V\u00e0ng"},"content":{"rendered":"<div class=\"left\">\n<h3 class=\"product-table-title\">Th\u00f4ng Tin Chi Ti\u1ebft<\/h3>\n<div class=\"white-panel\">\n<div class=\"attribute-table single-table\"><\/div>\n<table id=\"chi-tiet\" class=\"table table-bordered table-detail table-striped\" cellspacing=\"0\">\n<colgroup>\n<col style=\"width: 25%;\" \/>\n<col \/> <\/colgroup>\n<tbody>\n<tr>\n<td>B\u1ed9 c\u1ea3m bi\u1ebfn \u1ea3nh<\/td>\n<td class=\"last\">CMOS APS-C<\/td>\n<\/tr>\n<tr>\n<td>\u1ed0ng k\u00ednh<\/td>\n<td class=\"last\">Fujinon<\/td>\n<\/tr>\n<tr>\n<td>SKU<\/td>\n<td class=\"last\">2985745147273<\/td>\n<\/tr>\n<tr>\n<td>Th\u01b0\u01a1ng hi\u1ec7u<\/td>\n<td class=\"last\"><a href=\"http:\/\/tiki.vn\/thuong-hieu\/fujifilm.html\">Fujifilm<\/a><\/td>\n<\/tr>\n<tr>\n<td>S\u1ea3n xu\u1ea5t t\u1ea1i<\/td>\n<td class=\"last\">Trung Qu\u1ed1c<\/td>\n<\/tr>\n<tr>\n<td>Tr\u1ecdng l\u01b0\u1ee3ng<\/td>\n<td class=\"last\">307g<\/td>\n<\/tr>\n<tr>\n<td>K\u00edch th\u01b0\u1edbc<\/td>\n<td class=\"last\">(D x R x C) 11.6 x 11.83 x 6.82 cm<\/td>\n<\/tr>\n<tr>\n<td>M\u00e0u<\/td>\n<td class=\"last\">COBALT BLUE<\/td>\n<\/tr>\n<tr>\n<td>Ph\u1ee5 ki\u1ec7n \u0111i k\u00e8m<\/td>\n<td class=\"last\">\n<ul>\n<li>Th\u00e2n M\u00e1y<\/li>\n<li>D\u00e2y \u0111eo tay<\/li>\n<li>2 pin CR2<\/li>\n<li>S\u00e1ch h\u01b0\u1edbng d\u1eabn, phi\u1ebfu b\u1ea3o h\u00e0nh<\/li>\n<\/ul>\n<\/td>\n<\/tr>\n<\/tbody>\n<\/table>\n<\/div>\n<h3 class=\"product-table-title\">M\u00f4 T\u1ea3 S\u1ea3n Ph\u1ea9m<\/h3>\n<div class=\"white-panel\">\n<div class=\"product-description\">\n<div class=\"product-content-detail\">\n<div id=\"gioi-thieu\" class=\"content js-content expand\" style=\"max-height: none;\">\n<h5><strong> Thi\u1ebft k\u1ebf tr\u1ebb trung, hi\u1ec7n \u0111\u1ea1i <\/strong><\/h5>\n<p><strong> <a href=\"https:\/\/tiki.vn\/may-anh\/c1801\">M\u00e1y \u1ea2nh<\/a> Selfie L\u1ea5y Li\u1ec1n Fujifilm Instax Mini 9 <\/strong> \u0111\u01b0\u1ee3c thi\u1ebft k\u1ebf nh\u1ecf g\u1ecdn, v\u1edbi v\u1ebb ngo\u00e0i c\u1ef1c &#8220;cute&#8221; v\u00e0 c\u1ef1c &#8220;cool&#8221;. S\u1edf h\u1eefu ngo\u1ea1i h\u00ecnh v\u1edbi \u0111\u01b0\u1eddng cong kh\u1ecfe kho\u1eafn, m\u1ea1nh m\u1ebd nh\u01b0ng kh\u00e1 ng\u1ed9 ngh\u0129nh v\u00e0 \u0111\u00e1ng y\u00eau. Nh\u1ecf g\u1ecdn v\u00e0 tr\u1ecdng l\u01b0\u1ee3ng si\u00eau nh\u1eb9 m\u00e1y th\u00edch h\u1ee3p cho vi\u1ec7c mang theo b\u00ean m\u00ecnh khi ch\u01a1i hay \u0111i du l\u1ecbch m\u00e0 kh\u00f4ng h\u1ec1 g\u1eb7p b\u1ea5t k\u1ef3 kh\u00f3 kh\u0103n n\u00e0o. M\u00e1y v\u1edbi nhi\u1ec1u m\u00e0u s\u1eafc b\u1eaft m\u1eaft c\u00f9ng v\u1edbi ki\u1ec3u d\u00e1ng hi\u1ec7n \u0111\u1ea1i, l\u1ea1 m\u1eaft c\u00f2n l\u00e0 m\u00f3n ph\u1ee5 ki\u1ec7n \u0111\u1ec3 b\u1ea1n tha h\u1ed3 mix v\u1edbi nh\u1eefng b\u1ed9 c\u00e1nh th\u1eddi trang, \u0111\u1ec3 b\u1ea1n t\u1ef1 tin xu\u1ed1ng ph\u1ed1 v\u00e0 tha h\u1ed3 th\u1ec3 hi\u1ec7n c\u00e1 t\u00ednh th\u1eddi trang c\u1ee7a m\u00ecnh.<\/p>\n<h5><strong>D\u00e0nh cho nh\u1eefng t\u00edn \u0111\u1ed3 Selfie<\/strong><\/h5>\n<p>N\u1eafm b\u1eaft \u0111\u01b0\u1ee3c nhu c\u1ea7u ch\u1ee5p \u1ea3nh Selfie c\u1ee7a c\u00e1c b\u1ea1n tr\u1ebb, Fujifilm Instax Mini 9 \u0111\u00e3 \u0111\u01b0\u1ee3c t\u00edch h\u1ee3p m\u1ed9t c\u00e1i g\u01b0\u01a1ng nh\u1ecf t\u00ed ti \u0111\u1ec3 b\u1ea1n c\u00f3 th\u1ec3 canh khung chu\u1ea9n h\u01a1n khi ch\u1ee5p h\u00ecnh.<\/p>\n<h5><strong>Ch\u1ea5t l\u01b0\u1ee3ng h\u00ecnh \u1ea3nh tuy\u1ec7t v\u1eddi<\/strong><\/h5>\n<p>Nh\u1eefng t\u1ea5m h\u00ecnh nho nh\u1ecf ch\u1ec9 b\u1eb1ng nh\u1eefng chi\u1ebfc th\u1ebb ATM nh\u01b0ng h\u00ecnh \u1ea3nh \u0111\u01b0\u1ee3c th\u1ec3 hi\u1ec7n r\u00f5 n\u00e9t, m\u00e0u s\u1eafc ch\u00e2n th\u1ef1c, t\u01b0\u01a1i s\u00e1ng. Fujifilm Instax 9s cho ch\u1ea5t l\u01b0\u1ee3ng h\u00ecnh \u1ea3nh tuy\u1ec7t v\u1eddi, gi\u00fap b\u1ea1n l\u01b0u gi\u1eef nh\u1eefng kho\u1ea3nh kh\u1eafc \u0111\u1eb9p nh\u1ea5t c\u1ee7a m\u00ecnh v\u1edbi ng\u01b0\u1eddi th\u00e2n v\u00e0 b\u1ea1n b\u00e8.<\/p>\n<h5><strong>Ch\u1ee5p h\u00ecnh d\u1ec5 d\u00e0ng ch\u1ec9 v\u1edbi v\u00e0i thao t\u00e1c<\/strong><\/h5>\n<p>M\u00e1y nh\u1ecf g\u1ecdn, v\u1eeba v\u1eb7n l\u00f2ng b\u00e0n tay, thi\u1ebft k\u1ebf d\u1ec5 d\u00e0ng \u0111i\u1ec1u ch\u1ec9nh khi ch\u1ee5p h\u00ecnh.\u00a0V\u1edbi \u0111\u00e8n Flash t\u00edch h\u1ee3p t\u1ef1 \u0111\u1ed9ng c\u00f9ng b\u00e1nh xe \u0111i\u1ec1u ch\u1ec9nh \u0111i\u1ec1u ki\u1ec7n ch\u1ee5p,\u00a0m\u00e1y \u1ea3nh gi\u00fap b\u1ea1n ch\u1ee5p \u1ea3nh d\u1ec5 d\u00e0ng v\u00e0 nhanh ch\u00f3ng. Ho\u1ea1t \u0111\u1ed9ng \u0111\u01a1n gi\u1ea3n ch\u1ec9 v\u1edbi 3 b\u01b0\u1edbc. Ch\u1ec9 c\u1ea7n nh\u1ea5n n\u00fat b\u00ean c\u1ea1nh <a href=\"http:\/\/tiki.vn\/ong-kinh-lens-may-anh\/c2757\">\u1ed1ng k\u00ednh<\/a> \u0111\u1ec3 ho\u1ea1t \u0111\u1ed9ng v\u00e0 sau \u0111\u00f3 \u0111i\u1ec1u ch\u1ec9nh quay s\u1ed1 \u0111\u1ebfn v\u1ecb tr\u00ed \u00e1nh s\u00e1ng ph\u00f9 h\u1ee3p v\u1edbi s\u1edf th\u00edch v\u00e0 \u0111i\u1ec1u ki\u1ec7n ch\u1ee5p. V\u00e0 b\u00e2y gi\u1edd l\u00e0 ng\u1eafm \u1ed1ng k\u00ednh v\u00e0 ghi l\u1ea1i kho\u1ea3nh kh\u1eafc \u0111\u1eb9p nh\u1ea5t c\u1ee7a b\u1ea1n.<\/p>\n<h5><strong>In h\u00ecnh trong gi\u00e2y l\u00e1t<\/strong><\/h5>\n<p>Trong t\u00edch t\u1eafc \u1ea3nh c\u1ee7a b\u1ea1n s\u1ebd hi\u1ec7n ra h\u1ebft s\u1ee9c \u0111\u1eb9p m\u1eaft v\u00e0 ngo\u1ea1n m\u1ee5c. \u0110\u1eebng b\u1ecf l\u1ee1 b\u1ea5t c\u1ee9 gi\u00e2y ph\u00fat qu\u00fd gi\u00e1, h\u00e0i h\u01b0\u1edbc n\u00e0o c\u1ee7a ng\u01b0\u1eddi m\u00e0 b\u1ea1n qu\u00fd m\u1ebfn hay c\u1ea3nh s\u1eafc thi\u00ean nhi\u00ean quanh m\u00ecnh. V\u1edbi t\u00ednh n\u0103ng in h\u00ecnh trong gi\u00e2y l\u00e1t b\u1ea1n c\u00f3 th\u1ec3 th\u01b0\u1edfng th\u1ee9c nh\u1eefng b\u1ee9c h\u00ecnh c\u1ee7a m\u00ecnh ngay sau khi ch\u1ee5p m\u00e0 ch\u1ea5t l\u01b0\u1ee3ng h\u00ecnh \u1ea3nh v\u1eabn kh\u00f4ng h\u1ec1 thay \u0111\u1ed5i.<\/p>\n<h5><strong>Nhi\u1ec1u ch\u1ebf \u0111\u1ed9 ch\u1ee5p h\u00ecnh \u0111\u01b0\u1ee3c c\u00e0i \u0111\u1eb7t s\u1eb5n<\/strong><\/h5>\n<p>V\u1edbi nhi\u1ec1u ch\u1ebf \u0111\u1ed9 ch\u1ee5p h\u00ecnh \u0111\u01b0\u1ee3c c\u00e0i \u0111\u1eb7t s\u1eb5n nh\u01b0: ch\u1ee5p trong nh\u00e0, ch\u1ee5p ngo\u00e0i tr\u1eddi, c\u00f3 m\u00e2y, c\u00f3 n\u1eafng nh\u1eb9, b\u1ea1n c\u00f3 th\u1ec3 tha h\u1ed3 l\u1ef1a ch\u1ecdn \u0111i\u1ec1u ki\u1ec7n ch\u1ee5p h\u00ecnh \u0111\u1ec3 c\u00f3 nh\u1eefng\u00a0b\u1ee9c h\u00ecnh c\u1ef1c \u0111\u1eb9p. Ch\u1ec9 trong t\u00edch t\u1eafc b\u1ea1n s\u1ebd c\u00f3 m\u1ed9t b\u1ee9c \u1ea3nh v\u00f4 c\u00f9ng l\u00e3ng m\u1ea1ng d\u01b0\u1edbi \u00e1nh n\u1eafng nh\u00e8 nh\u1eb9, hay nh\u1eefng b\u1ee9c \u1ea3nh v\u1edbi b\u1ea7u tr\u1eddi \u0111\u1ea7y m\u00e2y&#8230;<\/p>\n<p>&nbsp;<\/p>\n<h5><strong>\u0110i\u1ec1u ch\u1ec9nh \u0111\u1ed9 s\u00e1ng t\u1ef1 \u0111\u1ed9ng<\/strong><\/h5>\n<p>M\u00e1y \u1ea3nh t\u1ef1 \u0111\u1ed9ng \u0111i\u1ec1u ch\u1ec9nh \u0111\u1ed9 s\u00e1ng t\u1ed1t nh\u1ea5t cho b\u1ea1n ch\u1ee5p \u0111\u01b0\u1ee3c nh\u1eefng b\u1ee9c \u1ea3nh \u0111\u1eb9p nh\u1ea5t, v\u00e0 th\u00f4ng b\u00e1o cho b\u1ea1n bi\u1ebft b\u1eb1ng c\u00e1ch chi\u1ebfu s\u00e1ng bi\u1ec3u t\u01b0\u1ee3ng t\u01b0\u01a1ng \u1ee9ng v\u1edbi \u0111\u1ed9 s\u00e1ng kh\u00e1c nhau. \u0110i\u1ec1u ch\u1ec9nh \u1ea3nh s\u00e1ng t\u1ef1 \u0111\u1ed9ng gi\u00fap b\u1ea1n c\u00f3 th\u1ec3 l\u00e0m n\u1ed5i b\u1eadt h\u00ecnh \u1ea3nh ch\u00ednh trong t\u1ed5ng th\u1ec3 m\u1ed9t b\u1ee9c h\u00ecnh.<\/p>\n<p>&nbsp;<\/p>\n<h5><strong>S\u1eed d\u1ee5ng pin AA ti\u1ec7n d\u1ee5ng<\/strong><\/h5>\n<p>M\u00e1y \u1ea3nh s\u1eed d\u1ee5ng 2 pin AA b\u1ea1n c\u00f3 th\u1ec3 mua \u1edf b\u1ea5t k\u1ef3 ti\u1ec7m \u0111i\u1ec7n t\u1eed n\u00e0o. \u0110i\u1ec1u n\u00e0y kh\u00e1 thu\u1eadn l\u1ee3i cho b\u1ea1n khi \u0111i du l\u1ecbch hay \u0111i ch\u01a1i m\u00e0 kh\u00f4ng c\u1ea7n ph\u1ea3i lo \u0111\u1ebfn vi\u1ec7c s\u1ea1c pin v\u00e0 mang theo nhi\u1ec1u ph\u1ee5 ki\u1ec7n s\u1ea1c r\u1eafc r\u1ed1i.<\/p>\n<\/div>\n<p class=\"show-more\"><a class=\"js-show-more\" title=\"Xem Th\u00eam N\u1ed9i Dung\" href=\"#\">Thu G\u1ecdn N\u1ed9i Dung<\/a><\/p>\n<\/div>\n<\/div>\n<\/div>\n<\/div>\n","protected":false},"excerpt":{"rendered":"<p>Thi\u1ebft k\u1ebf ng\u1ed9 ngh\u0129nh, \u0111\u00e1ng y\u00eau<\/p>\n<p>T\u00edch h\u1ee3p g\u01b0\u01a1ng Selfie cho c\u00e1c t\u00edn \u0111\u1ed3 m\u00ea ch\u1ee5p \u1ea3nh<\/p>\n<p>H\u00ecnh \u1ea3nh ch\u00e2n th\u1ef1c, r\u00f5 n\u00e9t<\/p>\n<p>Nhi\u1ec1u ch\u1ebf \u0111\u1ed9 ch\u1ee5p h\u00ecnh \u0111\u01b0\u1ee3c c\u00e0i \u0111\u1eb7t s\u1eb5n<\/p>\n<p>S\u1eed d\u1ee5ng pin AA ti\u1ec7n d\u1ee5ng<\/p>\n","protected":false},"featured_media":451,"template":"","meta":{"_acf_changed":false},"product_cat":[74],"product_tag":[],"class_list":{"0":"post-450","1":"product","2":"type-product","3":"status-publish","4":"has-post-thumbnail","6":"product_cat-phan-mem-quan-ly-nhan-su","8":"first","9":"instock","10":"sale","11":"taxable","12":"shipping-taxable","13":"purchasable","14":"product-type-simple"},"acf":[],"_links":{"self":[{"href":"https:\/\/zsoftware.vn\/index.php?rest_route=\/wp\/v2\/product\/450"}],"collection":[{"href":"https:\/\/zsoftware.vn\/index.php?rest_route=\/wp\/v2\/product"}],"about":[{"href":"https:\/\/zsoftware.vn\/index.php?rest_route=\/wp\/v2\/types\/product"}],"wp:featuredmedia":[{"embeddable":true,"href":"https:\/\/zsoftware.vn\/index.php?rest_route=\/wp\/v2\/media\/451"}],"wp:attachment":[{"href":"https:\/\/zsoftware.vn\/index.php?rest_route=%2Fwp%2Fv2%2Fmedia&parent=450"}],"wp:term":[{"taxonomy":"product_cat","embeddable":true,"href":"https:\/\/zsoftware.vn\/index.php?rest_route=%2Fwp%2Fv2%2Fproduct_cat&post=450"},{"taxonomy":"product_tag","embeddable":true,"href":"https:\/\/zsoftware.vn\/index.php?rest_route=%2Fwp%2Fv2%2Fproduct_tag&post=450"}],"curies":[{"name":"wp","href":"https:\/\/api.w.org\/{rel}","templated":true}]}}