{"id":455,"date":"2017-12-29T14:47:02","date_gmt":"2017-12-29T14:47:02","guid":{"rendered":"http:\/\/localhost:8085\/tiki\/?post_type=product&#038;p=455"},"modified":"2024-09-09T23:19:38","modified_gmt":"2024-09-09T16:19:38","slug":"dien-thoai-oppo-r7s-hang-chinh-hang","status":"publish","type":"product","link":"https:\/\/zsoftware.vn\/?product=dien-thoai-oppo-r7s-hang-chinh-hang","title":{"rendered":"\u0110i\u1ec7n Tho\u1ea1i OPPO R7s &#8211; H\u00e0ng Ch\u00ednh H\u00e3ng"},"content":{"rendered":"<div class=\"left\">\n<h3 class=\"product-table-title\">Th\u00f4ng Tin Chi Ti\u1ebft<\/h3>\n<div class=\"white-panel\">\n<div class=\"attribute-table multi-table\"><\/div>\n<table id=\"chi-tiet\" class=\"table table-bordered table-detail table-striped\" cellspacing=\"0\">\n<colgroup>\n<col style=\"width: 25%;\" \/>\n<col \/> <\/colgroup>\n<tbody>\n<tr>\n<td>Th\u01b0\u01a1ng hi\u1ec7u<\/td>\n<td class=\"last\"><a href=\"http:\/\/tiki.vn\/thuong-hieu\/oppo.html\">OPPO<\/a><\/td>\n<\/tr>\n<tr>\n<td>Model<\/td>\n<td class=\"last\">R7s<\/td>\n<\/tr>\n<tr>\n<td>Ph\u1ee5 ki\u1ec7n \u0111i k\u00e8m<\/td>\n<td class=\"last\">H\u1ed9p, S\u1ea1c, Tai nghe, S\u00e1ch h\u01b0\u1edbng d\u1eabn, C\u00e2y l\u1ea5y sim<\/td>\n<\/tr>\n<tr>\n<td>Lo\u1ea1i \/ C\u00f4ng ngh\u1ec7 m\u00e0n h\u00ecnh<\/td>\n<td class=\"last\">AMOLED<\/td>\n<\/tr>\n<tr>\n<td>K\u00edch th\u01b0\u1edbc m\u00e0n h\u00ecnh<\/td>\n<td class=\"last\">5.5 inch<\/td>\n<\/tr>\n<tr>\n<td>\u0110\u1ed9 ph\u00e2n gi\u1ea3i m\u00e0n h\u00ecnh<\/td>\n<td class=\"last\">Full HD (1920 x 1080)<\/td>\n<\/tr>\n<tr>\n<td>Camera tr\u01b0\u1edbc<\/td>\n<td class=\"last\">8MP<\/td>\n<\/tr>\n<tr>\n<td>Camera sau<\/td>\n<td class=\"last\">13MP<\/td>\n<\/tr>\n<tr>\n<td>T\u00ednh n\u0103ng camera<\/td>\n<td class=\"last\">T\u1ef1 \u0111\u1ed9ng l\u1ea5y n\u00e9t, Ch\u1ea1m l\u1ea5y n\u00e9t, Nh\u1eadn di\u1ec7n khu\u00f4n m\u1eb7t, HDR, Panorama<\/td>\n<\/tr>\n<tr>\n<td>\u0110\u00e8n Flash<\/td>\n<td class=\"last\">C\u00f3<\/td>\n<\/tr>\n<tr>\n<td>Videocall<\/td>\n<td class=\"last\">H\u1ed7 tr\u1ee3 g\u1ecdi videocall th\u00f4ng qua \u1ee9ng d\u1ee5ng<\/td>\n<\/tr>\n<tr>\n<td>Quay phim<\/td>\n<td class=\"last\">Quay phim FullHD 1080p@30fps<\/td>\n<\/tr>\n<tr>\n<td>B\u1ed9 Nh\u1edb RAM<\/td>\n<td class=\"last\">4GB<\/td>\n<\/tr>\n<tr>\n<td>B\u1ed9 nh\u1edb trong (ROM)<\/td>\n<td class=\"last\">32GB<\/td>\n<\/tr>\n<tr>\n<td>B\u1ed9 nh\u1edb c\u00f2n l\u1ea1i (kh\u1ea3 d\u1ee5ng)<\/td>\n<td class=\"last\">23.22 GB<\/td>\n<\/tr>\n<tr>\n<td>Tr\u1ecdng l\u01b0\u1ee3ng<\/td>\n<td class=\"last\">155g<\/td>\n<\/tr>\n<tr>\n<td>K\u00edch th\u01b0\u1edbc<\/td>\n<td class=\"last\">151.8 mm x 75.4 mm x 6.95 mm<\/td>\n<\/tr>\n<tr>\n<td>T\u00ean chip<\/td>\n<td class=\"last\">Qualcomm Snapdragon 615 8 nh\u00e2n 64-bit<\/td>\n<\/tr>\n<tr>\n<td>T\u1ed1c \u0111\u1ed9 chip (GHz)<\/td>\n<td class=\"last\">Quad-core 1.5 GHz + Quad-core 1 GHz<\/td>\n<\/tr>\n<tr>\n<td>Lo\u1ea1i l\u00f5i chip<\/td>\n<td class=\"last\">8 Nh\u00e2n<\/td>\n<\/tr>\n<tr>\n<td>H\u1ec7 \u0111i\u1ec1u h\u00e0nh<\/td>\n<td class=\"last\">Android 5.1 Lollipop<\/td>\n<\/tr>\n<tr>\n<td>Dung l\u01b0\u1ee3ng pin (mAh)<\/td>\n<td class=\"last\">3070 mAh Li-Po Battery (Kh\u00f4ng th\u1ec3 th\u00e1o r\u1eddi)<\/td>\n<\/tr>\n<tr>\n<td>Lo\u1ea1i pin<\/td>\n<td class=\"last\">Pin chu\u1ea9n Li-Po<\/td>\n<\/tr>\n<tr>\n<td>K\u1ebft n\u1ed1i d\u1eef li\u1ec7u<\/td>\n<td class=\"last\">Bluetooth, 3G, GPRS, 4G<\/td>\n<\/tr>\n<tr>\n<td>H\u00f4\u0303 tr\u01a1\u0323 4G<\/td>\n<td class=\"last\">LTE Cat 4<\/td>\n<\/tr>\n<tr>\n<td>Lo\u1ea1i Sim<\/td>\n<td class=\"last\">Nano SIM &amp; Micro SIM<\/td>\n<\/tr>\n<tr>\n<td>S\u1ed1 khe sim<\/td>\n<td class=\"last\">2<\/td>\n<\/tr>\n<tr>\n<td>Wifi<\/td>\n<td class=\"last\">Wi-Fi 802.11 a\/b\/g\/n\/ac, Wi-Fi Direct, Wi-Fi hotspot<\/td>\n<\/tr>\n<tr>\n<td>GPS<\/td>\n<td class=\"last\">A-GPS, GLONASS<\/td>\n<\/tr>\n<tr>\n<td>Bluetooth<\/td>\n<td class=\"last\">V4.0, A2DP<\/td>\n<\/tr>\n<tr>\n<td>C\u1ed5ng s\u1ea1c<\/td>\n<td class=\"last\">Micro USB<\/td>\n<\/tr>\n<tr>\n<td>Jack tai nghe<\/td>\n<td class=\"last\">3.5mm<\/td>\n<\/tr>\n<tr>\n<td>Xem phim<\/td>\n<td class=\"last\">MP4, H.264(MPEG4-AVC)<\/td>\n<\/tr>\n<tr>\n<td>Nghe nh\u1ea1c<\/td>\n<td class=\"last\">MP3, WAV, eAAC+, FLAC<\/td>\n<\/tr>\n<tr>\n<td>Ghi \u00e2m<\/td>\n<td class=\"last\">C\u00f3, microphone chuy\u00ean d\u1ee5ng ch\u1ed1ng \u1ed3n<\/td>\n<\/tr>\n<tr>\n<td>FM radio<\/td>\n<td class=\"last\">Kh\u00f4ng<\/td>\n<\/tr>\n<tr>\n<td>SKU<\/td>\n<td class=\"last\">5805183616629<\/td>\n<\/tr>\n<\/tbody>\n<\/table>\n<\/div>\n<h3 class=\"product-table-title\">M\u00f4 T\u1ea3 S\u1ea3n Ph\u1ea9m<\/h3>\n<div class=\"white-panel\">\n<div class=\"product-description\">\n<div class=\"product-content-detail\">\n<div id=\"gioi-thieu\" class=\"content js-content expand\" style=\"max-height: none;\">\n<h5><strong style=\"font-size: 12px;\">Pin kh\u1ee7ng &#8211; s\u1ea1c nhanh<\/strong><\/h5>\n<p>\u0110i\u1ec7n tho\u1ea1i OPPO R7s \u0111\u01b0\u1ee3c trang b\u1ecb vi\u00ean pin 3070 mAh cho b\u1ea1n th\u1ecfa th\u00edch x\u00e0i \u0111i\u1ec7n tho\u1ea1i c\u1ea3 ng\u00e0y. B\u00ean c\u1ea1nh \u0111\u00f3, nh\u1edd c\u00f4ng ngh\u1ec7 s\u1ea1c nhanh Vooc gi\u00fap b\u1ea1n y\u00ean t\u00e2m s\u1eed d\u1ee5ng \u0111i\u1ec7n tho\u1ea1i trong nh\u1eefng chuy\u1ebfn \u0111i. Ch\u1ec9 c\u1ea7n s\u1ea1c 5 ph\u00fat l\u00e0 b\u1ea1n c\u00f3 th\u1ec3 s\u1eed d\u1ee5ng 2 gi\u1edd li\u00ean l\u1ea1c ngay l\u1eadp t\u1ee9c.<\/p>\n<p style=\"text-align: center;\"><img loading=\"lazy\" decoding=\"async\" style=\"display: block;\" title=\"\u0110i\u1ec7n Tho\u1ea1i OPPO R7s - H\u00e0ng Ch\u00ednh H\u00e3ng\" src=\"https:\/\/tikicdn.com\/media\/catalog\/product\/o\/p\/oppo-r7s--3.u2769.d20171020.t101529.194354.jpg\" alt=\"\u0110i\u1ec7n Tho\u1ea1i OPPO R7s - H\u00e0ng Ch\u00ednh H\u00e3ng\" width=\"900\" height=\"500\" \/><\/p>\n<h5>Thi\u1ebft k\u1ebf sang tr\u1ecdng<\/h5>\n<p>OPPO R7s mang \u0111\u1ebfn s\u1ef1 tinh x\u1ea3o trong thi\u1ebft k\u1ebf ngay t\u1eeb ch\u1ea5t li\u1ec7u l\u00e0m n\u00ean s\u1ea3n ph\u1ea9m. H\u1ee3p kim cao c\u1ea5p v\u00e0 \u0111\u01b0\u1ee3c x\u1eed l\u00fd b\u1ec1 m\u1eb7t b\u1eb1ng c\u00f4ng ngh\u1ec7 ph\u1ee7 ti\u00ean ti\u1ebfn nh\u1ea5t. K\u00e8m theo \u0111\u00f3,\u00a0m\u00e0n h\u00ecnh si\u00eau h\u1eb9p 2.2 mm t\u1ea1o m\u1ed9t s\u1ee9c h\u00fat kh\u00f3 c\u01b0\u1ee1ng l\u1ea1i. Vi\u1ec1n cong 2.5D c\u1ee7a R7s kh\u00f4ng ch\u1ec9 mang l\u1ea1i n\u00e9t \u0111\u1eb9p cho R7s c\u00f2n cho ng\u01b0\u1eddi d\u00f9ng c\u1ea3m gi\u00e1c tho\u1ea3i m\u00e1i khi c\u1ea7m trong tay.\u00a0Ngo\u00e0i ra, s\u1ea3n ph\u1ea9m mang \u0111\u1ebfn cho b\u1ea1n 2 s\u1ef1 l\u1ef1a ch\u1ecdn V\u00e0ng h\u1ed3ng th\u1eddi th\u01b0\u1eddng v\u00e0 V\u00e0ng kim \u1ea5n t\u01b0\u1ee3ng.<\/p>\n<p style=\"text-align: center;\"><img loading=\"lazy\" decoding=\"async\" style=\"display: block;\" title=\"\u0110i\u1ec7n Tho\u1ea1i OPPO R7s - H\u00e0ng Ch\u00ednh H\u00e3ng\" src=\"https:\/\/tikicdn.com\/media\/catalog\/product\/o\/p\/oppo-r7s--1.u2769.d20171020.t101529.117586.jpg\" alt=\"\u0110i\u1ec7n Tho\u1ea1i OPPO R7s - H\u00e0ng Ch\u00ednh H\u00e3ng\" width=\"900\" height=\"500\" \/><\/p>\n<h5>M\u00e0n h\u00ecnh s\u1eafc n\u00e9t 5.5 inch<\/h5>\n<p>Nh\u1edd m\u00e0ng h\u00ecnh vi\u1ec1n cong 2.5D n\u00ean b\u1ea1n s\u1ebd c\u00f3 nh\u1eefng thoa c\u1ea3m \u1ee9ng nhanh v\u00e0 m\u01b0\u1ee3t m\u00e0. B\u00ean c\u1ea1nh \u0111\u00f3, m\u00e1y \u0111\u01b0\u1ee3c trang b\u1ecb m\u00e0n h\u00ecnh 5.5 inch v\u1edbi \u0111\u1ed9 ph\u00e2n gi\u1ea3i Full HD mang l\u1ea1i nh\u1eefng h\u00ecnh \u1ea3nh s\u1eafc n\u00e9t.<\/p>\n<p style=\"text-align: center;\"><img loading=\"lazy\" decoding=\"async\" style=\"display: block;\" title=\"\u0110i\u1ec7n Tho\u1ea1i OPPO R7s - H\u00e0ng Ch\u00ednh H\u00e3ng\" src=\"https:\/\/tikicdn.com\/media\/catalog\/product\/o\/p\/oppo-r7s--2.u2769.d20171020.t101529.160182.jpg\" alt=\"\u0110i\u1ec7n Tho\u1ea1i OPPO R7s - H\u00e0ng Ch\u00ednh H\u00e3ng\" width=\"900\" height=\"500\" \/><\/p>\n<h5>C\u1ea5u h\u00ecnh m\u1ea1nh m\u1ebd c\u00f9ng chip l\u00f5i 8<strong><br \/>\n<\/strong><\/h5>\n<p>V\u1edbi s\u1ee9c m\u1ea1nh t\u1eeb chip <strong>l\u00f5i 8<\/strong> t\u1ed1c \u0111\u1ed9 <strong>4 nh\u00e2n xung nh\u1ecbp 1.5 GHz + 4 nh\u00e2n xung nh\u1ecbp 1 GHz <\/strong>, b\u1ed9 nh\u1edb <strong>RAM 4GB, <\/strong>m\u00e1y s\u1ebd download si\u00eau nhanh, tr\u1ea3i nghi\u1ec7m game si\u00eau m\u01b0\u1ee3t m\u00e0 v\u00e0 kh\u1ea3 n\u0103ng \u0111a nhi\u1ec7m \u1ea5n t\u01b0\u1ee3ng.\u00a0B\u1ed9 nh\u1edb trong <strong>32\u00a0GB<\/strong> (30 GB kh\u1ea3 d\u1ee5ng) cho b\u1ea1n tho\u1ea3i m\u00e1i c\u00e0i \u0111\u1eb7t c\u00e1c \u1ee9ng d\u1ee5ng v\u00e0 d\u1eef li\u1ec7u ph\u1ee5c v\u1ee5 cho c\u00f4ng vi\u1ec7c v\u00e0 gi\u1ea3i tr\u00ed.<\/p>\n<p style=\"text-align: center;\"><img loading=\"lazy\" decoding=\"async\" style=\"display: block;\" title=\"\u0110i\u1ec7n Tho\u1ea1i OPPO R7s - H\u00e0ng Ch\u00ednh H\u00e3ng\" src=\"https:\/\/tikicdn.com\/media\/catalog\/product\/o\/p\/oppo-r7s--7.u2769.d20171020.t101529.252801.jpg\" alt=\"\u0110i\u1ec7n Tho\u1ea1i OPPO R7s - H\u00e0ng Ch\u00ednh H\u00e3ng\" width=\"900\" height=\"500\" \/><\/p>\n<h5>Ch\u1ee5p \u1ea3nh s\u1eafc n\u00e9t<\/h5>\n<p>B\u1ed9 \u0111\u00f4i camera 13.0MP v\u00e0 8.0MP, s\u1ebd mang \u0111\u1ebfn cho b\u1ea1n nh\u1eefng b\u1ee9c \u1ea3nh v\u00f4 c\u00f9ng ng\u1ea1c nhi\u00ean v\u00e0 th\u00edch th\u00fa. B\u00ean c\u1ea1nh \u0111\u00f3, c\u00e1c ph\u1ea7n m\u1ec1m ch\u1ee5p \u1ea3nh s\u1ebd khi\u1ebfn nh\u1eefng b\u1ee9c \u1ea3nh c\u1ee7a b\u1ea1n tr\u1edf n\u00ean lung linh v\u00e0 cu\u1ed1n h\u00fat h\u01a1n n\u1eefa.<\/p>\n<p style=\"text-align: center;\"><img loading=\"lazy\" decoding=\"async\" style=\"display: block;\" title=\"\u0110i\u1ec7n Tho\u1ea1i OPPO R7s - H\u00e0ng Ch\u00ednh H\u00e3ng\" src=\"https:\/\/tikicdn.com\/media\/catalog\/product\/o\/p\/oppo-r7s--56.u2769.d20171020.t101529.287235.jpg\" alt=\"\u0110i\u1ec7n Tho\u1ea1i OPPO R7s - H\u00e0ng Ch\u00ednh H\u00e3ng\" width=\"900\" height=\"500\" \/><\/p>\n<h5 style=\"text-align: left;\">C\u1eed ch\u1ec9 chuy\u1ec3n \u0111\u1ed9ng th\u00f4ng minh<\/h5>\n<p style=\"text-align: left;\">\u0110\u00e2y l\u00e0 t\u00ednh n\u0103ng \u0111\u1ed9c \u0111\u00e1o c\u1ee7a h\u00e3ng Oppo khi cho kh\u1ea3 n\u0103ng nh\u1eadn d\u1ea1ng c\u1eed ch\u1ec9 nhanh ch\u00f3ng v\u00e0 th\u1ef1c hi\u1ec7n ngay t\u1ee9c th\u00ec.\u00a0Ngo\u00e0i ra, b\u1ea1n c\u00f3 th\u1ec3 t\u00f9y ch\u1ec9nh nhi\u1ec1u c\u1eed ch\u1ec9 kh\u00e1c nhau theo c\u00e1c h\u00ecnh v\u1ebd b\u1ea1n t\u1ef1 \u0111\u1eb7t.<\/p>\n<\/div>\n<\/div>\n<\/div>\n<\/div>\n<\/div>\n","protected":false},"excerpt":{"rendered":"<p>Ch\u00ednh h\u00e3ng, Nguy\u00ean seal, M\u1edbi 100%, Ch\u01b0a Active<\/p>\n<p>Mi\u1ec5n ph\u00ed giao h\u00e0ng to\u00e0n qu\u1ed1c<\/p>\n<p>Thi\u1ebft k\u1ebf: Nguy\u00ean kh\u1ed1i, m\u1eb7t k\u00ednh cong 2.5D<\/p>\n<p>M\u00e0n h\u00ecnh:5.5 inch Full HD<\/p>\n<p>Camera Tr\u01b0\u1edbc\/Sau: 8MP\/13MP<\/p>\n<p>CPU: Qualcomm Snapdragon 615 8 nh\u00e2n 64-bit<\/p>\n<p>B\u1ed9 Nh\u1edb: 32GB<\/p>\n<p>RAM: 4GB<\/p>\n<p>SIM: Nano SIM &amp; Micro SIM<\/p>\n<p>T\u00ednh n\u0103ng: Ch\u1ea1m 2 l\u1ea7n s\u00e1ng m\u00e0n h\u00ecnh, V\u1ebd l\u00ean m\u00e0n h\u00ecnh \u0111\u1ec3 m\u1edf nhanh \u1ee9ng d\u1ee5ng<\/p>\n","protected":false},"featured_media":1041,"template":"","meta":{"_acf_changed":false},"product_cat":[70,77],"product_tag":[],"class_list":{"0":"post-455","1":"product","2":"type-product","3":"status-publish","4":"has-post-thumbnail","6":"product_cat-kho-du-lieu-mo","7":"product_cat-phan-mem-chu-ky-so","9":"first","10":"instock","11":"sale","12":"taxable","13":"shipping-taxable","14":"purchasable","15":"product-type-simple"},"acf":[],"_links":{"self":[{"href":"https:\/\/zsoftware.vn\/index.php?rest_route=\/wp\/v2\/product\/455"}],"collection":[{"href":"https:\/\/zsoftware.vn\/index.php?rest_route=\/wp\/v2\/product"}],"about":[{"href":"https:\/\/zsoftware.vn\/index.php?rest_route=\/wp\/v2\/types\/product"}],"wp:featuredmedia":[{"embeddable":true,"href":"https:\/\/zsoftware.vn\/index.php?rest_route=\/wp\/v2\/media\/1041"}],"wp:attachment":[{"href":"https:\/\/zsoftware.vn\/index.php?rest_route=%2Fwp%2Fv2%2Fmedia&parent=455"}],"wp:term":[{"taxonomy":"product_cat","embeddable":true,"href":"https:\/\/zsoftware.vn\/index.php?rest_route=%2Fwp%2Fv2%2Fproduct_cat&post=455"},{"taxonomy":"product_tag","embeddable":true,"href":"https:\/\/zsoftware.vn\/index.php?rest_route=%2Fwp%2Fv2%2Fproduct_tag&post=455"}],"curies":[{"name":"wp","href":"https:\/\/api.w.org\/{rel}","templated":true}]}}