{"id":566,"date":"2018-01-01T13:02:06","date_gmt":"2018-01-01T13:02:06","guid":{"rendered":"http:\/\/localhost:8085\/tiki\/?post_type=product&#038;p=566"},"modified":"2019-04-08T09:22:27","modified_gmt":"2019-04-08T09:22:27","slug":"dien-thoai-oppo-f1-plus-hang-chinh-hang","status":"publish","type":"product","link":"https:\/\/zsoftware.vn\/?product=dien-thoai-oppo-f1-plus-hang-chinh-hang","title":{"rendered":"\u0110i\u1ec7n Tho\u1ea1i OPPO F1 Plus &#8211; H\u00e0ng Ch\u00ednh H\u00e3ng"},"content":{"rendered":"<div class=\"left\">\n<h3 class=\"product-table-title\">Th\u00f4ng Tin Chi Ti\u1ebft<\/h3>\n<div class=\"white-panel\">\n<div class=\"attribute-table multi-table\"><\/div>\n<table id=\"chi-tiet\" cellspacing=\"0\" class=\"table table-bordered table-detail table-striped\">\n<colgroup>\n<col style=\"width: 25%\">\n<col>\n            <\/colgroup>\n<tbody>\n<tr>\n<td>Th\u01b0\u01a1ng hi\u1ec7u<\/td>\n<td class=\"last\">\n                        <a href=\"http:\/\/tiki.vn\/thuong-hieu\/oppo.html\">OPPO<\/a><\/p>\n<\/td>\n<\/tr>\n<tr>\n<td>Ph\u1ee5 ki\u1ec7n \u0111i k\u00e8m<\/td>\n<td class=\"last\">\n                        H\u1ed9p, Pin, S\u1ea1c, S\u00e1ch h\u01b0\u1edbng d\u1eabn\n                    <\/td>\n<\/tr>\n<tr>\n<td>K\u00edch th\u01b0\u1edbc m\u00e0n h\u00ecnh<\/td>\n<td class=\"last\">\n                        5.5 inch\n                    <\/td>\n<\/tr>\n<tr>\n<td>\u0110\u1ed9 ph\u00e2n gi\u1ea3i m\u00e0n h\u00ecnh<\/td>\n<td class=\"last\">\n                        Full HD (1920 x 1080)\n                    <\/td>\n<\/tr>\n<tr>\n<td>Hi\u1ec3n th\u1ecb m\u00e0u s\u1eafc<\/td>\n<td class=\"last\">\n                        H\u01a1n 16 tri\u1ec7u m\u00e0u\n                    <\/td>\n<\/tr>\n<tr>\n<td>B\u1ed9 Nh\u1edb RAM<\/td>\n<td class=\"last\">\n                        4GB\n                    <\/td>\n<\/tr>\n<tr>\n<td>Tr\u1ecdng l\u01b0\u1ee3ng<\/td>\n<td class=\"last\">\n                        145 g\n                    <\/td>\n<\/tr>\n<tr>\n<td>K\u00edch th\u01b0\u1edbc<\/td>\n<td class=\"last\">\n                        D\u00e0i 151.8 mm &#8211; Ngang 74.3 mm &#8211; D\u00e0y 6.6 mm\n                    <\/td>\n<\/tr>\n<tr>\n<td>T\u00ean chip<\/td>\n<td class=\"last\">\n                        MT6755 Octa-core 4*2.0+4*1.2GHz\n                    <\/td>\n<\/tr>\n<tr>\n<td>H\u1ec7 \u0111i\u1ec1u h\u00e0nh<\/td>\n<td class=\"last\">\n                        Android 5.1 Lollipop\n                    <\/td>\n<\/tr>\n<tr>\n<td>Dung l\u01b0\u1ee3ng pin (mAh)<\/td>\n<td class=\"last\">\n                        2.850mAh (Pin li\u1ec1n)\n                    <\/td>\n<\/tr>\n<tr>\n<td>Lo\u1ea1i pin<\/td>\n<td class=\"last\">\n                        Pin chu\u1ea9n Li-Ion\n                    <\/td>\n<\/tr>\n<tr>\n<td>K\u1ebft n\u1ed1i d\u1eef li\u1ec7u<\/td>\n<td class=\"last\">\n                        Bluetooth, Wifi, 3G\n                    <\/td>\n<\/tr>\n<tr>\n<td>FM radio<\/td>\n<td class=\"last\">\n                        Kh\u00f4ng\n                    <\/td>\n<\/tr>\n<tr>\n<td>SKU<\/td>\n<td class=\"last\">\n                        5809962285150\n                    <\/td>\n<\/tr>\n<\/tbody>\n<\/table><\/div>\n<h3 class=\"product-table-title\">M\u00f4 T\u1ea3 S\u1ea3n Ph\u1ea9m<\/h3>\n<div class=\"white-panel\">\n<div class=\"product-description\">\n<div class=\"product-content-detail\">\n<div id=\"gioi-thieu\" class=\"content js-content expand\" style=\"max-height: none\">\n<h5>Tinh x\u1ea3o trong thi\u1ebft k\u1ebf<\/h5>\n<p><span><strong><a href=\"https:\/\/tiki.vn\/dien-thoai-smartphone\/c1795\/oppo\">\u0110i\u1ec7n tho\u1ea1i OPPO<\/a> F1 Plus<\/strong> mang \u0111\u1ebfn nh\u1eefng \u0111\u01b0\u1eddng cong tinh x\u1ea3o gi\u00fap b\u1ea1n c\u00f3 th\u1ec3 d\u1ec5 d\u00e0ng \u00f4m s\u00e1t v\u00e0o l\u00f2ng b\u00e0n tay. \u0110\u1ed9 m\u1ecfng c\u1ee7a m\u00e1y ch\u1ec9 <\/span>1.66mm mang \u0111\u1ebfn kh\u00f4ng gian hi\u1ec3n th\u1ecb r\u1ed9ng l\u1edbn h\u01a1n. Ngo\u00e0i ra,&nbsp;<span>vi\u1ec1n <a href=\"http:\/\/tiki.vn\/tu-van\/man-hinh-cong-2-5d-la-gi\">m\u00e0n h\u00ecnh cong 2.5D<\/a> t\u1ea1o s\u1ef1 li\u1ec1n m\u1ea1ch v\u1edbi c\u1ea1nh b\u00ean t\u1ea1o th\u00e0nh m\u1ed9t thi\u1ebft k\u1ebf ho\u00e0n m\u1ef9. Thi\u1ebft k\u1ebf c\u1ee7a chi\u1ebfc&nbsp;<strong><a href=\"http:\/\/tiki.vn\/oppo-f1-plus-p206667.html\">OPPO F1 Plus<\/a> <\/strong>tr\u00f4ng kh\u00e1 gi\u1ed1ng v\u1edbi thi\u1ebft k\u1ebf c\u1ee7a <a href=\"https:\/\/tiki.vn\/dien-thoai-smartphone\/c1795\/apple\">iPhone<\/a> 6.<\/span><\/p>\n<h5>C\u1ea5u h\u00ecnh m\u1ea1nh m\u1ebd<\/h5>\n<p>OPPO F1 Plus \u0111\u01b0\u1ee3c t\u00edch h\u1ee3p vi x\u1eed l\u00fd 8 nh\u00e2n c\u00f9ng RAM 4GB gi\u00fap m\u00e1y ho\u1ea1t \u0111\u1ed9ng kh\u00e1 tr\u01a1n tru k\u1ec3 c\u1ea3 khi s\u1eed d\u1ee5ng \u0111a nhi\u1ec7m. B\u1ed9 nh\u1edb trong 64GB (60GB kh\u1ea3 d\u1ee5ng)&nbsp; v\u00e0 h\u1ed7 tr\u1ee3 khe c\u1eafm th\u1ebb nh\u1edb t\u1ed1i \u0111a 128 GB s\u1ebd mang \u0111\u1ebfn kh\u00f4ng gian r\u1ed9ng l\u1edbn cho b\u1ea1n tho\u1ea3i m\u00e1i l\u01b0u tr\u1eef d\u1eef li\u1ec7u v\u00e0 \u1ee9ng d\u1ee5ng. B\u00ean c\u1ea1nh \u0111\u00f3, h\u1ec7 \u0111i\u1ec1u h\u00e0nh Android 5.1 Lollipop v\u1edbi nhi\u1ec1u t\u00ednh n\u0103ng h\u1eefu \u00edch c\u0169ng \u0111\u00e1p \u1ee9ng t\u1ed1t nhu c\u1ea7u l\u00e0m vi\u1ec7c v\u00e0 gi\u1ea3i tr\u00ed c\u1ee7a ng\u01b0\u1eddi d\u00f9ng.<\/p>\n<h5>M\u00e0n h\u00ecnh 5.5 inch<\/h5>\n<p>V\u1edbi m\u00e0n h\u00ecnh 5.5 r\u1ed9ng r\u00e3i, b\u1ea1n tha h\u1ed3 thao t\u00e1c tr\u00ean <a href=\"http:\/\/tiki.vn\/dien-thoai-smartphone\/c1795\">smartphone<\/a> c\u1ee7a m\u00ecnh. B\u00ean c\u1ea1nh \u0111\u00f3, \u0111\u1ed9 ph\u00e2n gi\u1ea3i FULL HD s\u1ebd mang \u0111\u1ebfn cho b\u1ea1n nh\u1eefng h\u00ecnh \u1ea3nh r\u00f5 r\u00e0ng v\u00e0 sinh \u0111\u1ed9ng nh\u1ea5t.<\/p>\n<h5>Selfie c\u1ef1c \u0111\u00e3<strong><br \/><\/strong><\/h5>\n<p>OPPO F1 Plus s\u1ebd \u0111\u00e1p \u1ee9ng nhu c\u1ea7u ch\u1ee5p \u1ea3nh <a href=\"http:\/\/tiki.vn\/gay-chup-hinh-tu-suong\/c2659\">t\u1ef1 s\u01b0\u1edbng<\/a> c\u1ee7a gi\u1edbi tr\u1ebb. <a href=\"https:\/\/tiki.vn\/camera-quan-sat\/c4077\">Camera<\/a> tr\u01b0\u1edbc<span>16.0MP c\u00f9ng c\u1ea3m bi\u1ebfn ISOCELL gi\u00fap l\u00e0m gi\u1ea3m hi\u1ec7n t\u01b0\u1ee3ng nhi\u1ec5u h\u1ea1t. &nbsp;Ngo\u00e0i ra, s\u1ef1 k\u1ebft h\u1ee3p ho\u00e0n h\u1ea3o gi\u1eefa<span> kh\u1ea9u \u0111\u1ed9 l\u1edbn f\/2.0 v\u00e0 c\u00f4ng ngh\u1ec7 t\u00e1i t\u1ea1o pixel \u0111\u1ed9c \u0111\u00e1o c\u1ee7a camera tr\u01b0\u1edbc <\/span><span>s\u1ebd n\u00e2ng cao kh\u1ea3 n\u0103ng b\u1eaft s\u00e1ng g\u1ea5p 4 l\u1ea7n so v\u1edbi c\u00e1c lo\u1ea1i camera th\u00f4ng th\u01b0\u1eddng. &nbsp;Camera sau c\u0169ng s\u1ebd mang \u0111\u1ebfn cho b\u1ea1n nh\u1eefng b\u1ee9c \u1ea3nh v\u00f4 c\u00f9ng \u01b0ng \u00fd.<\/span><\/span>\n                    <\/p>\n<h5>T\u00ednh n\u0103ng \u1ea5n t\u01b0\u1ee3ng<\/h5>\n<p class=\"desc\">&#8211; C\u00f4ng ngh\u1ec7 c\u1ea3m \u1ee9ng v\u00e2n tay &nbsp;gi\u00fap b\u1ea1n m\u1edf kh\u00f3a <a href=\"https:\/\/tiki.vn\/dien-thoai-smartphone\/c1795\">\u0111i\u1ec7n tho\u1ea1i<\/a> d\u1ec5 d\u00e0ng v\u00e0 nhanh ch\u00f3ng ch\u1ec9 trong 0,2s.<\/p>\n<p class=\"desc\"><span>&#8211; S\u1ea1c nhanh VOOC: <\/span><span>Ch\u1ec9 5 ph\u00fat s\u1ea1c c\u00f3 ngay 2 gi\u1edd s\u1eed d\u1ee5ng \u0111i\u1ec7n tho\u1ea1i.<\/span><\/p>\n<p class=\"desc\"><span><span>&#8211; K\u1ebft n\u1ed1i m\u1ea1ng 4G thu\u1eadn ti\u1ec7n v\u00e0 d\u1ec5 d\u00e0ng h\u01a1n tr\u00ean c\u1ea3 2 khe SIM.<\/span><\/p>\n<p>                        <\/span>\n                    <\/p>\n<p><span><span><br \/><\/span><\/span>\n                    <\/p>\n<\/p><\/div>\n<\/p><\/div>\n<\/p><\/div>\n<\/p><\/div>\n<\/div>\n","protected":false},"excerpt":{"rendered":"<p>Ch\u00ednh h\u00e3ng, Nguy\u00ean seal, M\u1edbi 100%, Ch\u01b0a Active<\/p>\n<p>Mi\u1ec5n ph\u00ed giao h\u00e0ng to\u00e0n qu\u1ed1c<\/p>\n<p>Thi\u1ebft k\u1ebf: Nguy\u00ean kh\u1ed1i, m\u1eb7t k\u00ednh 2.5D<\/p>\n<p>M\u00e0n h\u00ecnh: AMOLED, 5.5 inch Full HD<\/p>\n<p>Camera Tr\u01b0\u1edbc\/Sau: 16MP\/13MP<\/p>\n<p>CPU: Helio P10 8 nh\u00e2n 64-bit<\/p>\n<p>B\u1ed9 Nh\u1edb: 64GB<\/p>\n<p>RAM: 4GB<\/p>\n<p>SIM: 1 Nano SIM<\/p>\n<p>T\u00ednh n\u0103ng: Ch\u1ea1m 2 l\u1ea7n s\u00e1ng m\u00e0n h\u00ecnh, M\u01a1\u0309 kho\u0301a nhanh b\u0103\u0300ng v\u00e2n tay, Sa\u0323c pin nhanh<\/p>\n","protected":false},"featured_media":567,"template":"","meta":{"_acf_changed":false},"product_cat":[77],"product_tag":[],"class_list":{"0":"post-566","1":"product","2":"type-product","3":"status-publish","4":"has-post-thumbnail","6":"product_cat-phan-mem-chu-ky-so","8":"first","9":"instock","10":"sale","11":"sold-individually","12":"taxable","13":"shipping-taxable","14":"purchasable","15":"product-type-simple"},"acf":[],"_links":{"self":[{"href":"https:\/\/zsoftware.vn\/index.php?rest_route=\/wp\/v2\/product\/566"}],"collection":[{"href":"https:\/\/zsoftware.vn\/index.php?rest_route=\/wp\/v2\/product"}],"about":[{"href":"https:\/\/zsoftware.vn\/index.php?rest_route=\/wp\/v2\/types\/product"}],"wp:featuredmedia":[{"embeddable":true,"href":"https:\/\/zsoftware.vn\/index.php?rest_route=\/wp\/v2\/media\/567"}],"wp:attachment":[{"href":"https:\/\/zsoftware.vn\/index.php?rest_route=%2Fwp%2Fv2%2Fmedia&parent=566"}],"wp:term":[{"taxonomy":"product_cat","embeddable":true,"href":"https:\/\/zsoftware.vn\/index.php?rest_route=%2Fwp%2Fv2%2Fproduct_cat&post=566"},{"taxonomy":"product_tag","embeddable":true,"href":"https:\/\/zsoftware.vn\/index.php?rest_route=%2Fwp%2Fv2%2Fproduct_tag&post=566"}],"curies":[{"name":"wp","href":"https:\/\/api.w.org\/{rel}","templated":true}]}}