{"id":578,"date":"2018-01-01T13:34:36","date_gmt":"2018-01-01T13:34:36","guid":{"rendered":"http:\/\/localhost:8085\/tiki\/?post_type=product&#038;p=578"},"modified":"2018-01-01T13:34:36","modified_gmt":"2018-01-01T13:34:36","slug":"dien-thoai-oppo-f3-plus-hang-chinh-hang","status":"publish","type":"product","link":"https:\/\/zsoftware.vn\/?product=dien-thoai-oppo-f3-plus-hang-chinh-hang","title":{"rendered":"\u0110i\u1ec7n Tho\u1ea1i OPPO F3 Plus &#8211; H\u00e0ng Ch\u00ednh H\u00e3ng"},"content":{"rendered":"<div class=\"left\">\n<h3 class=\"product-table-title\">Th\u00f4ng Tin Chi Ti\u1ebft<\/h3>\n<div class=\"white-panel\">\n<div class=\"attribute-table multi-table\"><\/div>\n<table id=\"chi-tiet\" cellspacing=\"0\" class=\"table table-bordered table-detail table-striped\">\n<colgroup>\n<col style=\"width: 25%;\">\n<col>\n            <\/colgroup>\n<tbody>\n<tr>\n<td>Th\u01b0\u01a1ng hi\u1ec7u<\/td>\n<td class=\"last\">\n                        <a href=\"http:\/\/tiki.vn\/thuong-hieu\/oppo.html\">OPPO<\/a><\/p>\n<\/td>\n<\/tr>\n<tr>\n<td>Model<\/td>\n<td class=\"last\">\n                        F3 Plus\n                    <\/td>\n<\/tr>\n<tr>\n<td>Ph\u1ee5 ki\u1ec7n \u0111i k\u00e8m<\/td>\n<td class=\"last\">\n                        Th\u00e2n m\u00e1y , S\u1ea1c, Tai nghe, S\u00e1ch h\u01b0\u1edbng d\u1eabn, C\u00e1p, C\u00e2y l\u1ea5y sim, \u1ed0p l\u01b0ng B\u1ecf clip v\u1eadt v\u1edd\n                    <\/td>\n<\/tr>\n<tr>\n<td>Lo\u1ea1i \/ C\u00f4ng ngh\u1ec7 m\u00e0n h\u00ecnh<\/td>\n<td class=\"last\">\n                        IPS LCD\n                    <\/td>\n<\/tr>\n<tr>\n<td>K\u00edch th\u01b0\u1edbc m\u00e0n h\u00ecnh<\/td>\n<td class=\"last\">\n                        6 inch\n                    <\/td>\n<\/tr>\n<tr>\n<td>\u0110\u1ed9 ph\u00e2n gi\u1ea3i m\u00e0n h\u00ecnh<\/td>\n<td class=\"last\">\n                        1920 x 1080 pixels\n                    <\/td>\n<\/tr>\n<tr>\n<td>Hi\u1ec3n th\u1ecb m\u00e0u s\u1eafc<\/td>\n<td class=\"last\">\n                        H\u01a1n 16 tri\u1ec7u m\u00e0u\n                    <\/td>\n<\/tr>\n<tr>\n<td>Camera tr\u01b0\u1edbc<\/td>\n<td class=\"last\">\n                        16 MP v\u00e0 8 MP\n                    <\/td>\n<\/tr>\n<tr>\n<td>Camera sau<\/td>\n<td class=\"last\">\n                        16 MP\n                    <\/td>\n<\/tr>\n<tr>\n<td>T\u00ednh n\u0103ng camera<\/td>\n<td class=\"last\">\n                        T\u1ef1 \u0111\u1ed9ng l\u1ea5y n\u00e9t, Ch\u1ea1m l\u1ea5y n\u00e9t, Nh\u1eadn di\u1ec7n khu\u00f4n m\u1eb7t, HDR, Panorama\n                    <\/td>\n<\/tr>\n<tr>\n<td>\u0110\u00e8n Flash<\/td>\n<td class=\"last\">\n                        C\u00f3\n                    <\/td>\n<\/tr>\n<tr>\n<td>Videocall<\/td>\n<td class=\"last\">\n                        C\u00f3\n                    <\/td>\n<\/tr>\n<tr>\n<td>Quay phim<\/td>\n<td class=\"last\">\n                        Quay phim 4K 2160p@30fps\n                    <\/td>\n<\/tr>\n<tr>\n<td>B\u1ed9 Nh\u1edb RAM<\/td>\n<td class=\"last\">\n                        4GB\n                    <\/td>\n<\/tr>\n<tr>\n<td>B\u1ed9 nh\u1edb trong (ROM)<\/td>\n<td class=\"last\">\n                        64GB\n                    <\/td>\n<\/tr>\n<tr>\n<td>H\u1ed7 tr\u1ee3 th\u1ebb nh\u1edb ngo\u00e0i<\/td>\n<td class=\"last\">\n                        MicroSD\n                    <\/td>\n<\/tr>\n<tr>\n<td>H\u1ed7 tr\u1ee3 th\u1ebb t\u1ed1i \u0111a<\/td>\n<td class=\"last\">\n                        256GB\n                    <\/td>\n<\/tr>\n<tr>\n<td>Tr\u1ecdng l\u01b0\u1ee3ng<\/td>\n<td class=\"last\">\n                        185g\n                    <\/td>\n<\/tr>\n<tr>\n<td>K\u00edch th\u01b0\u1edbc<\/td>\n<td class=\"last\">\n                        D\u00e0i 163.6mm x Ngang 80.8mm x D\u00e0y 7.4mm\n                    <\/td>\n<\/tr>\n<tr>\n<td>T\u00ean chip<\/td>\n<td class=\"last\">\n                        Snapdragon 653 8 nh\u00e2n 64-bit\n                    <\/td>\n<\/tr>\n<tr>\n<td>T\u1ed1c \u0111\u1ed9 chip (GHz)<\/td>\n<td class=\"last\">\n                        4 nh\u00e2n 1.95 GHz v\u00e0 4 nh\u00e2n 1.40 GHz\n                    <\/td>\n<\/tr>\n<tr>\n<td>Chip \u0111\u1ed3 h\u1ecda (GPU)<\/td>\n<td class=\"last\">\n                        Adreno 510\n                    <\/td>\n<\/tr>\n<tr>\n<td>H\u1ec7 \u0111i\u1ec1u h\u00e0nh<\/td>\n<td class=\"last\">\n                        Android 6.0 Marshmallow\n                    <\/td>\n<\/tr>\n<tr>\n<td>Dung l\u01b0\u1ee3ng pin (mAh)<\/td>\n<td class=\"last\">\n                        4000 mAh\n                    <\/td>\n<\/tr>\n<tr>\n<td>Lo\u1ea1i pin<\/td>\n<td class=\"last\">\n                        Pin chu\u1ea9n Li-Ion\n                    <\/td>\n<\/tr>\n<tr>\n<td>B\u0103ng t\u1ea7n 2G<\/td>\n<td class=\"last\">\n                        850\/900\/1800\/1900MHz\n                    <\/td>\n<\/tr>\n<tr>\n<td>B\u0103ng t\u1ea7n 3G<\/td>\n<td class=\"last\">\n                        HSDPA 850\/900\/1900\/2100MHz\n                    <\/td>\n<\/tr>\n<tr>\n<td>H\u00f4\u0303 tr\u01a1\u0323 4G<\/td>\n<td class=\"last\">\n                        C\u00f3 h\u1ed7 tr\u1ee3 4G\n                    <\/td>\n<\/tr>\n<tr>\n<td>Lo\u1ea1i Sim<\/td>\n<td class=\"last\">\n                        Sim Nano\n                    <\/td>\n<\/tr>\n<tr>\n<td>S\u1ed1 khe sim<\/td>\n<td class=\"last\">\n                        2\n                    <\/td>\n<\/tr>\n<tr>\n<td>Wifi<\/td>\n<td class=\"last\">\n                        Wi-Fi 802.11 a\/b\/g\/n\/ac, Dual-band, Wi-Fi Direct, Wi-Fi hotspot\n                    <\/td>\n<\/tr>\n<tr>\n<td>GPS<\/td>\n<td class=\"last\">\n                        A-GPS, GLONASS\n                    <\/td>\n<\/tr>\n<tr>\n<td>Bluetooth<\/td>\n<td class=\"last\">\n                        v4.2, A2DP\n                    <\/td>\n<\/tr>\n<tr>\n<td>K\u1ebft n\u1ed1i kh\u00e1c<\/td>\n<td class=\"last\">\n                        OTG\n                    <\/td>\n<\/tr>\n<tr>\n<td>C\u1ed5ng s\u1ea1c<\/td>\n<td class=\"last\">\n                        Micro USB\n                    <\/td>\n<\/tr>\n<tr>\n<td>Xem phim<\/td>\n<td class=\"last\">\n                        H.265, 3GP, MP4, AVI, WMV, H.263, H.264(MPEG4-AVC), DivX, WMV9, Xvid\n                    <\/td>\n<\/tr>\n<tr>\n<td>Nghe nh\u1ea1c<\/td>\n<td class=\"last\">\n                        Nghe nh\u1ea1c Lossless, Midi, MP3, WAV, WMA\n                    <\/td>\n<\/tr>\n<tr>\n<td>Ghi \u00e2m<\/td>\n<td class=\"last\">\n                        C\u00f3, microphone chuy\u00ean d\u1ee5ng ch\u1ed1ng \u1ed3n\n                    <\/td>\n<\/tr>\n<tr>\n<td>FM radio<\/td>\n<td class=\"last\">\n                        Kh\u00f4ng\n                    <\/td>\n<\/tr>\n<tr>\n<td>Ch\u1ee9c n\u0103ng kh\u00e1c<\/td>\n<td class=\"last\">\n                        M\u1edf kh\u00f3a v\u00e2n tay; M\u1edf \u1ee9ng d\u1ee5ng nhanh b\u1eb1ng v\u00e2n tay, h\u00ecnh v\u1ebd\n                    <\/td>\n<\/tr>\n<tr>\n<td>SKU<\/td>\n<td class=\"last\">\n                        5805380409697\n                    <\/td>\n<\/tr>\n<tr>\n<td>M\u00f4 t\u1ea3 b\u1ea3o h\u00e0nh<\/td>\n<td class=\"last\">\n                        Th\u00e2n m\u00e1y 12 th\u00e1ng, pin 6 th\u00e1ng, s\u1ea1c 6 th\u00e1ng, tai nghe 6 th\u00e1ng. \u0110\u1ecba \u0111i\u1ec3m b\u1ea3o h\u00e0nh: http:\/\/oppomobile.vn\/support\/customerservicecenter\n                    <\/td>\n<\/tr>\n<\/tbody>\n<\/table><\/div>\n<h3 class=\"product-table-title\">M\u00f4 T\u1ea3 S\u1ea3n Ph\u1ea9m<\/h3>\n<div class=\"white-panel\">\n<div class=\"product-description\">\n<div class=\"product-content-detail\">\n<div id=\"gioi-thieu\" class=\"content js-content expand\" itemprop=\"description\" style=\"max-height: none;\">\n<h5>Thi\u1ebft k\u1ebf t\u1ec9 m\u1ec9 &#8211; Sang tr\u1ecdng v\u00e0&nbsp;\u0111\u1eb3ng c\u1ea5p trong t\u1eebng chi ti\u1ebft<\/h5>\n<p><strong> OPPO F3 Plus &#8211; H\u00e0ng Ch\u00ednh H\u00e3ng <\/strong> v\u1eabn s\u1ebd mang trong m\u00ecnh phong c\u00e1ch thi\u1ebft k\u1ebf quen thu\u1ed9c c\u1ee7a OPPO trong th\u1eddi gian g\u1ea7n \u0111\u00e2y s\u1ef1 t\u1ec9 m\u1ec9 v\u00e0 tinh x\u1ea3o trong t\u1eebng chi ti\u1ebft, c\u00e1c g\u00f3c c\u1ea1nh bo cong m\u1ec1m m\u1ea1i,&nbsp;m\u1eb7t l\u01b0ng kim lo\u1ea1i ph\u1ee7 t\u00f4ng m\u00e0u v\u00e0ng \u0111\u1ed3ng&nbsp;th\u1eddi th\u01b0\u1ee3ng \u0111em&nbsp;l\u1ea1i c\u1ea3m gi\u00e1c tinh t\u1ebf, n\u1ed5i b\u1eadt h\u01a1n khi c\u1ea7m tr\u00ean tay.<\/p>\n<p>Chi\u1ebfc <a href=\"https:\/\/tiki.vn\/dien-thoai-smartphone\/c1795\">\u0111i\u1ec7n tho\u1ea1i<\/a> t\u1ed1t nh\u1ea5t l\u00e0 ph\u1ea3i \u0111\u01b0\u1ee3c ch\u0103m ch\u00fat nh\u1ea5t, F3 Plus \u0111\u01b0\u1ee3c trang b\u1ecb 1 l\u1edbp&nbsp;k\u00ednh c\u01b0\u1eddng l\u1ef1c Corning\u00aeGorilla \u00ae Glass 5, \u0111\u1ed9 h\u1eb9p m\u1eb7t v\u00e1t m\u00e9p ch\u1ec9 1.78mm, vi\u1ec1n \u0102ng-ten \u201c6 d\u00e2y\u201d c\u1ef1c m\u1ecfng, v\u00e0 n\u1eb7ng ch\u1ec9 185g. To\u00e0n b\u1ed9 th\u00e2n m\u00e1y c\u0169ng nh\u01b0 m\u1ecdi chi ti\u1ebft \u0111\u1ed9c \u0111\u00e1o n\u00e0y \u0111em \u0111\u1ebfn cho b\u1ea1n s\u1ef1 h\u00e0i l\u00f2ng v\u1ec1 chi\u1ebfc \u0111i\u1ec7n tho\u1ea1i t\u1ed1t nh\u1ea5t tr\u00ean th\u1ecb tr\u01b0\u1eddng hi\u1ec7n nay.<\/p>\n<p style=\"text-align: center;\"><img loading=\"lazy\" decoding=\"async\" title=\"OPPO F3 Plus - H\u00e0ng Ch\u00ednh H\u00e3ng\" alt=\"OPPO F3 Plus - H\u00e0ng Ch\u00ednh H\u00e3ng\" width=\"1000\" height=\"667\" src=\"https:\/\/tikicdn.com\/media\/catalog\/product\/o\/p\/oppof3plus.u3059.d20170629.t122213.384764.jpg\" style=\"display: block;\"><\/p>\n<h5>K\u00ednh c\u01b0\u1eddng l\u1ef1c Corning \u00ae Gorilla \u00ae Glass 5 &#8211;&nbsp;Ch\u01b0a bao gi\u1edd b\u1ec1n h\u01a1n th\u1ebf<\/h5>\n<p><strong> <\/strong> \u0110\u01b0\u1ee3c gia c\u00f4ng b\u1eb1ng m\u1eb7t k\u00ednh Corning \u00ae Gorilla \u00ae Glass 5, m\u00e0n h\u00ecnh F3 Plus ch\u01b0a bao gi\u1edd c\u1ee9ng c\u00e1p h\u01a1n th\u1ebf. Khi b\u1ecb r\u01a1i t\u1eeb \u0111\u1ed9 cao x\u1ea5p x\u1ec9 vai ng\u01b0\u1eddi xu\u1ed1ng m\u1ed9t b\u1ec1 m\u1eb7t g\u1ed3 gh\u1ec1, m\u00e0n h\u00ecnh c\u00f3 80% c\u01a1 h\u1ed9i c\u00f2n nguy\u00ean v\u1eb9n.<\/p>\n<p>\u0110\u1ec3 c\u00f3 \u0111\u01b0\u1ee3c m\u1ed9t b\u1ec1 m\u1eb7t kim lo\u1ea1i l\u00e1ng b\u00f3ng, m\u1ed7i chi\u1ebfc \u0111i\u1ec7n tho\u1ea1\u1ecb \u0111\u1ec1u tr\u1ea3i qua 2 qu\u00e1 tr\u00ecnh phun c\u00e1t, 3 l\u1ea7n \u0111\u00e1nh b\u00f3ng v\u00e0 nhi\u1ec1u v\u00f2ng \u0111i\u1ec1u khi\u1ec3n b\u1eb1ng m\u00e1y t\u00ednh (computer numerical control). \u0110\u01b0\u1eddng c\u1ea1nh bo cong m\u01b0\u1ee3t, b\u1ec1 m\u1eb7t nh\u1eb5n m\u1ecbn t\u1ef1a nh\u1eefng vi\u00ean th\u1ea1ch anh, F3 Plus \u0111ang ch\u1edd b\u1ea1n tr\u1ea3i nghi\u1ec7m v\u00e0 c\u1ea3m nh\u1eadn.<\/p>\n<h5><img loading=\"lazy\" decoding=\"async\" title=\"OPPO F3 Plus - H\u00e0ng Ch\u00ednh H\u00e3ng\" alt=\"OPPO F3 Plus - H\u00e0ng Ch\u00ednh H\u00e3ng\" width=\"1000\" height=\"667\" src=\"https:\/\/tikicdn.com\/media\/catalog\/product\/o\/p\/oppof3plusa.u3059.d20170629.t122213.431553.jpg\" style=\"display: block;\"><\/h5>\n<h5>V\u1ebb ngo\u00e0i quy\u1ebfn r\u0169, m\u00e0n h\u00ecnh Full HD k\u00edch th\u01b0\u1edbc l\u1edbn<\/h5>\n<p>M\u00e0n h\u00ecnh OPPO F3 Plus c\u00f3 k\u00edch th\u01b0\u1edbc l\u1edbn l\u00ean&nbsp;\u0111\u1ebfn 6.0 inches&nbsp;\u0111\u00fang nh\u01b0 t\u00ean g\u1ecdi &#8220;Plus&#8221;,&nbsp;\u0111\u1ed9 ph\u00e2n gi\u1ea3i Full HD 1080 x 1920 pixels c\u00f9ng v\u1edbi&nbsp;t\u1ea5m n\u1ec1n IPS LCD cho g\u00f3c nh\u00ecn r\u1ed9ng c\u00f9ng kh\u1ea3 n\u0103ng t\u00e1i t\u1ea1o m\u00e0u s\u1eafc trung th\u1ef1c nh\u1ea5t, gi\u00fap&nbsp;ng\u01b0\u1eddi d\u00f9ng tr\u1ea3i nghi\u1ec7m kh\u00f4ng gian hi\u1ec3n th\u1ecb r\u1ed9ng r\u00e3i, th\u00edch th\u00fa h\u01a1n khi xem phim, ch\u01a1i game<\/p>\n<p><img loading=\"lazy\" decoding=\"async\" title=\"OPPO F3 Plus - H\u00e0ng Ch\u00ednh H\u00e3ng\" alt=\"OPPO F3 Plus - H\u00e0ng Ch\u00ednh H\u00e3ng\" width=\"1000\" height=\"667\" src=\"https:\/\/tikicdn.com\/media\/catalog\/product\/o\/p\/oppof3plusb.u3059.d20170629.t122213.470753.jpg\" style=\"display: block;\"><\/p>\n<h5>H\u1ec7 \u0111i\u1ec1u h\u00e0nh di \u0111\u1ed9ng ColorOS 3.0 tr\u00ean n\u1ec1n                   Android 6.0 &#8211;                   Nhanh h\u01a1n. \u1ed4n \u0111\u1ecbnh h\u01a1n. Hi\u1ec7u qu\u1ea3 h\u01a1n<\/h5>\n<p><span> T\u00f9y ch\u1ec9nh t\u1eeb Android 6.0, h\u1ec7 \u0111i\u1ec1u h\u00e0nh ColorOS 3.0 si\u00eau nh\u1ea1y mang \u0111\u1ebfn tr\u1ea3i nghi\u1ec7m m\u01b0\u1ee3t m\u00e0 v\u00e0 \u1ed5n \u0111\u1ecbnh. T\u1ed1i \u01b0u h\u00f3a n\u0103ng l\u01b0\u1ee3ng         s\u1eed d\u1ee5ng, cho ph\u00e9p thao t\u00e1c th\u01b0\u1eddng xuy\u00ean su\u1ed1t c\u1ea3 ng\u00e0y d\u00e0i. <\/span><\/p>\n<p><span><img loading=\"lazy\" decoding=\"async\" title=\"OPPO F3 Plus - H\u00e0ng Ch\u00ednh H\u00e3ng\" alt=\"OPPO F3 Plus - H\u00e0ng Ch\u00ednh H\u00e3ng\" width=\"1000\" height=\"667\" src=\"https:\/\/tikicdn.com\/media\/catalog\/product\/o\/p\/oppof3plusc.u3059.d20170629.t122213.508386.jpg\" style=\"display: block;\"> <br \/> <\/span><\/p>\n<h5>C\u1ea5u h\u00ecnh m\u1ea1nh m\u1ebd, pin dung l\u01b0\u1ee3ng l\u1edbn<\/h5>\n<p>OPPO F3 Plus s\u1edf h\u1eefu&nbsp;c\u1ea5u h\u00ecnh m\u1ea1nh m\u1ebd v\u1edbi vi x\u1eed l\u00fd 8 nh\u00e2n cho hi\u1ec7u n\u0103ng t\u1ed1t, \u0111\u00e1p \u1ee9ng nhu c\u1ea7u s\u1eed d\u1ee5ng, l\u00e0m vi\u1ec7c, gi\u1ea3i tr\u00ed v\u00e0 c\u00e1c ho\u1ea1t \u0111\u1ed9ng th\u01b0\u1eddng ng\u00e0y c\u1ee7a b\u1ea1n.<\/p>\n<p>Thi\u1ebft b\u1ecb n\u00e0y s\u1edf h\u1eefu dung l\u01b0\u1ee3ng RAM 4GB, dung l\u01b0\u1ee3ng b\u1ed9 nh\u1edb trong l\u00ean \u0111\u1ebfn 64GB v\u00e0 c\u00f3 h\u1ed7 tr\u1ee3 khe c\u1eafm th\u1ebb nh\u1edb l\u00ean \u0111\u1ebfn 256GB, \u0111\u1ea3m b\u1ea3o kh\u00f4ng gian l\u01b0u tr\u1eef d\u1eef li\u1ec7u hay c\u00e1c \u1ee9ng d\u1ee5ng th\u00fa v\u1ecb nh\u1ea5t cho ng\u01b0\u1eddi d\u00f9ng.<\/p>\n<p><span> Dung l\u01b0\u1ee3ng pin c\u0169ng c\u1ef1c k\u1ef3&nbsp;\u1ea5n t\u01b0\u1ee3ng: 4100 mAh, gi\u00fap b\u1ea1n c\u00f3 th\u1ec3 ch\u1ee5p \u1ea3nh&nbsp;selfie m\u1ecdi l\u00fac, l\u01b0\u1edbt&nbsp;Facebook, truy c\u1eadp Internet,         ch\u01a1i game th\u1ea3 ga. Khi t\u1eaft m\u00e0n h\u00ecnh, m\u00e1y c\u0169ng t\u1ef1 \u0111\u1ed9ng \u0111i\u1ec1u khi\u1ec3n v\u00e0 t\u1eaft c\u00e1c \u1ee9ng d\u1ee5ng c\u00f3 h\u00e0nh vi ti\u00eau t\u1ed1n pin b\u1ea5t th\u01b0\u1eddng, \u0111\u1ea3m         b\u1ea3o m\u1ee9c n\u0103ng l\u01b0\u1ee3ng t\u1ed1t nh\u1ea5t cho m\u1ed9t ng\u00e0y ho\u1ea1t \u0111\u1ed9ng s\u00f4i n\u1ed5i. <\/span><\/p>\n<p><span><img loading=\"lazy\" decoding=\"async\" title=\"OPPO F3 Plus - H\u00e0ng Ch\u00ednh H\u00e3ng\" alt=\"OPPO F3 Plus - H\u00e0ng Ch\u00ednh H\u00e3ng\" width=\"1000\" height=\"667\" src=\"https:\/\/tikicdn.com\/media\/catalog\/product\/o\/p\/oppof3plusd.u3059.d20170629.t122213.547781.jpg\" style=\"display: block;\"> <br \/> <\/span><\/p>\n<h5>Chuy\u00ean gia Selfie \u0111\u1ec9nh cao &#8211; <a href=\"https:\/\/tiki.vn\/camera-quan-sat\/c4077\">Camera<\/a> Selfie&nbsp;k\u00e9p 16MP + 8MP<\/h5>\n<p><span> V\u1edbi ph\u01b0\u01a1ng ch\u00e2m mang tr\u1ea3i nghi\u1ec7m selfie t\u1ed1t nh\u1ea5t \u0111\u1ebfn v\u1edbi ng\u01b0\u1eddi d\u00f9ng, \u0111i\u1ec7n tho\u1ea1i F3 Plus trang b\u1ecb camera tr\u01b0\u1edbc k\u00e9p, m\u1ed9t 16MP         v\u00e0 m\u1ed9t 8MP v\u1edbi g\u00f3c ch\u1ee5p m\u1edf r\u1ed9ng l\u00ean \u0111\u1ebfn 120 \u0111\u1ed9 <\/span> <span class=\"small-top\"> <\/span> <span> . V\u1edbi 2 camera n\u00e0y, ng\u01b0\u1eddi d\u00f9ng v\u1eeba c\u00f3 th\u1ec3 selfie v\u1eeba c\u00f3 th\u1ec3 groupfie \u201c<a href=\"http:\/\/tiki.vn\/gay-chup-hinh-tu-suong\/c2659\">t\u1ef1 s\u01b0\u1edbng<\/a>\u201d c\u00f9ng gia \u0111\u00ecnh v\u00e0 b\u1ea1n b\u00e8. B\u00ean c\u1ea1nh \u0111\u00f3, Beautify         4.0 c\u00f3 nhi\u1ec1u t\u00f9y ch\u1ecdn \u0111\u1ec3 b\u1ea1n c\u00e2n nh\u1eafc theo \u00fd th\u00edch nh\u1eb1m ch\u1ecdn ra nh\u1eefng b\u1ee9c \u1ea3nh selfie th\u1eadt thu h\u00fat v\u00e0 \u1ea5n t\u01b0\u1ee3ng. <\/span><\/p>\n<p><span><img loading=\"lazy\" decoding=\"async\" title=\"OPPO F3 Plus - H\u00e0ng Ch\u00ednh H\u00e3ng\" alt=\"OPPO F3 Plus - H\u00e0ng Ch\u00ednh H\u00e3ng\" width=\"1000\" height=\"667\" src=\"https:\/\/tikicdn.com\/media\/catalog\/product\/o\/p\/oppof3pluse.u3059.d20170629.t122213.590793.jpg\" style=\"display: block;\"> <\/span><\/p>\n<h5 class=\"line1\"><strong> Vi\u1ec1n \u0103ng-ten \u201c6 d\u00e2y\u201d c\u1ef1c m\u1ecfng &#8211; <\/strong> <strong> C\u1ea3i thi\u1ec7n hi\u1ec7u n\u0103ng Wi-Fi <\/strong><\/h5>\n<p class=\"line3\">L\u1ea5y \u00fd t\u01b0\u1edfng t\u1eeb nh\u1eefng d\u00f2ng k\u1ebb tr\u00ean khu\u00f4ng nh\u1ea1c, nh\u1eefng nh\u00e0 thi\u1ebft k\u1ebf c\u1ee7a OPPO \u0111\u00e3 c\u00e1ch t\u00e2n nh\u1eefng vi\u1ec1n \u0103ng-ten th\u00e0nh nh\u1eefng d\u1ea3i m\u1ecfng kh\u00e1 \u0111\u1eb7c s\u1eafc. Nh\u1eefng vi\u1ec1n d\u00e0y m\u00e0u tr\u1eafng \u1edf m\u1eb7t l\u01b0ng c\u1ee7a h\u1ea7u h\u1ebft c\u00e1c lo\u1ea1i \u0111i\u1ec7n tho\u1ea1i s\u1ebd \u0111\u01b0\u1ee3c thay th\u1ebf b\u1edfi 2 nh\u00f3m nh\u1eefng vi\u1ec1n c\u1ef1c m\u1ecfng, m\u1ed7i vi\u1ec1n r\u1ed9ng ch\u1ec9 0.3mm.<\/p>\n<p class=\"line3\">Di\u1ec7n m\u1ea1o m\u1edbi n\u00e0y \u0111i \u0111\u00f4i v\u1edbi hi\u1ec7u su\u1ea5t m\u1ea1nh m\u1ebd h\u01a1n bao gi\u1edd h\u1ebft. F3 Plus \u0111\u01b0\u1ee3c trang b\u1ecb \u0111\u1ec3 ho\u1ea1t \u0111\u1ed9ng tr\u00ean s\u00e1u d\u00e3y t\u1ea7n s\u1ed1, t\u00edch h\u1ee3p m\u1ed9t b\u1ed9 khu\u1ebfch \u0111\u1ea1i wifi t\u1ef1 \u0111\u1ed9ng b\u1eaft s\u00f3ng 4G v\u00e0 Wi-Fi, b\u1ea5t k\u1ec3 t\u01b0 th\u1ebf c\u1ea7m \u0111i\u1ec7n tho\u1ea1i c\u1ee7a ng\u01b0\u1eddi d\u00f9ng nh\u01b0 th\u1ebf n\u00e0o.<\/p>\n<p class=\"line3\"><img loading=\"lazy\" decoding=\"async\" title=\"OPPO F3 Plus - H\u00e0ng Ch\u00ednh H\u00e3ng\" alt=\"OPPO F3 Plus - H\u00e0ng Ch\u00ednh H\u00e3ng\" width=\"1000\" height=\"667\" src=\"https:\/\/tikicdn.com\/media\/catalog\/product\/o\/p\/oppof3plusf.u3059.d20170629.t122213.627437.jpg\" style=\"display: block;\"><\/p>\n<h5 class=\"line3\"><strong> C\u00f4ng ngh\u1ec7 s\u1ea1c nhanh VOOC &#8211; <\/strong> <strong> 5 ph\u00fat s\u1ea1c &#8211; 2 gi\u1edd li\u00ean l\u1ea1c <\/strong><\/h5>\n<p class=\"line3\">Vi\u00ean pin 4000mAh c\u00f9ng c\u00f4ng ngh\u1ec7 s\u1ea1c nhanh VOOC c\u1ee7a F3 Plus ti\u00ean phong trong gi\u1ea3i ph\u00e1p ti\u1ebft ki\u1ec7m n\u0103ng l\u01b0\u1ee3ng, qu\u1ea3n l\u00fd m\u1ed9t c\u00e1ch th\u00f4ng minh nh\u1eefng \u1ee9ng d\u1ee5ng \u01b0a th\u00edch c\u1ee7a ng\u01b0\u1eddi d\u00f9ng \u0111\u1ec3 b\u1ea3o \u0111\u1ea3m kh\u00f4ng t\u1ed1n pin khi kh\u00f4ng s\u1eed d\u1ee5ng.<\/p>\n<p class=\"line3\"><span> Nh\u1edd v\u00e0o ph\u01b0\u01a1ng ph\u00e1p \u0111i\u1ec7n \u00e1p th\u1ea5p c\u1ee7a m\u00e1y,&nbsp;c\u00f4ng ngh\u1ec7 s\u1ea1c nhanh VOOC cho ph\u00e9p ng\u01b0\u1eddi d\u00f9ng tho\u1ea3i m\u00e1i l\u01b0\u1edbt web, xem video ho\u1eb7c         ch\u01a1i game m\u00e0 v\u1eabn c\u00f3 th\u1ec3 s\u1ea1c nhanh \u0111i\u1ec7n tho\u1ea1i. Gi\u1ea3i ph\u00e1p \u0111i\u1ec7n \u00e1p th\u1ea5p c\u1ee7a OPPO kh\u00f4ng l\u00e0m n\u00f3ng m\u00e1y c\u1ea3 khi \u0111i\u1ec7n tho\u1ea1i \u0111ang ch\u1ea1y         nhi\u1ec1u \u1ee9ng d\u1ee5ng n\u1eb7ng trong qu\u00e1 tr\u00ecnh s\u1ea1c. <\/span><\/p>\n<p class=\"line3\"><span><img loading=\"lazy\" decoding=\"async\" title=\"OPPO F3 Plus - H\u00e0ng Ch\u00ednh H\u00e3ng\" alt=\"OPPO F3 Plus - H\u00e0ng Ch\u00ednh H\u00e3ng\" width=\"1000\" height=\"667\" src=\"https:\/\/tikicdn.com\/media\/catalog\/product\/o\/p\/oppof3plusg.u3059.d20170629.t122213.662797.jpg\" style=\"display: block;\"> <br \/> <\/span><\/p>\n<h5 class=\"line3\">C\u1ea3m&nbsp;\u1ee9ng v\u00e2n tay si\u00eau nh\u1ea1y 0.2s<\/h5>\n<p><span> F3 Plus s\u1eed d\u1ee5ng c\u1ea3m bi\u1ebfn v\u00e2n tay \u0111\u1ec3 m\u1edf kh\u00f3a ch\u1ec9 b\u1eb1ng m\u1ed9t c\u00e1i ch\u1ea1m nh\u1eb9. M\u00e0ng ch\u1ed1ng n\u01b0\u1edbc \u00e1p d\u1ee5ng hi\u1ec7u \u1ee9ng l\u00e1 sen si\u00eau ch\u1ecbu         n\u01b0\u1edbc n\u00ean \u0111\u1ea7u \u0111\u1ecdc d\u1ea5u v\u00e2n tay c\u00f3 t\u1ef7 l\u1ec7 th\u00e0nh c\u00f4ng cao th\u1eadm ch\u00ed khi nh\u1eefng ng\u00f3n tay c\u1ee7a ng\u01b0\u1eddi d\u00f9ng b\u1ecb \u01b0\u1edbt.         <\/p>\n<p> <img loading=\"lazy\" decoding=\"async\" title=\"OPPO F3 Plus - H\u00e0ng Ch\u00ednh H\u00e3ng\" alt=\"OPPO F3 Plus - H\u00e0ng Ch\u00ednh H\u00e3ng\" width=\"1000\" height=\"667\" src=\"https:\/\/tikicdn.com\/media\/catalog\/product\/o\/p\/oppof3plush.u3059.d20170629.t122213.697811.jpg\" style=\"display: block;\"> <\/span><\/p>\n<p style=\"text-align: center;\"><span> <br \/> <\/span><\/p>\n<\/p><\/div>\n<\/p><\/div>\n<\/p><\/div>\n<\/p><\/div>\n<\/div>\n","protected":false},"excerpt":{"rendered":"<p>Ch\u00ednh h\u00e3ng, Nguy\u00ean seal, M\u1edbi 100%, Ch\u01b0a Active<\/p>\n<p>Mi\u1ec5n ph\u00ed giao h\u00e0ng to\u00e0n qu\u1ed1c<\/p>\n<p>Thi\u1ebft k\u1ebf: Nguy\u00ean kh\u1ed1i<\/p>\n<p>M\u00e0n h\u00ecnh: IPS LCD, 6 inch Full HD<\/p>\n<p>Camera Tr\u01b0\u1edbc\/Sau: 16MP v\u00e0 8MP\/16MP<\/p>\n<p>CPU: Snapdragon 653 8 nh\u00e2n 64-bit<\/p>\n<p>B\u1ed9 Nh\u1edb: 64GB<\/p>\n<p>RAM: 4GB<\/p>\n<p>SIM: 2 Nano SIM<\/p>\n<p>T\u00ednh n\u0103ng: M\u1edf \u1ee9ng d\u1ee5ng nhanh b\u1eb1ng v\u00e2n tay, h\u00ecnh v\u1ebd<\/p>\n","protected":false},"featured_media":579,"template":"","meta":{"_acf_changed":false},"product_cat":[77],"product_tag":[],"class_list":{"0":"post-578","1":"product","2":"type-product","3":"status-publish","4":"has-post-thumbnail","6":"product_cat-phan-mem-chu-ky-so","8":"first","9":"instock","10":"sale","11":"taxable","12":"shipping-taxable","13":"purchasable","14":"product-type-simple"},"acf":[],"_links":{"self":[{"href":"https:\/\/zsoftware.vn\/index.php?rest_route=\/wp\/v2\/product\/578"}],"collection":[{"href":"https:\/\/zsoftware.vn\/index.php?rest_route=\/wp\/v2\/product"}],"about":[{"href":"https:\/\/zsoftware.vn\/index.php?rest_route=\/wp\/v2\/types\/product"}],"wp:featuredmedia":[{"embeddable":true,"href":"https:\/\/zsoftware.vn\/index.php?rest_route=\/wp\/v2\/media\/579"}],"wp:attachment":[{"href":"https:\/\/zsoftware.vn\/index.php?rest_route=%2Fwp%2Fv2%2Fmedia&parent=578"}],"wp:term":[{"taxonomy":"product_cat","embeddable":true,"href":"https:\/\/zsoftware.vn\/index.php?rest_route=%2Fwp%2Fv2%2Fproduct_cat&post=578"},{"taxonomy":"product_tag","embeddable":true,"href":"https:\/\/zsoftware.vn\/index.php?rest_route=%2Fwp%2Fv2%2Fproduct_tag&post=578"}],"curies":[{"name":"wp","href":"https:\/\/api.w.org\/{rel}","templated":true}]}}