{"id":592,"date":"2018-01-01T14:00:54","date_gmt":"2018-01-01T14:00:54","guid":{"rendered":"http:\/\/localhost:8085\/tiki\/?post_type=product&#038;p=592"},"modified":"2019-09-07T17:37:16","modified_gmt":"2019-09-07T10:37:16","slug":"dien-thoai-iphone-x-64gb-hang-chinh-hang","status":"publish","type":"product","link":"https:\/\/zsoftware.vn\/?product=dien-thoai-iphone-x-64gb-hang-chinh-hang","title":{"rendered":"\u0110i\u1ec7n Tho\u1ea1i iPhone X 64GB &#8211; H\u00e0ng Ch\u00ednh H\u00e3ng"},"content":{"rendered":"<div class=\"left\">\n<h3 class=\"product-table-title\">Th\u00f4ng Tin Chi Ti\u1ebft<\/h3>\n<div class=\"white-panel\">\n<div class=\"attribute-table multi-table\"><\/div>\n<table id=\"chi-tiet\" cellspacing=\"0\" class=\"table table-bordered table-detail table-striped\">\n<colgroup>\n<col style=\"width: 25%\">\n<col>\n            <\/colgroup>\n<tbody>\n<tr>\n<td>Th\u01b0\u01a1ng hi\u1ec7u<\/td>\n<td class=\"last\">\n                        <a href=\"http:\/\/tiki.vn\/thuong-hieu\/apple.html\">Apple<\/a><\/p>\n<\/td>\n<\/tr>\n<tr>\n<td>Model<\/td>\n<td class=\"last\">\n                        iPhone X 64GB\n                    <\/td>\n<\/tr>\n<tr>\n<td>M\u00e3 part<\/td>\n<td class=\"last\">\n                        M\u00e3 Qu\u1ed1c T\u1ebf: LL\/ZA\/ZP\/..\n                    <\/td>\n<\/tr>\n<tr>\n<td>Ph\u1ee5 ki\u1ec7n \u0111i k\u00e8m<\/td>\n<td class=\"last\">\n<ul>\n<li>S\u1ea1c<\/li>\n<li>Pin<\/li>\n<li>S\u00e1ch HDSD<\/li>\n<li>D\u00e2y c\u00e1p<\/li>\n<li>Tai nghe<\/li>\n<\/ul>\n<\/td>\n<\/tr>\n<tr>\n<td>Lo\u1ea1i \/ C\u00f4ng ngh\u1ec7 m\u00e0n h\u00ecnh<\/td>\n<td class=\"last\">\n                        AMOLED capacitive touchscreen\n                    <\/td>\n<\/tr>\n<tr>\n<td>K\u00edch th\u01b0\u1edbc m\u00e0n h\u00ecnh<\/td>\n<td class=\"last\">\n                        5.8 inch\n                    <\/td>\n<\/tr>\n<tr>\n<td>\u0110\u1ed9 ph\u00e2n gi\u1ea3i m\u00e0n h\u00ecnh<\/td>\n<td class=\"last\">\n                        1125 x 2436 pixels\n                    <\/td>\n<\/tr>\n<tr>\n<td>Hi\u1ec3n th\u1ecb m\u00e0u s\u1eafc<\/td>\n<td class=\"last\">\n                        H\u01a1n 16 tri\u1ec7u m\u00e0u\n                    <\/td>\n<\/tr>\n<tr>\n<td>Camera tr\u01b0\u1edbc<\/td>\n<td class=\"last\">\n                        7 MP, f\/2.2\n                    <\/td>\n<\/tr>\n<tr>\n<td>Camera sau<\/td>\n<td class=\"last\">\n                        2 camera 12 MP, f\/1.8, f\/2.4, 1080p@30fps, 720p@240fps\n                    <\/td>\n<\/tr>\n<tr>\n<td>T\u00ednh n\u0103ng camera<\/td>\n<td class=\"last\">\n                        T\u1ef1 \u0111\u1ed9ng l\u1ea5y n\u00e9t nh\u1eadn di\u1ec7n theo giai \u0111o\u1ea1n, OIS, 4 LED flash (2 tone)\n                    <\/td>\n<\/tr>\n<tr>\n<td>\u0110\u00e8n Flash<\/td>\n<td class=\"last\">\n                        4 LED flash (2 tone)\n                    <\/td>\n<\/tr>\n<tr>\n<td>Videocall<\/td>\n<td class=\"last\">\n                        H\u1ed7 tr\u1ee3 \u1ee9ng d\u1ee5ng qua Videocall\n                    <\/td>\n<\/tr>\n<tr>\n<td>Quay phim<\/td>\n<td class=\"last\">\n                        2160p@24\/30\/60fps, 1080p@30\/60\/120\/240fps\n                    <\/td>\n<\/tr>\n<tr>\n<td>B\u1ed9 Nh\u1edb RAM<\/td>\n<td class=\"last\">\n                        3GB\n                    <\/td>\n<\/tr>\n<tr>\n<td>B\u1ed9 nh\u1edb trong (ROM)<\/td>\n<td class=\"last\">\n                        64GB\n                    <\/td>\n<\/tr>\n<tr>\n<td>Tr\u1ecdng l\u01b0\u1ee3ng<\/td>\n<td class=\"last\">\n                        174 g (6.14 oz)\n                    <\/td>\n<\/tr>\n<tr>\n<td>K\u00edch th\u01b0\u1edbc<\/td>\n<td class=\"last\">\n                        143.6 x 70.9 x 7.7 mm (5.65 x 2.79 x 0.30 in)\n                    <\/td>\n<\/tr>\n<tr>\n<td>T\u00ean chip<\/td>\n<td class=\"last\">\n                        Apple A11 Bionic\n                    <\/td>\n<\/tr>\n<tr>\n<td>T\u1ed1c \u0111\u1ed9 chip (GHz)<\/td>\n<td class=\"last\">\n                        \u0110ang c\u1eadp nh\u1eadt\n                    <\/td>\n<\/tr>\n<tr>\n<td>Chip \u0111\u1ed3 h\u1ecda (GPU)<\/td>\n<td class=\"last\">\n                        Apple GPU (three-core graphics)\n                    <\/td>\n<\/tr>\n<tr>\n<td>H\u1ec7 \u0111i\u1ec1u h\u00e0nh<\/td>\n<td class=\"last\">\n                        iOS 11\n                    <\/td>\n<\/tr>\n<tr>\n<td>Dung l\u01b0\u1ee3ng pin (mAh)<\/td>\n<td class=\"last\">\n                        \u0110ang c\u1eadp nh\u1eadt\n                    <\/td>\n<\/tr>\n<tr>\n<td>Lo\u1ea1i pin<\/td>\n<td class=\"last\">\n                        Pin chu\u1ea9n Li-Ion\n                    <\/td>\n<\/tr>\n<tr>\n<td>B\u0103ng t\u1ea7n 3G<\/td>\n<td class=\"last\">\n                        C\u00f3\n                    <\/td>\n<\/tr>\n<tr>\n<td>H\u00f4\u0303 tr\u01a1\u0323 4G<\/td>\n<td class=\"last\">\n                        C\u00f3\n                    <\/td>\n<\/tr>\n<tr>\n<td>Lo\u1ea1i Sim<\/td>\n<td class=\"last\">\n                        Nano SIM\n                    <\/td>\n<\/tr>\n<tr>\n<td>S\u1ed1 khe sim<\/td>\n<td class=\"last\">\n                        1\n                    <\/td>\n<\/tr>\n<tr>\n<td>Wifi<\/td>\n<td class=\"last\">\n                        Wi-Fi 802.11 a\/b\/g\/n\/ac, Dual-band, Wi-Fi hotspot\n                    <\/td>\n<\/tr>\n<tr>\n<td>GPS<\/td>\n<td class=\"last\">\n                        A-GPS, GLONASS\n                    <\/td>\n<\/tr>\n<tr>\n<td>Bluetooth<\/td>\n<td class=\"last\">\n                        v5.0, A2DP, LE, EDR\n                    <\/td>\n<\/tr>\n<tr>\n<td>NFC<\/td>\n<td class=\"last\">\n                        C\u00f3\n                    <\/td>\n<\/tr>\n<tr>\n<td>K\u1ebft n\u1ed1i kh\u00e1c<\/td>\n<td class=\"last\">\n                        NFC, OTG\n                    <\/td>\n<\/tr>\n<tr>\n<td>C\u1ed5ng s\u1ea1c<\/td>\n<td class=\"last\">\n                        Lightning\n                    <\/td>\n<\/tr>\n<tr>\n<td>Jack tai nghe<\/td>\n<td class=\"last\">\n                        Kh\u00f4ng\n                    <\/td>\n<\/tr>\n<tr>\n<td>Xem phim<\/td>\n<td class=\"last\">\n                        H.265, 3GP, MP4, AVI, WMV, H.263, H.264(MPEG4-AVC)\n                    <\/td>\n<\/tr>\n<tr>\n<td>Nghe nh\u1ea1c<\/td>\n<td class=\"last\">\n                        Lossless, Midi, MP3, WAV, WMA, WMA9, AAC, AAC+, AAC++, eAAC+\n                    <\/td>\n<\/tr>\n<tr>\n<td>Ghi \u00e2m<\/td>\n<td class=\"last\">\n                        C\u00f3, microphone chuy\u00ean d\u1ee5ng ch\u1ed1ng \u1ed3n\n                    <\/td>\n<\/tr>\n<tr>\n<td>FM radio<\/td>\n<td class=\"last\">\n                        Kh\u00f4ng\n                    <\/td>\n<\/tr>\n<tr>\n<td>SKU<\/td>\n<td class=\"last\">\n                        9945146786283\n                    <\/td>\n<\/tr>\n<\/tbody>\n<\/table><\/div>\n<h3 class=\"product-table-title\">M\u00f4 T\u1ea3 S\u1ea3n Ph\u1ea9m<\/h3>\n<div class=\"white-panel\">\n<div class=\"product-description\">\n<div class=\"product-content-detail\">\n<div id=\"gioi-thieu\" class=\"content js-content expand\" style=\"max-height: none\">\n<h5>Thi\u1ebft k\u1ebf l\u1ea1 m\u1eaft kh\u00f4ng n\u00fat Home c\u1ee9ng<\/h5>\n<p><strong>\u0110i\u1ec7n Tho\u1ea1i iPhone X 64GB<\/strong> l\u00e0 chi\u1ebfc \u0111i\u1ec7n tho\u1ea1i ho\u00e0n to\u00e0n m\u1edbi c\u1ee7a Apple v\u1eeba m\u1edbi ra m\u1eaft tu\u1ea7n v\u1eeba qua. Tr\u00ean c\u01a1 b\u1ea3n, iPhone X v\u1eabn c\u00f3 nh\u1eefng t\u00ednh n\u0103ng nh\u01b0 nh\u1eefng d\u00f2ng iPhone kh\u00e1c nh\u01b0ng thi\u1ebft k\u1ebf b\u00ean ngo\u00e0i l\u1ea1 m\u1eaft h\u01a1n, kh\u00f4ng trang b\u1ecb n\u00fat Home c\u1ee9ng, vi\u1ec1n kim lo\u1ea1i sang tr\u1ecdng v\u00e0 \u0111\u1eb7c bi\u1ec7t l\u00e0 c\u1ee5m camera sau \u0111\u01b0\u1ee3c trang b\u1ecb theo chi\u1ec1u d\u1ecdc t\u1ea1o \u0111i\u1ec3m nh\u1ea5n cho chi\u1ebfc \u0111i\u1ec7n tho\u1ea1i.<\/p>\n<p style=\"text-align: center\"><img loading=\"lazy\" decoding=\"async\" alt=\"\" width=\"850\" height=\"567\" src=\"https:\/\/vdcn.tikicdn.com\/ts\/tmp\/21\/0d\/8d\/d26083064fb4b7117b8154ad80971982.jpeg\"><\/p>\n<h5>M\u00e0n h\u00ecnh l\u1edbn 5.8 inch<\/h5>\n<p>S\u1edf h\u1eefu k\u00edch th\u01b0\u1edbc m\u00e0n h\u00ecnh l\u1edbn 5.8 inch v\u1edbi \u0111\u1ed9 ph\u00e2n gi\u1ea3i 1125 x 2436 pixels, m\u1eadt \u0111\u1ed9 \u0111i\u1ec3m \u1ea3nh 458 ppi pixel mang \u0111\u1ebfn kh\u1ea3 n\u0103ng hi\u1ec3n th\u1ecb m\u00e0u s\u1eafc \u1ea5n t\u01b0\u1ee3ng, s\u1eafc n\u00e9t cho b\u1ea1n tr\u1ea3i nghi\u1ec7m \u1edf m\u1ecdi g\u00f3c nh\u00ecn. M\u00e0n h\u00ecnh l\u01b0\u1ee3c b\u1ecf n\u00fat Home c\u1ee9ng truy\u1ec1n th\u1ed1ng t\u1ea1o c\u1ea3m gi\u00e1c l\u1ea1 m\u1eaft v\u00e0 t\u1ea1o nhi\u1ec1u kh\u00f4ng gian h\u01a1n cho ng\u01b0\u1eddi d\u00f9ng.<\/p>\n<p>B\u00ean c\u1ea1nh \u0111\u00f3, iPhone X v\u1eabn \u0111\u01b0\u1ee3c trang b\u1ecb c\u00f4ng ngh\u1ec7 s\u1ea1c nhanh v\u00e0 s\u1ea1c kh\u00f4ng d\u00e2y&nbsp;hi\u1ec7n \u0111\u1ea1i m\u00e0 ng\u01b0\u1eddi d\u00f9ng mong \u0111\u1ee3i t\u1eeb l\u00e2u.<\/p>\n<p style=\"text-align: center\"><img loading=\"lazy\" decoding=\"async\" alt=\"\" width=\"850\" height=\"567\" src=\"https:\/\/vdcn.tikicdn.com\/ts\/tmp\/0f\/cd\/f6\/e0ee869da37d3bfe8a76ead8bbdbed2d.jpeg\"><\/p>\n<h5>C\u00f4ng ngh\u1ec7 Face ID<\/h5>\n<p>Face ID l\u00e0 c\u00f4ng ngh\u1ec7 \u0111\u01b0\u1ee3c ph\u00e1t tri\u1ec3n d\u1ef1a tr\u00ean Touch ID, s\u1eed d\u1ee5ng m\u1ed9t lo\u1ea1t c\u1ea3m bi\u1ebfn ph\u00eda tr\u01b0\u1edbc, m\u00e1y \u1ea3nh TrueDepth v\u00e0 m\u00e1y chi\u1ebfu ch\u1ea5m h\u1ed3ng ngo\u1ea1i \u0111\u1ec3 t\u1ea1o ra b\u1ea3n \u0111\u1ed3 3D c\u1ef1c k\u1ef3 chi ti\u1ebft d\u00e0nh cho khu\u00f4n m\u1eb7t c\u1ee7a b\u1ea1n. M\u00e1y chi\u1ebfu ch\u1ea5m h\u1ed3ng ngo\u1ea1i t\u1ea1o ra 30.000 \u0111i\u1ec3m v\u00f4 h\u00ecnh tr\u00ean khu\u00f4n m\u1eb7t m\u1ed7i khi b\u1ea1n nh\u00ecn v\u00e0o \u0111i\u1ec7n tho\u1ea1i \u0111\u1ec3 \u0111\u1ea3m b\u1ea3o \u0111\u1ed9 ch\u00ednh x\u00e1c khi qu\u00e9t. C\u00f4ng ngh\u1ec7 n\u00e0y s\u1ebd gi\u00fap b\u1ea1n b\u1ea3o m\u1eadt th\u00f4ng tin m\u1ed9t c\u00e1ch t\u1ed1t h\u01a1n.<\/p>\n<p>Face ID nh\u1eadn di\u1ec7n t\u1ed1t ngay c\u1ea3 khi ch\u1ee7 nh\u00e2n c\u1ee7a m\u00e1y thay \u0111\u1ed5i ki\u1ec3u t\u00f3c, \u0111\u1ed9i m\u0169, \u0111eo k\u00ednh r\u00e2m. B\u1ea1n kh\u00f4ng th\u1ec3 \u0111\u00e1nh l\u1eeba t\u00ednh n\u0103ng si\u00eau \u0111\u1eb7c bi\u1ec7t n\u00e0y c\u1ee7a Apple b\u1eb1ng nh\u1eefng b\u1ee9c \u1ea3nh, m\u00e1y c\u0169ng s\u1ebd kh\u00f4ng nh\u1eadn di\u1ec7n n\u1ebfu b\u1ea1n nh\u1eafm m\u1eaft.<\/p>\n<p style=\"text-align: center\"><img loading=\"lazy\" decoding=\"async\" alt=\"\" width=\"850\" height=\"567\" data-src=\"https:\/\/vdcn.tikicdn.com\/ts\/tmp\/37\/06\/1e\/0f01541c9c74ec3fffe911422e28869c.jpeg\" src=\"image\/gif;base64,R0lGODlhAQABAIAAAP\/\/\/wAAACH5BAEAAAAALAAAAAABAAEAAAICRAEAOw==\"><\/p>\n<h5>C\u1ea5u h\u00ecnh m\u1ea1nh m\u1ebd, m\u01b0\u1ee3t m\u00e0<\/h5>\n<p>C\u0169ng gi\u1ed1ng nh\u01b0 iPhone 8 v\u00e0 iPhone 8 Plus, iPhone X s\u1eed d\u1ee5ng chip A11 Bionic c\u00f3 s\u1ee9c m\u1ea1nh cao c\u1ea5p nh\u1ea5t t\u00ednh \u0111\u1ebfn th\u1eddi \u0111i\u1ec3m ra m\u1eaft. Theo Apple, con chip Apple A11 Bionic n\u00e0y g\u1ed3m c\u00f3 6 nh\u00e2n v\u1edbi 4,3 t\u1ef7 b\u00f3ng b\u00e1n d\u1eabn, t\u1ed1c \u0111\u1ed9 x\u1eed l\u00fd GPU cao h\u01a1n 30% so v\u1edbi th\u1ebf h\u1ec7 chip A10 v\u00e0 \u0111i\u1ec7n n\u0103ng ti\u00eau th\u1ee5 gi\u1ea3m m\u1ed9t n\u1eeda. V\u1ec1 hi\u1ec7u n\u0103ng, A11 m\u1ea1nh h\u01a1n 70% \u1edf 4 nh\u00e2n ti\u1ebft ki\u1ec7m \u0111i\u1ec7n v\u00e0 25% \u1edf 2 nh\u00e2n hi\u1ec7u n\u0103ng cao so v\u1edbi A10.<\/p>\n<p>iPhone X trang b\u1ecb RAM 3GB, b\u1ed9 nh\u1edb trong 64GB, h\u1ed7 tr\u1ee3 AR, co\u0301 k\u00ea\u0301t n\u00f4\u0301i LTE Advanced, Bluetooth 5.0 v\u00e0 ch\u1ea1y tr\u00ean h\u1ec7 \u0111i\u1ec1u h\u00e0nh iOS 11 cho kh\u1ea3 n\u0103ng ho\u1ea1t \u0111\u1ed9ng m\u1ea1nh m\u1ebd, \u0111a nhi\u1ec7m.<\/p>\n<p style=\"text-align: center\"><img loading=\"lazy\" decoding=\"async\" alt=\"\" width=\"850\" height=\"567\" data-src=\"https:\/\/vdcn.tikicdn.com\/ts\/tmp\/72\/a7\/df\/74df6331c182d57e75fb205768d6bdca.jpeg\" src=\"image\/gif;base64,R0lGODlhAQABAIAAAP\/\/\/wAAACH5BAEAAAAALAAAAAABAAEAAAICRAEAOw==\"><\/p>\n<h5>C\u1eb7p \u0111\u00f4i camera \u1ea5n t\u01b0\u1ee3ng<\/h5>\n<p>iPhone X&nbsp;\u0111\u01b0\u1ee3c trang b\u1ecb camera k\u00e9p ph\u00eda sau bao g\u1ed3m 1 camera ch\u00ednh v\u1edbi \u0111\u1ed9 ph\u00e2n gi\u1ea3i 12MP, kh\u1ea9u \u0111\u1ed9 f\/1.8 v\u00e0 m\u1ed9t camera b\u00ean c\u1ea1nh c\u00f9ng \u0111\u1ed9 ph\u00e2n gi\u1ea3i 12MP nh\u01b0ng v\u1edbi kh\u1ea9u \u0111\u1ed9 f\/2.4 c\u00f3 zoom quang h\u1ecdc 2X. \u0110i\u1ec3m m\u1edbi l\u00e0 ch\u00fang \u0111\u1ec1u \u0111\u01b0\u1ee3c b\u1ed5 sung t\u00ednh n\u0103ng \u1ed5n \u0111\u1ecbnh h\u00ecnh \u1ea3nh quang h\u1ecdc, ch\u1ebf \u0111\u1ed9 ch\u1ee5p ch\u00e2n dung m\u1edbi v\u1edbi kh\u1ea3 n\u0103ng ch\u1ec9nh s\u00e1ng theo th\u1eddi gian th\u1ef1c. Ngo\u00e0i ra \u0111i\u1ec7n tho\u1ea1i c\u00f2n h\u1ed7 tr\u1ee3 quay video 4K @60fps, v\u00e0 n\u00e2ng ti\u1ebfp video 240fps l\u00ean \u0111\u1ed9 ph\u00e2n gi\u1ea3i 1080p.<\/p>\n<p>Camera m\u1eb7t tr\u01b0\u1edbc gi\u1eef \u0111\u1ed9 ph\u00e2n gi\u1ea3i 7MP, kh\u1ea9u \u0111\u1ed9 f\/2.2 c\u00f9ng v\u1edbi c\u00e1c Retina flash ph\u00f9 h\u1ee3p v\u1edbi \u00e1nh s\u00e1ng xung quanh, mang \u0111\u1ebfn b\u1ea1n b\u1ee9c \u1ea3nh v\u1edbi t\u00f4ng m\u00e0u da t\u1ef1 nhi\u00ean v\u00e0 \u0111\u1eb9p m\u1eaft. B\u1ea1n c\u00f3 th\u1ec3 th\u1ecfa s\u1ee9c selfie ho\u1eb7c video call v\u1edbi b\u1ea1n b\u00e8, ng\u01b0\u1eddi th\u00e2n m\u1ed9t c\u00e1ch nhanh ch\u00f3ng.<\/p>\n<p style=\"text-align: center\"><img loading=\"lazy\" decoding=\"async\" alt=\"\" width=\"850\" height=\"567\" data-src=\"https:\/\/vdcn.tikicdn.com\/ts\/tmp\/71\/24\/d7\/77274b5e34c7adc0de89fa41fc93b69e.jpeg\" src=\"image\/gif;base64,R0lGODlhAQABAIAAAP\/\/\/wAAACH5BAEAAAAALAAAAAABAAEAAAICRAEAOw==\"><\/p>\n<\/p><\/div>\n<\/p><\/div>\n<\/p><\/div>\n<\/p><\/div>\n<\/div>\n","protected":false},"excerpt":{"rendered":"<p>M\u00e3 Qu\u1ed1c T\u1ebf: LL\/ZA\/ZP\/..<\/p>\n<p>Ch\u00ednh h\u00e3ng, Nguy\u00ean seal, M\u1edbi 100%, Ch\u01b0a Active<\/p>\n<p>Mi\u1ec5n ph\u00ed giao h\u00e0ng to\u00e0n qu\u1ed1c<\/p>\n<p>Thi\u1ebft k\u1ebf: Nguy\u00ean kh\u1ed1i<\/p>\n<p>M\u00e0n h\u00ecnh: Super AMOLED capacitive touchscreen, 5.8 inch HD<\/p>\n<p>Camera Tr\u01b0\u1edbc\/Sau: 7MP\/ 2 camera 12MP<\/p>\n<p>CPU: Apple A11 Bionic 6 nh\u00e2n<\/p>\n<p>B\u1ed9 Nh\u1edb: 64GB<\/p>\n<p>RAM: 3GB<\/p>\n<p>SIM: 1 Nano SIM<\/p>\n<p>T\u00ednh n\u0103ng: Ch\u1ed1ng n\u01b0\u1edbc, ch\u1ed1ng b\u1ee5i, Face ID<\/p>\n","protected":false},"featured_media":593,"template":"","meta":{"_acf_changed":false},"product_cat":[77,108],"product_tag":[],"class_list":{"0":"post-592","1":"product","2":"type-product","3":"status-publish","4":"has-post-thumbnail","6":"product_cat-phan-mem-chu-ky-so","7":"product_cat-phan-mem-quan-ly-benh-vien-phong-kham","9":"first","10":"instock","11":"sale","12":"taxable","13":"shipping-taxable","14":"purchasable","15":"product-type-simple"},"acf":[],"_links":{"self":[{"href":"https:\/\/zsoftware.vn\/index.php?rest_route=\/wp\/v2\/product\/592"}],"collection":[{"href":"https:\/\/zsoftware.vn\/index.php?rest_route=\/wp\/v2\/product"}],"about":[{"href":"https:\/\/zsoftware.vn\/index.php?rest_route=\/wp\/v2\/types\/product"}],"wp:featuredmedia":[{"embeddable":true,"href":"https:\/\/zsoftware.vn\/index.php?rest_route=\/wp\/v2\/media\/593"}],"wp:attachment":[{"href":"https:\/\/zsoftware.vn\/index.php?rest_route=%2Fwp%2Fv2%2Fmedia&parent=592"}],"wp:term":[{"taxonomy":"product_cat","embeddable":true,"href":"https:\/\/zsoftware.vn\/index.php?rest_route=%2Fwp%2Fv2%2Fproduct_cat&post=592"},{"taxonomy":"product_tag","embeddable":true,"href":"https:\/\/zsoftware.vn\/index.php?rest_route=%2Fwp%2Fv2%2Fproduct_tag&post=592"}],"curies":[{"name":"wp","href":"https:\/\/api.w.org\/{rel}","templated":true}]}}