{"id":599,"date":"2017-12-31T03:12:23","date_gmt":"2017-12-31T03:12:23","guid":{"rendered":"http:\/\/localhost:8085\/tiki\/?post_type=product&#038;p=599"},"modified":"2024-10-03T10:53:11","modified_gmt":"2024-10-03T03:53:11","slug":"dien-thoai-iphone-6s-32gb-hang-chinh-hang","status":"publish","type":"product","link":"https:\/\/zsoftware.vn\/?product=dien-thoai-iphone-6s-32gb-hang-chinh-hang","title":{"rendered":"H\u1ec7 th\u1ed1ng B\u1ec7nh \u00e1n \u0111i\u1ec7n t\u1eed OneEMR"},"content":{"rendered":"<div class=\"left\">\n<div class=\"white-panel\">\n<div class=\"product-description\">\n<div class=\"product-content-detail attribute-table multi-table\">\n<div id=\"gioi-thieu\" class=\"content js-content expand\" style=\"max-height: none;\">\n<p style=\"font-weight: 400;\">B\u1ec7nh \u00e1n \u0111i\u1ec7n t\u1eed OneEMR l\u00e0 n\u01a1i l\u01b0u tr\u1eef, qu\u1ea3n l\u00fd to\u00e0n b\u1ed9 th\u00f4ng tin c\u1ee7a b\u00eanh nh\u00e2n v\u1ec1: t\u00ean, \u0111\u1ecba ch\u1ec9, c\u00e1c d\u1ecbch v\u1ee5 kh\u00e1m ch\u1eefa b\u1ec7nh \u0111\u00e3 th\u1ef1c hi\u1ec7n, toa thu\u1ed1c, k\u1ebft qu\u1ea3 x\u00e9t nghi\u1ec7m c\u1ee7a b\u1ec7nh nh\u00e2n. Nh\u1eefng th\u00f4ng tin n\u00e0y s\u1ebd \u0111\u01b0\u1ee3c l\u01b0u tr\u1eef m\u00e3i m\u00e3i tr\u00ean ph\u1ea7n m\u1ec1m gi\u00fap b\u00e1c s\u0129 v\u00e0 b\u1ec7nh nh\u00e2n ch\u1ee7 \u0111\u1ed9ng trong b\u1ea3o v\u1ec7 s\u1ee9c kh\u1ecfe v\u00e0 \u0111i\u1ec1u tr\u1ecb b\u1ec7nh, nhanh ch\u00f3ng ph\u00e1t hi\u1ec7n b\u1ec7nh k\u1ecbp th\u1eddi v\u00e0 \u0111\u01b0a ra c\u00e1c ph\u00e1p \u0111\u1ed3 \u0111i\u1ec1u tr\u1ecb ph\u00f9 h\u1ee3p.<\/p>\n<p style=\"font-weight: 400;\">OneEMR ho\u1ea1t \u0111\u1ed9ng nh\u01b0 m\u1ed9t h\u1ec7 th\u1ed1ng \u0111\u1ed9c l\u1eadp, \u0111\u00f3ng vai tr\u00f2 kho d\u1eef li\u1ec7u c\u1ee7a b\u1ec7nh \u00e1n trung t\u00e2m, d\u1ec5 d\u00e0ng t\u00edch h\u1ee3p v\u00e0 trao \u0111\u1ed5i d\u1eef li\u1ec7u v\u1edbi HIS, LIS, PACS\/RIS c\u0169ng nh\u01b0 c\u00e1c h\u1ec7 th\u1ed1ng kh\u00e1c \u0111ang ho\u1ea1t \u0111\u1ed9ng t\u1ea1i c\u01a1 s\u1edf kh\u00e1m ch\u1eefa b\u1ec7nh.<\/p>\n<p style=\"font-weight: 400;\"><b><strong>\u0110i\u1ec3m n\u1ed5i b\u1eadt OneEMR:<\/strong><\/b><\/p>\n<ul style=\"font-weight: 400;\">\n<li>Cho ph\u00e9p theo d\u00f5i b\u1ec7nh \u00e1n c\u1ee7a ng\u01b0\u1eddi b\u1ec7nh b\u1eb1ng c\u00e1c \u1ee9ng d\u1ee5ng c\u00f4ng ngh\u1ec7 ti\u00ean ti\u1ebfn nh\u1ea5t nh\u01b0 Big Data, AI, IoT\u2026 c\u00e1c c\u00f4ng t\u00e1c t\u1ef1 \u0111\u1ed9ng c\u1ea3nh b\u00e1o gi\u00fap cho vi\u1ec7c l\u01b0u tr\u1eef h\u1ed3 s\u01a1 b\u1ec7nh \u00e1n \u0111i\u1ec7n t\u1eed m\u1ed9t c\u00e1ch chi ti\u1ebft v\u00e0 th\u1ed1ng nh\u1ea5t.<\/li>\n<li>H\u1ed7 tr\u1ee3 r\u1ea5t t\u1ed1t \u0111\u1ed1i v\u1edbi b\u1ec7nh nh\u00e2n \u0111ang \u0111i\u1ec1u tr\u1ecb b\u1ec7nh l\u00fd m\u00e3n t\u00ednh ho\u1eb7c b\u1ec7nh l\u00fd c\u00f3 nguy c\u01a1 cao nh\u01b0: \u0110\u00e1i th\u00e1o \u0111\u01b0\u1eddng, t\u0103ng\/h\u1ea1 huy\u1ebft \u00e1p, r\u1ed1i lo\u1ea1n nh\u1ecbp tim\u2026 v\u00e0 b\u1ec7nh nh\u00e2n cao tu\u1ed5i vi\u0300 b\u1ec7nh nh\u00e2n ho\u00e0n to\u00e0n d\u1ec5 d\u00e0ng so s\u00e1nh t\u1eebng ch\u1ec9 s\u1ed1 x\u00e9t nghi\u1ec7m, k\u1ebft qu\u1ea3 kh\u00e1m s\u1ee9c kh\u1ecfe t\u1ed5ng qu\u00e1t \u0111\u1ecbnh k\u1ef3\u2026<\/li>\n<li>Kh\u00f4ng ph\u1ea3i l\u01b0u tr\u1eef ca\u0301c lo\u1ea1i gi\u1ea5y t\u1edd nh\u01b0: Phi\u1ebfu kh\u00e1m, phi\u1ebfu k\u1ebft qu\u1ea3 c\u1eadn l\u00e2m s\u00e0ng, \u0111\u01a1n thu\u1ed1c\u2026 kh\u00f4ng ph\u1ea3i lo l\u1eafng l\u00e0m m\u1ea5t k\u1ebft qu\u1ea3 kh\u00e1m b\u1ec7nh, khi \u0111i kh\u00e1m kh\u00f4ng c\u1ea7n ph\u1ea3i mang h\u1ed3 s\u01a1 b\u1ec7nh \u00e1n kh\u00e1m c\u0169 \u0111i theo.<\/li>\n<li>An to\u00e0n v\u00e0 b\u1ea3o m\u1eadt th\u00f4ng tin \u1edf m\u1ee9c cao nh\u1ea5t.<\/li>\n<li>OneEMR cho ph\u00e9p t\u00edch h\u1ee3p ch\u1eef k\u00fd s\u1ed1 v\u00e0 ch\u1ee9ng th\u1ef1c ch\u1eef k\u00fd s\u1ed1 \u0111\u1ec3 \u0111\u1ea3m b\u1ea3o s\u1ed1 h\u00f3a ho\u00e0n to\u00e0n d\u1eef li\u1ec7u b\u1ec7nh nh\u00e2n v\u00e0 kh\u1ea3 n\u0103ng x\u1eed l\u00fd, truy c\u1eadp b\u1ec7nh \u00e1n b\u1edfi nhi\u1ec1u ng\u01b0\u1eddi d\u00f9ng m\u1ed9t l\u00fac.<\/li>\n<li>Giao di\u1ec7n tr\u1ef1c quan, bao qu\u00e1t c\u00e1c th\u00f4ng tin b\u1ec7nh \u00e1n, thao t\u00e1c thu\u1eadn ti\u1ec7n, truy xu\u1ea5t d\u1ec5 d\u00e0ng.<\/li>\n<\/ul>\n<p style=\"font-weight: 400;\"><b><strong>H\u1ea1ng m\u1ee5c ch\u1ee9c n\u0103ng ch\u00ednh:<\/strong><\/b><\/p>\n<ol>\n<li style=\"font-weight: 400;\"><em>\u00a0\u00a0 Qu\u1ea3n l\u00fd th\u00f4ng tin ti\u1ec1n s\u1eed c\u1ee7a b\u1ec7nh nh\u00e2n<\/em><\/li>\n<li style=\"font-weight: 400;\"><em> \u00a0\u00a0 Qu\u1ea3n l\u00fd t\u00e0i li\u1ec7u l\u00e2m s\u00e0ng<br \/>\n<\/em><\/li>\n<li style=\"font-weight: 400;\"><em> \u00a0\u00a0 Qu\u1ea3n l\u00fd ch\u1ec9 \u0111\u1ecbnh<\/em><\/li>\n<li style=\"font-weight: 400;\"><em> \u00a0\u00a0 Qu\u1ea3n l\u00fd k\u1ebft qu\u1ea3 c\u1eadn l\u00e2m s\u00e0ng<\/em><\/li>\n<li style=\"font-weight: 400;\"><em> \u00a0\u00a0 Qu\u1ea3n l\u00fd \u0111i\u1ec1u tr\u1ecb<\/em><\/li>\n<li style=\"font-weight: 400;\"><em> \u00a0\u00a0 Qu\u1ea3n l\u00fd thu\u1ed1c \u0111\u00e3 k\u00ea \u0111\u01a1n cho ng\u01b0\u1eddi b\u1ec7nh<\/em><\/li>\n<li style=\"font-weight: 400;\"><em> \u00a0\u00a0 Qu\u1ea3n l\u00fd th\u00f4ng tin b\u00e1c s\u0129, d\u01b0\u1ee3c s\u0129, nh\u00e2n vi\u00ean y t\u1ebf<\/em><\/li>\n<li style=\"font-weight: 400;\"><em> \u00a0\u00a0 Qu\u1ea3n l\u00fd th\u00f4ng tin nh\u00e2n kh\u1ea9u c\u1ee7a b\u1ec7nh nh\u00e2n v\u00e0 vi\u1ec7c \u0111\u1ed3ng b\u1ed9 th\u00f4ng tin nh\u00e2n kh\u1ea9u<\/em><\/li>\n<li style=\"font-weight: 400;\"><em> \u00a0\u00a0 Qu\u1ea3n l\u00fd vi\u1ec7c k\u1ebft n\u1ed1i, t\u01b0\u01a1ng t\u00e1c v\u1edbi c\u00e1c h\u1ec7 th\u1ed1ng th\u00f4ng tin kh\u00e1c trong b\u1ec7nh vi\u1ec7n<\/em><\/li>\n<li style=\"font-weight: 400;\"><em> \u00a0\u00a0 Qu\u1ea3n l\u00fd h\u1ed3 s\u01a1 b\u1ec7nh \u00e1n theo th\u1eddi gian quy \u0111\u1ecbnh c\u1ee7a Lu\u1eadt kh\u00e1m b\u1ec7nh, ch\u1eefa b\u1ec7nh<\/em><\/li>\n<li style=\"font-weight: 400;\"><em> \u00a0\u00a0 \u0110\u1ed3ng b\u1ed9 h\u1ed3 s\u01a1 b\u1ec7nh \u00e1n<\/em><\/li>\n<li style=\"font-weight: 400;\"><em> \u00a0\u00a0 L\u01b0u tr\u1eef v\u00e0 ph\u1ee5c h\u1ed3i h\u1ed3 s\u01a1 b\u1ec7nh \u00e1n<\/em><\/li>\n<li style=\"font-weight: 400;\"><em> \u00a0\u00a0 An ninh h\u1ec7 th\u1ed1ng<\/em><\/li>\n<li style=\"font-weight: 400;\"><em> \u00a0\u00a0 Ki\u1ec3m tra, gi\u00e1m s\u00e1t<\/em><\/li>\n<li style=\"font-weight: 400;\"><em> \u00a0\u00a0 Qu\u1ea3n l\u00fd danh m\u1ee5c d\u00f9ng chung n\u1ed9i b\u1ed9 v\u00e0 ti\u00eau chu\u1ea9n<\/em><\/li>\n<li style=\"font-weight: 400;\"><em> \u00a0\u00a0 Qu\u1ea3n l\u00fd k\u1ebft n\u1ed1i, li\u00ean th\u00f4ng theo c\u00e1c ti\u00eau chu\u1ea9n<\/em><\/li>\n<li style=\"font-weight: 400;\"><em> \u00a0\u00a0 Qu\u1ea3n l\u00fd c\u00e1c quy t\u1eafc nghi\u1ec7p v\u1ee5 thao t\u00e1c tr\u00ean h\u1ed3 s\u01a1 b\u1ec7nh \u00e1n<\/em><\/li>\n<li style=\"font-weight: 400;\"><em> \u00a0\u00a0 Sao l\u01b0u d\u1ef1 ph\u00f2ng v\u00e0 ph\u1ee5c h\u1ed3i CSDL<\/em><\/li>\n<\/ol>\n<p style=\"font-weight: 400;\"><em><br \/>\n<\/em>ONENET l\u00e0 c\u00f4ng ty uy t\u00edn, c\u00f3 th\u01b0\u01a1ng hi\u1ec7u, chuy\u00ean ph\u00e1t tri\u1ec3n CNTT trong l\u0129nh v\u1ef1c y t\u1ebf, \u0111\u00e3 cung c\u1ea5p ra th\u1ecb tr\u01b0\u1eddng nhi\u1ec1u s\u1ea3n ph\u1ea9m \u0111\u1ea1t ch\u1ea5t l\u01b0\u1ee3ng cao mang l\u1ea1i l\u1ee3i \u00edch to l\u1edbn v\u00e0 s\u1ef1 h\u00e0i l\u00f2ng cho kh\u00e1ch h\u00e0ng. \u0110\u00e3 \u0111\u1ea1t \u0111\u01b0\u1ee3c nhi\u1ec1u gi\u1ea3i th\u01b0\u1edfng cao qu\u00fd v\u1ec1 chuy\u1ec3n \u0111\u1ed5i s\u1ed1.<\/p>\n<p style=\"font-weight: 400;\">\n<\/div>\n<\/div>\n<\/div>\n<\/div>\n<\/div>\n","protected":false},"excerpt":{"rendered":"<p>Ch\u00ednh h\u00e3ng, nguy\u00ean seal, m\u1edbi 100%, ch\u01b0a Active<\/p>\n<p>Mi\u1ec5n ph\u00ed giao h\u00e0ng to\u00e0n qu\u1ed1c<\/p>\n<p>Thi\u1ebft k\u1ebf: Nguy\u00ean kh\u1ed1i, m\u1eb7t k\u00ednh cong 2.5D<\/p>\n<p>M\u00e0n h\u00ecnh: 4.7 inch, HD (1334 x 750 Pixels)<\/p>\n<p>Camera Tr\u01b0\u1edbc\/Sau: 5MP\/ 12MP<\/p>\n<p>CPU: Apple A9 2 nh\u00e2n 64-bit<\/p>\n<p>B\u1ed9 nh\u1edb: 32GB<\/p>\n<p>RAM: 2GB<\/p>\n<p>T\u00ednh n\u0103ng: M\u1edf kh\u00f3a b\u1eb1ng v\u00e2n tay<\/p>\n","protected":false},"featured_media":1088,"template":"","meta":{"_acf_changed":false},"product_cat":[70,77,108],"product_tag":[],"class_list":{"0":"post-599","1":"product","2":"type-product","3":"status-publish","4":"has-post-thumbnail","6":"product_cat-kho-du-lieu-mo","7":"product_cat-phan-mem-chu-ky-so","8":"product_cat-phan-mem-quan-ly-benh-vien-phong-kham","10":"first","11":"instock","12":"taxable","13":"shipping-taxable","14":"product-type-simple"},"acf":[],"_links":{"self":[{"href":"https:\/\/zsoftware.vn\/index.php?rest_route=\/wp\/v2\/product\/599"}],"collection":[{"href":"https:\/\/zsoftware.vn\/index.php?rest_route=\/wp\/v2\/product"}],"about":[{"href":"https:\/\/zsoftware.vn\/index.php?rest_route=\/wp\/v2\/types\/product"}],"wp:featuredmedia":[{"embeddable":true,"href":"https:\/\/zsoftware.vn\/index.php?rest_route=\/wp\/v2\/media\/1088"}],"wp:attachment":[{"href":"https:\/\/zsoftware.vn\/index.php?rest_route=%2Fwp%2Fv2%2Fmedia&parent=599"}],"wp:term":[{"taxonomy":"product_cat","embeddable":true,"href":"https:\/\/zsoftware.vn\/index.php?rest_route=%2Fwp%2Fv2%2Fproduct_cat&post=599"},{"taxonomy":"product_tag","embeddable":true,"href":"https:\/\/zsoftware.vn\/index.php?rest_route=%2Fwp%2Fv2%2Fproduct_tag&post=599"}],"curies":[{"name":"wp","href":"https:\/\/api.w.org\/{rel}","templated":true}]}}