{"id":604,"date":"2017-12-31T17:22:25","date_gmt":"2017-12-31T17:22:25","guid":{"rendered":"http:\/\/localhost:8085\/tiki\/?post_type=product&#038;p=604"},"modified":"2024-10-03T10:51:53","modified_gmt":"2024-10-03T03:51:53","slug":"dien-thoai-iphone-7-plus-128gb-hang-nhap-khau","status":"publish","type":"product","link":"https:\/\/zsoftware.vn\/?product=dien-thoai-iphone-7-plus-128gb-hang-nhap-khau","title":{"rendered":"OneSIGN &#8211; Gia\u0309i pha\u0301p ch\u01b0\u0303 ky\u0301 \u0111i\u00ea\u0323n t\u01b0\u0309, ch\u01b0\u0303 ky\u0301 s\u00f4\u0301"},"content":{"rendered":"<h2>TH\u00d4NG TIN PH\u1ea6N M\u1ec0M<\/h2>\n<div class=\"white-panel\">\nGia\u0309i pha\u0301p OneSIGN &#8211; Ch\u01b0\u0303 ky\u0301 \u0111i\u00ea\u0323n t\u01b0\u0309, ch\u01b0\u0303 ky\u0301 s\u00f4\u0301<br \/>\nOneSIGN l\u00e0 gi\u1ea3i ph\u00e1p ch\u1eef k\u00fd \u0111i\u1ec7n t\u1eed v\u00e0 ch\u1eef k\u00fd s\u1ed1 \u0111\u01b0\u1ee3c thi\u1ebft k\u1ebf chuy\u00ean s\u00e2u ph\u1ee5c v\u1ee5 chuy\u1ec3n \u0111\u1ed5i s\u1ed1 t\u1ea1i c\u00e1c c\u01a1 s\u1edf y t\u1ebf, \u0111a\u0301p \u01b0\u0301ng quy m\u00f4 b\u1ec7nh vi\u1ec7n t\u1eeb tuy\u00ea\u0301n Trung \u01b0\u01a1ng cho \u0111\u1ebfn \u0110\u1ecba ph\u01b0\u01a1ng.<br \/>\nOneSIGN \u0111\u01b0\u1ee3c thi\u1ebft k\u1ebf \u0111\u1ec3 c\u00f3 th\u1ec3 t\u01b0\u01a1ng t\u00e1c v\u1edbi HIS, PACS, LIS, EMR v\u00e0 c\u00e1c h\u1ec7 th\u1ed1ng ph\u1ea7n m\u1ec1m, ph\u1ea7n c\u1ee9ng t\u1ea1i c\u00e1c B\u1ec7nh vi\u1ec7n.<\/p>\n<p>\u0110\u01b0\u01a1\u0323c \u00e1p d\u1ee5ng c\u00f4ng ngh\u1ec7 k\u00fd ti\u00ean ti\u1ebfn v\u00e0 \u0111\u1ea3m b\u1ea3o m\u1ee9c \u0111\u1ed9 b\u1ea3o m\u1eadt cao, \u0111\u1ed3ng th\u1eddi cung c\u1ea5p hi\u1ec7u su\u1ea5t x\u1eed l\u00fd t\u1ed1i \u01b0u, OneSIGN t\u1ea1o ra s\u1ef1 kh\u00e1c bi\u1ec7t so v\u1edbi c\u00e1c gi\u1ea3i ph\u00e1p t\u01b0\u01a1ng t\u1ef1 va\u0300 \u0111\u01b0\u1ee3c nhi\u1ec1u b\u1ec7nh vi\u1ec7n l\u1edbn \u0111\u00e3 tin t\u01b0\u1edfng s\u1eed d\u1ee5ng.<\/p>\n<p>gi\u1ea3i ph\u00e1p ch\u1eef k\u00fd \u0111i\u1ec7n t\u1eed<\/p>\n<p>Ca\u0301c ch\u01b0\u0301c n\u0103ng chi\u0301nh cu\u0309a gia\u0309i pha\u0301p OneSIGN<br \/>\nQu\u1ea3n l\u00fd k\u00fd \u0111i\u1ec7n t\u1eed\/ k\u00fd s\u1ed1:<\/p>\n<p>&#8211; K\u00fd \u0111i\u1ec7n t\u1eed\/ ky\u0301 s\u00f4\u0301 cho Nh\u00e2n vi\u00ean y t\u1ebf<\/p>\n<p>&#8211; K\u00fd \u0111i\u1ec7n t\u1eed b\u1eb1ng x\u00e1c th\u1ef1c OTP\/ v\u00e2n tay cho ng\u01b0\u1eddi b\u1ec7nh<\/p>\n<p>Gia\u0309i pha\u0301p OneSIGN cung c\u1ea5p t\u00ednh linh ho\u1ea1t v\u00e0 hi\u1ec7u su\u1ea5t x\u1eed l\u00fd t\u1ed1i \u01b0u, cho ph\u00e9p Nh\u00e2n vi\u00ean y t\u00ea\u0301 co\u0301 th\u00ea\u0309 ky\u0301 \u0111i\u00ea\u0323n t\u01b0\u0309 ho\u0103\u0323c ky\u0301 s\u00f4\u0301. Ng\u01b0\u01a1\u0300i b\u00ea\u0323nh cu\u0303ng co\u0301 th\u00ea\u0309 s\u01b0\u0309 du\u0323ng nhi\u00ea\u0300u ph\u01b0\u01a1ng ph\u00e1p k\u00fd kh\u00e1c nhau nh\u01b0 OTP, v\u00e2n tay\u2026<\/p>\n<p>Qu\u1ea3n l\u00fd tr\u00ecnh t\u1ef1 k\u00fd:<\/p>\n<p>&#8211; Thi\u1ebft l\u1eadp vai tr\u00f2 va\u0300 tr\u00ecnh t\u1ef1 k\u00fd.<\/p>\n<p>&#8211; Thi\u1ebft l\u1eadp \u1ee7y quy\u1ec1n k\u00fd.<\/p>\n<p>Qu\u1ea3n l\u00fd hi\u1ec7u qu\u1ea3 tr\u00ecnh t\u1ef1 k\u00fd l\u00e0 m\u1ed9t y\u1ebfu t\u1ed1 quan tr\u1ecdng trong m\u1ecdi quy tr\u00ecnh c\u00f4ng vi\u1ec7c li\u00ean quan \u0111\u1ebfn t\u00e0i li\u1ec7u. V\u1edbi OneSIGN, ng\u01b0\u1eddi d\u00f9ng d\u1ec5 d\u00e0ng ca\u0300i \u0111\u0103\u0323t \u0111\u1ecbnh d\u1ea1ng v\u00e0 c\u1ea5u h\u00ecnh quy tr\u00ecnh k\u00fd. Bao g\u00f4\u0300m: vai tr\u00f2 k\u00fd, x\u00e1c \u0111\u1ecbnh th\u1ee9 t\u1ef1 ch\u1eef k\u00fd v\u00e0 thi\u1ebft l\u1eadp \u1ee7y quy\u1ec1n k\u00fd.<\/p>\n<p>\u0110i\u1ec1u n\u00e0y gi\u00fap t\u1ed1i \u01b0u h\u00f3a quy tr\u00ecnh k\u00fd, \u0111\u1ea3m b\u1ea3o r\u1eb1ng c\u00e1c t\u00e0i li\u1ec7u \u0111\u01b0\u1ee3c k\u00fd m\u00f4\u0323t c\u00e1ch c\u00f3 h\u1ec7 th\u1ed1ng v\u00e0 \u0111\u01b0\u1ee3c ki\u1ec3m so\u00e1t.<\/p>\n<p>Qu\u1ea3n l\u00fd t\u00e0i li\u1ec7u k\u00fd:<\/p>\n<p>&#8211; T\u1ea1o m\u1eabu t\u00e0i li\u1ec7u k\u00fd.<\/p>\n<p>&#8211; C\u1ea5u h\u00ecnh t\u00e0i li\u1ec7u.<\/p>\n<p>OneSIGN \u0111\u01b0\u01a1\u0323c l\u00e2\u0323p tri\u0300nh v\u01a1\u0301i t\u00ednh linh ho\u1ea1t cao \u0111\u1ec3 t\u1ea1o c\u00e1c m\u1eabu t\u00e0i li\u1ec7u \u0111\u00e3 k\u00fd, cho ph\u00e9p t\u00e0i li\u1ec7u \u0111\u01b0\u1ee3c ti\u00eau chu\u1ea9n h\u00f3a v\u00e0 nh\u1ea5t qu\u00e1n.<\/p>\n<p>Ng\u01b0\u1eddi d\u00f9ng c\u0169ng c\u00f3 th\u1ec3 \u0111\u1ecbnh da\u0323ng c\u1ea5u h\u00ecnh t\u00e0i li\u1ec7u d\u1ef1a tr\u00ean c\u00e1c y\u00eau c\u1ea7u c\u1ee5 th\u1ec3, \u0111\u1ea3m b\u1ea3o tu\u00e2n th\u1ee7 v\u00e0 t\u1ea1o \u0111i\u1ec1u ki\u1ec7n truy xu\u1ea5t th\u00f4ng tin hi\u1ec7u qu\u1ea3.<\/p>\n<p>Qu\u1ea3n l\u00fd t\u00edch h\u1ee3p:<\/p>\n<p>OneSIGN s\u01b0\u0309 d\u1ee5ng nhi\u1ec1u c\u00f4ng ngh\u1ec7 x\u1eed l\u00fd v\u00e0 l\u01b0u tr\u1eef ti\u1ebfn \u0111\u01b0\u1ee3c m\u00e3 ho\u00e1 n\u00ean vi\u1ec7c k\u1ebft n\u1ed1i li\u1ec1n m\u1ea1ch v\u1edbi c\u00e1c h\u1ec7 th\u1ed1ng HIS, LIS, PACS v\u00e0 EMR, m\u00f4\u0323t ca\u0301ch d\u00ea\u0303 da\u0300ng, t\u1ea1o \u0111i\u1ec1u ki\u1ec7n thu\u1eadn l\u1ee3i cho vi\u1ec7c chia s\u1ebb th\u00f4ng tin.<\/p>\n<p>Qu\u1ea3n tr\u1ecb:<\/p>\n<p>Ng\u01b0\u1eddi d\u00f9ng d\u1ec5 d\u00e0ng qu\u1ea3n l\u00fd t\u00e0i kho\u1ea3n, qua\u0309n ly\u0301 ch\u1ee9c n\u0103ng c\u0169ng nh\u01b0 t\u00f9y ch\u1ec9nh c\u00e0i \u0111\u1eb7t ng\u00f4n ng\u1eef \u0111\u1ec3 ph\u1ee5c v\u1ee5 cho nhu c\u00e2\u0300u la\u0300m vi\u00eac. H\u01a1n n\u1eefa, t\u00ednh n\u0103ng ph\u00e2n quy\u1ec1n cho ph\u00e9p chuy\u1ec3n giao li\u1ec1n m\u1ea1ch quy\u1ec1n k\u00fd khi \u0111\u01b0\u1ee3c y\u00eau c\u1ea7u.<\/p>\n<p>Ngoa\u0300i ca\u0301c ti\u0301nh n\u0103ng chi\u0301nh, ONESIGN co\u0300n n\u00f4\u0309i b\u00e2\u0323t v\u01a1\u0301i nhi\u00ea\u0300u ch\u01b0\u0301c n\u0103ng ri\u00eang bi\u00ea\u0323t nh\u01b0: Th\u1eddi gian ph\u00e1t tri\u1ec3n cho m\u1ed9t lo\u1ea1i t\u00e0i li\u1ec7u ng\u1eafn; C\u00e1ch th\u1ee9c hi\u1ec3n th\u1ecb d\u1eef li\u1ec7u \u0111\u1ed9c l\u1eadp v\u00e0 linh ho\u1ea1t (EXCEL, XSLT&#8230;); Ki\u1ec3m so\u00e1t, ph\u00e2n quy\u1ec1n lu\u1ed3ng k\u00fd \u0111\u1ed9ng\u2026<\/p>\n<p>Gia\u0309i pha\u0301p ch\u01b0\u0303 ky\u0301 \u0111i\u00ea\u0323n t\u01b0\u0309<\/p>\n<p>\u0110\u0103\u0323c \u0111i\u00ea\u0309m n\u00f4\u0309i b\u00e2\u0323t cu\u0309a gia\u0309i pha\u0301p OneSIGN<br \/>\nK\u00fd tr\u00ean d\u1eef li\u1ec7u XML: D\u1ec5 d\u00e0ng l\u01b0u tr\u1eef, backup d\u01b0\u0303 li\u00ea\u0323u. Kh\u1ea3 n\u0103ng t\u00e1i s\u1eed d\u1ee5ng d\u1eef li\u1ec7u cao. T\u1ea1o d\u1eef li\u1ec7u m\u1edbi t\u1eeb c\u00e1c d\u1eef li\u1ec7u c\u00f3 s\u1eb5n\u2026<\/p>\n<p>T\u00f4\u0301i \u01b0u chi phi\u0301: ONESIGN mang l\u1ea1i chi ph\u00ed \u0111\u1ea7u t\u01b0, khai th\u00e1c th\u1ea5p, phu\u0300 h\u01a1\u0323p v\u01a1\u0301i mo\u0323i \u0111\u00f4\u0301i t\u01b0\u01a1\u0323ng kha\u0301ch ha\u0300ng.<\/p>\n<p>Ti\u0301nh linh hoa\u0323t cao<\/p>\n<p>Giao di\u1ec7n th\u00e2n thi\u1ec7n, d\u00ea\u0303 da\u0300ng s\u01b0\u0309 du\u0323ng.<\/p>\n<p>Ti\u0301ch h\u01a1\u0323p \u0111a da\u0323ng nhi\u00ea\u0300u m\u00e2\u0303u s\u0103\u0303n co\u0301.<\/p>\n<p>\u0110a d\u1ea1ng ph\u01b0\u01a1ng th\u1ee9c k\u00fd: k\u00fd di \u0111\u1ed9ng, v\u00e2n tay\u2026<\/p>\n<p>Ti\u00ea\u0323n l\u01a1\u0323i: Ky\u0301 mo\u0323i lu\u0301c mo\u0323i n\u01a1i b\u0103\u0300ng nhi\u00ea\u0300u c\u00f4ng cu\u0323 nh\u01b0 \u0111i\u00ea\u0323n thoa\u0323i, ma\u0301y ti\u0301nh ba\u0309ng\u2026<\/p>\n<p>An toa\u0300n va\u0300 ba\u0309o m\u00e2\u0323t: \u0110\u1ea3m b\u1ea3o t\u00ednh x\u00e1c th\u1ef1c v\u00e0 an to\u00e0n b\u1ea3o m\u1eadt cao, mang l\u1ea1i y\u00ean t\u00e2m cho ng\u01b0\u1eddi s\u1eed d\u1ee5ng.<\/p>\n<p>Chia se\u0309 th\u00f4ng tin thu\u00e2\u0323n l\u01a1\u0323i: OneSIGN k\u1ebft n\u1ed1i li\u1ec1n m\u1ea1ch v\u1edbi c\u00e1c h\u1ec7 th\u1ed1ng HIS, PACS, LIS, EMR v\u00e0 c\u00e1c h\u1ec7 th\u1ed1ng ph\u1ea7n m\u1ec1m, ph\u1ea7n c\u1ee9ng t\u1ea1i c\u00e1c B\u1ec7nh vi\u1ec7n.<\/p>\n<p>L\u1ee3i \u00edch c\u1ee7a ch\u1eef k\u00fd \u0111i\u1ec7n t\u1eed v\u00e0 ch\u1eef k\u00fd s\u1ed1 OneSIGN<br \/>\nGi\u00fap th\u1ef1c hi\u1ec7n c\u00e1c quy tri\u0300nh ky\u0301 nhanh ch\u00f3ng, m\u1ecdi l\u00fac m\u1ecdi n\u01a1i.<\/p>\n<p>Ti\u1ebft ki\u1ec7m chi ph\u00ed, th\u1eddi gian di chuy\u1ec3n \u0111\u1ec3 k\u00fd.<\/p>\n<p>H\u1ea1n ch\u1ebf \u0111\u01b0\u1ee3c nh\u1eefng th\u1ee7 t\u1ee5c h\u00e0nh ch\u00ednh r\u01b0\u1eddm r\u00e0.<\/p>\n<p>\u0110\u1ea3m b\u1ea3o t\u00ednh ph\u00e1p l\u00fd trong giao d\u1ecbch.<\/p>\n<p>Ng\u0103n ch\u1eb7n kh\u1ea3 n\u0103ng gi\u1ea3 m\u1ea1o ch\u01b0\u0303 ky\u0301.<\/p>\n<p>Xa\u0301c \u0111i\u0323nh \u0111\u01b0\u01a1\u0323c ngu\u00f4\u0300n g\u00f4\u0301c v\u0103n ba\u0309n.\n<\/p><\/div>\n","protected":false},"excerpt":{"rendered":"<p>Hi\u00ea\u0323n nay, c\u00e1c t\u1ed5 ch\u1ee9c ph\u1ea3i \u0111\u1ed1i m\u1eb7t v\u1edbi nhi\u1ec1u th\u00e1ch th\u1ee9c khi kh\u00f4ng c\u00f3 gi\u1ea3i ph\u00e1p ch\u1eef k\u00fd \u0111i\u1ec7n t\u1eed ho\u1eb7c ch\u1eef k\u00fd s\u1ed1 nh\u01b0 b\u00e2\u0301t ti\u00ea\u0323n v\u00ea\u0300 khoa\u0309ng ca\u0301ch, t\u00f4\u0301n ke\u0301m ngu\u00f4\u0300n l\u01b0\u0323c va\u0300 pha\u0309i x\u01b0\u0309 ly\u0301 l\u01b0\u01a1\u0323ng d\u01b0\u0303 li\u00ea\u0323u l\u01a1\u0301n, kh\u00f3 kh\u0103n trong c\u00f4ng t\u00e1c \u0111\u1ea3m b\u1ea3o an to\u00e0n, b\u1ea3o m\u1eadt th\u00f4ng tin\u2026 \u0110i\u00ea\u0300u na\u0300y d\u1eabn \u0111\u1ebfn hi\u1ec7u qu\u1ea3 v\u00e0 n\u0103ng su\u1ea5t la\u0300m vi\u00ea\u0323c suy gia\u0309m, \u0111\u1eb7c bi\u1ec7t \u0111\u1ed1i v\u1edbi c\u00e1c c\u01a1 s\u1edf kh\u00e1m ch\u1eefa b\u1ec7nh khi tri\u1ec3n khai b\u1ec7nh \u00e1n \u0111i\u1ec7n t\u1eed (EMR).. \u0110\u00ea\u0309 gia\u0309i quy\u00ea\u0301t v\u00e2\u0301n \u0111\u00ea\u0300 na\u0300y, ONENET \u0111\u00e3 ph\u00e1t tri\u1ec3n v\u00e0 tri\u1ec3n khai gi\u1ea3i ph\u00e1p OneSIGN &#8211; ch\u1eef k\u00fd \u0111i\u1ec7n t\u1eed va\u0300 ch\u1eef k\u00fd s\u1ed1.<\/p>\n","protected":false},"featured_media":1069,"template":"","meta":{"_acf_changed":false},"product_cat":[70,77,108],"product_tag":[],"class_list":{"0":"post-604","1":"product","2":"type-product","3":"status-publish","4":"has-post-thumbnail","6":"product_cat-kho-du-lieu-mo","7":"product_cat-phan-mem-chu-ky-so","8":"product_cat-phan-mem-quan-ly-benh-vien-phong-kham","10":"first","11":"instock","12":"taxable","13":"shipping-taxable","14":"product-type-simple"},"acf":[],"_links":{"self":[{"href":"https:\/\/zsoftware.vn\/index.php?rest_route=\/wp\/v2\/product\/604"}],"collection":[{"href":"https:\/\/zsoftware.vn\/index.php?rest_route=\/wp\/v2\/product"}],"about":[{"href":"https:\/\/zsoftware.vn\/index.php?rest_route=\/wp\/v2\/types\/product"}],"wp:featuredmedia":[{"embeddable":true,"href":"https:\/\/zsoftware.vn\/index.php?rest_route=\/wp\/v2\/media\/1069"}],"wp:attachment":[{"href":"https:\/\/zsoftware.vn\/index.php?rest_route=%2Fwp%2Fv2%2Fmedia&parent=604"}],"wp:term":[{"taxonomy":"product_cat","embeddable":true,"href":"https:\/\/zsoftware.vn\/index.php?rest_route=%2Fwp%2Fv2%2Fproduct_cat&post=604"},{"taxonomy":"product_tag","embeddable":true,"href":"https:\/\/zsoftware.vn\/index.php?rest_route=%2Fwp%2Fv2%2Fproduct_tag&post=604"}],"curies":[{"name":"wp","href":"https:\/\/api.w.org\/{rel}","templated":true}]}}