{"id":608,"date":"2017-12-31T10:27:55","date_gmt":"2017-12-31T10:27:55","guid":{"rendered":"http:\/\/localhost:8085\/tiki\/?post_type=product&#038;p=608"},"modified":"2024-10-03T10:52:35","modified_gmt":"2024-10-03T03:52:35","slug":"dien-thoai-samsung-galaxy-note-8-hang-chinh-hang","status":"publish","type":"product","link":"https:\/\/zsoftware.vn\/?product=dien-thoai-samsung-galaxy-note-8-hang-chinh-hang","title":{"rendered":"H\u1ec7 th\u1ed1ng ph\u1ea7n m\u1ec1m qu\u1ea3n l\u00fd th\u00f4ng tin b\u1ec7nh vi\u1ec7n OneMES"},"content":{"rendered":"<div class=\"left\">\n<h3 class=\"product-table-title\">Th\u00f4ng Tin Chi Ti\u1ebft<\/h3>\n<div class=\"white-panel\">\n<div class=\"attribute-table multi-table\"><\/div>\n<p>H\u1ec7 th\u1ed1ng qu\u1ea3n l\u00fd b\u1ec7nh vi\u1ec7n OneMES l\u00e0 m\u1ed9t h\u1ec7 th\u1ed1ng qu\u1ea3n l\u00fd th\u00f4ng tin b\u1ec7nh vi\u1ec7n t\u1ed5ng th\u1ec3, g\u1ed3m nhi\u1ec1u t\u00ednh n\u0103ng ph\u00e2n h\u1ec7 ho\u1ea1t \u0111\u1ed9ng \u0111\u1ed3ng b\u1ed9, xuy\u00ean su\u1ed1t trong c\u00e1c ho\u1ea1t \u0111\u1ed9ng c\u1ee7a b\u1ec7nh vi\u1ec7n bao g\u1ed3m: Tr\u00ean 600 ch\u1ee9c n\u0103ng; 30 h\u1ea1ng m\u1ee5c; tr\u00ean 40 lo\u1ea1i b\u1ec7nh chuy\u00ean khoa; h\u01a1n 500 phi\u1ebfu, b\u00e1o c\u00e1o\u2026 \u0111\u1ea1t tr\u00ean m\u1ee9c 6 theo ti\u00eau ch\u00ed c\u1ee7a th\u00f4ng t\u01b0 54 c\u1ee7a B\u1ed9 Y t\u1ebf.<\/p>\n<p>OneMES k\u1ebft n\u1ed1i \u0111\u1ed3ng b\u1ed9 v\u1edbi c\u00e1c h\u1ec7 th\u1ed1ng nh\u01b0 LIS, RIS-PACS, EMR, Telemedicine, BHYT\u2026 \u1ee9ng d\u1ee5ng c\u00e1c c\u00f4ng ngh\u1ec7 m\u1edbi nh\u01b0 IoT, AI, BigData, Cloud\u2026 C\u00e1c gi\u1ea3i ph\u00e1p ti\u00ean ti\u1ebfn n\u00e0y gi\u00fap s\u1ed1 h\u00f3a to\u00e0n b\u1ed9 quy tr\u00ecnh kh\u00e1m ch\u1eefa b\u1ec7nh, d\u1eef li\u1ec7u ho\u00e0n to\u00e0n kh\u00f4ng b\u1ecb tr\u00f9ng l\u1eb7p v\u00e0 c\u00f3 t\u00ednh k\u1ebf th\u1eeba gi\u00fap b\u1ec7nh vi\u1ec7n qu\u1ea3n l\u00fd theo h\u01b0\u1edbng nhanh &#8211; g\u1ecdn &#8211; ch\u00ednh x\u00e1c, n\u00e2ng cao c\u00f4ng su\u1ea5t, hi\u1ec7u su\u1ea5t, qu\u1ea3n l\u00fd ch\u1eb7t ch\u1ebd t\u00e0i ch\u00ednh&#8230;<\/p>\n<\/div>\n<h3 class=\"product-table-title\">M\u00f4 T\u1ea3 S\u1ea3n Ph\u1ea9m<\/h3>\n<div class=\"white-panel\">\n<div class=\"product-description\">\n<div class=\"product-content-detail\">\n<div id=\"gioi-thieu\" class=\"content js-content expand\" style=\"max-height: none;\">\n<p>H\u1ec7 th\u1ed1ng qu\u1ea3n l\u00fd b\u1ec7nh vi\u1ec7n OneMES l\u00e0 m\u1ed9t h\u1ec7 th\u1ed1ng qu\u1ea3n l\u00fd th\u00f4ng tin b\u1ec7nh vi\u1ec7n t\u1ed5ng th\u1ec3, g\u1ed3m nhi\u1ec1u t\u00ednh n\u0103ng ph\u00e2n h\u1ec7 ho\u1ea1t \u0111\u1ed9ng \u0111\u1ed3ng b\u1ed9, xuy\u00ean su\u1ed1t trong c\u00e1c ho\u1ea1t \u0111\u1ed9ng c\u1ee7a b\u1ec7nh vi\u1ec7n bao g\u1ed3m: Tr\u00ean 600 ch\u1ee9c n\u0103ng; 30 h\u1ea1ng m\u1ee5c; tr\u00ean 40 lo\u1ea1i b\u1ec7nh chuy\u00ean khoa; h\u01a1n 500 phi\u1ebfu, b\u00e1o c\u00e1o\u2026 \u0111\u1ea1t tr\u00ean m\u1ee9c 6 theo ti\u00eau ch\u00ed c\u1ee7a th\u00f4ng t\u01b0 54 c\u1ee7a B\u1ed9 Y t\u1ebf.<\/p>\n<p>OneMES k\u1ebft n\u1ed1i \u0111\u1ed3ng b\u1ed9 v\u1edbi c\u00e1c h\u1ec7 th\u1ed1ng nh\u01b0 LIS, RIS-PACS, EMR, Telemedicine, BHYT\u2026 \u1ee9ng d\u1ee5ng c\u00e1c c\u00f4ng ngh\u1ec7 m\u1edbi nh\u01b0 IoT, AI, BigData, Cloud\u2026 C\u00e1c gi\u1ea3i ph\u00e1p ti\u00ean ti\u1ebfn n\u00e0y gi\u00fap s\u1ed1 h\u00f3a to\u00e0n b\u1ed9 quy tr\u00ecnh kh\u00e1m ch\u1eefa b\u1ec7nh, d\u1eef li\u1ec7u ho\u00e0n to\u00e0n kh\u00f4ng b\u1ecb tr\u00f9ng l\u1eb7p v\u00e0 c\u00f3 t\u00ednh k\u1ebf th\u1eeba gi\u00fap b\u1ec7nh vi\u1ec7n qu\u1ea3n l\u00fd theo h\u01b0\u1edbng nhanh &#8211; g\u1ecdn &#8211; ch\u00ednh x\u00e1c, n\u00e2ng cao c\u00f4ng su\u1ea5t, hi\u1ec7u su\u1ea5t, qu\u1ea3n l\u00fd ch\u1eb7t ch\u1ebd t\u00e0i ch\u00ednh&#8230;<\/p>\n<p><b>\u0110i\u1ec3m n\u1ed5i b\u1eadt c\u1ee7a s\u1ea3n ph\u1ea9m OneMES:<\/b><\/p>\n<ul>\n<li>Qu\u1ea3n l\u00fd \u0111\u1ed3ng b\u1ed9 t\u1ea1o n\u00ean m\u1ed9t h\u1ec7 sinh th\u00e1i th\u1ed1ng nh\u1ea5t li\u00ean k\u1ebft, t\u00edch h\u1ee3p, chia s\u1ebb d\u1eef li\u1ec7u v\u1edbi quy tr\u00ecnh m\u1edf linh ho\u1ea1t v\u00e0 c\u00f3 t\u00ednh k\u1ebf th\u1eeba. T\u0103ng t\u00ednh b\u1ea3o m\u1eadt v\u00e0 an to\u00e0n c\u1ee7a d\u1eef li\u1ec7u, \u0111\u1ed3ng th\u1eddi d\u1ec5 d\u00e0ng trong vi\u1ec7c li\u00ean th\u00f4ng, chia s\u1ebb.<\/li>\n<li>B\u1ec7nh vi\u1ec7n th\u00f4ng minh kh\u00f4ng gi\u1ea5y t\u1edd v\u1edbi nh\u1eefng t\u00ednh n\u0103ng v\u00e0 l\u1ee3i \u00edch ch\u00ednh: S\u1ed1 h\u00f3a to\u00e0n b\u1ed9 h\u1ec7 th\u1ed1ng h\u1ed3 s\u01a1 gi\u1ea5y, m\u1eabu phi\u1ebfu y l\u1ec7nh, d\u01b0\u1ee3c; cung c\u1ea5p ch\u1eef k\u00fd s\u1ed1. Lo\u1ea1i b\u1ecf to\u00e0n b\u1ed9 h\u1ed3 s\u01a1 b\u1ec7nh \u00e1n gi\u1ea5y tr\u01b0\u1edbc \u0111\u00e2y, \u0111\u1ea3m b\u1ea3o t\u00ednh ch\u00ednh x\u00e1c v\u00e0 d\u1ec5 d\u00e0ng s\u1eed d\u1ee5ng. Tr\u00e1nh t\u00ecnh tr\u1ea1ng sao ch\u00e9p sai ho\u1eb7c m\u1ea5t d\u1eef li\u1ec7u.<\/li>\n<li>Gi\u1ea3i ph\u00e1p thanh to\u00e1n kh\u00f4ng d\u00f9ng ti\u1ec1n m\u1eb7t gi\u00fap b\u1ec7nh nh\u00e2n c\u00f3 th\u1ec3 d\u1ec5 d\u00e0ng thanh to\u00e1n vi\u1ec7n ph\u00ed v\u00e0 c\u00e1c chi ph\u00ed kh\u00e1c li\u00ean quan \u0111\u1ebfn qu\u00e1 tr\u00ecnh kh\u00e1m ch\u1eefa b\u1ec7nh th\u00f4ng qua c\u00e1c c\u1ed5ng thanh to\u00e1n tr\u1ef1c tuy\u1ebfn. Tr\u00e1nh \u0111\u01b0\u1ee3c c\u00e1c nguy c\u01a1 l\u00e2y nhi\u1ec5m ch\u00e9o khi d\u00f9ng ti\u1ec1n m\u1eb7t trong b\u1ec7nh vi\u1ec7n.<\/li>\n<li>Li\u00ean t\u1ee5c c\u1eadp nh\u1eadp c\u00e1c t\u00ednh n\u0103ng m\u1edbi, bi\u1ec3u m\u1eabu m\u1edbi BYT, BHYT<\/li>\n<li>Ph\u1ea7n m\u1ec1m s\u1eed d\u1ee5ng tr\u00ean n\u1ec1n t\u1ea3ng web n\u00ean c\u00f3 th\u1ec3 d\u1ec5 d\u00e0ng t\u00edch h\u1ee3p v\u1edbi PC, Tablet, Smartphone\u2026<\/li>\n<li>C\u01a1 s\u1edf d\u1eef li\u1ec7u \u0111\u01b0\u1ee3c \u0111\u1eb7t t\u1ea1i b\u1ec7nh vi\u1ec7n ho\u1eb7c cloud, kh\u00f4ng gi\u1edbi h\u1ea1n s\u1ed1 l\u01b0\u1ee3ng m\u00e1y k\u1ebft n\u1ed1i truy xu\u1ea5t v\u00e0 khai th\u00e1c th\u00f4ng tin<\/li>\n<li>T\u00ednh b\u1ea3o m\u1eadt cao<\/li>\n<\/ul>\n<p><b>H\u1ea1ng m\u1ee5c ch\u1ee9c n\u0103ng ch\u00ednh:<\/b><\/p>\n<ol>\n<li><em> Qu\u1ea3n tr\u1ecb h\u1ec7 th\u1ed1ng<\/em><\/li>\n<li><em> Qu\u1ea3n l\u00fd danh m\u1ee5c d\u00f9ng chung<\/em><\/li>\n<li><em> Ti\u1ebfp nh\u1eadn \u0111\u0103ng k\u00ed kh\u00e1m b\u1ec7nh, ch\u1eefa b\u1ec7nh<\/em><\/li>\n<li><em> Qu\u1ea3n l\u00fd kh\u00e1m ch\u1eefa b\u1ec7nh ngo\u1ea1i tr\u00fa<\/em><\/li>\n<li><em> Qu\u1ea3n l\u00fd d\u01b0\u1ee3c<\/em><\/li>\n<li><em> Qu\u1ea3n l\u00fd vi\u1ec7n ph\u00ed v\u00e0 thanh to\u00e1n BHYT<\/em><\/li>\n<li><em> K\u1ebft n\u1ed1i v\u1edbi BHXH thanh quy\u1ebft to\u00e1n BHYT<\/em><\/li>\n<li><em> Qu\u1ea3n l\u00fd ch\u1ec9 \u0111\u1ecbnh l\u00e2m s\u00e0ng, c\u1eadn l\u00e2m s\u00e0ng<\/em><\/li>\n<li><em> Qu\u1ea3n l\u00fd k\u1ebft qu\u1ea3 c\u1eadn l\u00e2m s\u00e0ng<\/em><\/li>\n<li><em> Qu\u1ea3n l\u00fd \u0111i\u1ec1u tr\u1ecb n\u1ed9i tr\u00fa<\/em><\/li>\n<li><em> Qu\u1ea3n l\u00fd ph\u00f2ng b\u1ec7nh, gi\u01b0\u1eddng b\u1ec7nh<\/em><\/li>\n<li><em> Qu\u1ea3n l\u00fd su\u1ea5t \u0103n cho b\u1ec7nh nh\u00e2n<\/em><\/li>\n<li><em> B\u00e1o c\u00e1o th\u1ed1ng k\u00ea<\/em><\/li>\n<li><em> Qu\u1ea3n l\u00fd kh\u00e1m s\u1ee9c kh\u1ecfe<\/em><\/li>\n<li><em> Qu\u1ea3n l\u00fd h\u00e0ng \u0111\u1ee3i x\u1ebfp h\u00e0ng t\u1ef1 \u0111\u1ed9ng<\/em><\/li>\n<li><em> Qu\u1ea3n l\u00fd h\u00f3a ch\u1ea5t, v\u1eadt t\u01b0 ti\u00eau hao v\u00e0 nh\u00e0 thu\u1ed1c b\u1ec7nh vi\u1ec7n<\/em><\/li>\n<li><em> Qu\u1ea3n l\u00fd trang thi\u1ebft b\u1ecb y t\u1ebf<\/em><\/li>\n<li><em> K\u1ebft n\u1ed1i v\u1edbi PACS c\u01a1 b\u1ea3n<\/em><\/li>\n<li><em> Qu\u1ea3n l\u00fd khoa\/ ph\u00f2ng c\u1ea5p c\u1ee9u<\/em><\/li>\n<li><em> Qu\u1ea3n l\u00fd ph\u00f2ng m\u1ed5<\/em><\/li>\n<li><em> Qu\u1ea3n l\u00fd l\u1ecbch h\u1eb9n \u0111i\u1ec1u tr\u1ecb, nh\u1eafc l\u1ecbch h\u1eb9n t\u00e1i kh\u00e1m<\/em><\/li>\n<li><em> Qu\u1ea3n l\u00fd ng\u00e2n h\u00e0ng m\u00e1u<\/em><\/li>\n<li><em> Qu\u1ea3n l\u00fd ng\u01b0\u1eddi b\u1ec7nh b\u1eb1ng th\u1ebb \u0111i\u1ec7n t\u1eed<\/em><\/li>\n<li><em> Qu\u1ea3n l\u00fd th\u01b0\u01a1ng t\u00e1c thu\u1ed1c\/thu\u1ed1c<\/em><\/li>\n<li><em> Qu\u1ea3n l\u00fd ph\u00e1c \u0111\u1ed3 \u0111i\u1ec1u tr\u1ecb<\/em><\/li>\n<li><em> Qu\u1ea3n l\u00fd dinh d\u01b0\u1ee1ng<\/em><\/li>\n<li><em> K\u00ea \u0111\u01a1n, ch\u1ec9 \u0111\u1ecbnh, tr\u1ea3 k\u1ebft qu\u1ea3 c\u1eadn l\u00e2m s\u00e0ng tr\u00ean m\u00e1y t\u00ednh b\u1ea3ng, \u0111i\u1ec7n tho\u1ea1i th\u00f4ng minh<\/em><\/li>\n<li><em> Qu\u1ea3n l\u00fd quy tr\u00ecnh k\u1ef9 thu\u1eadt chuy\u00ean m\u00f4n<\/em><\/li>\n<li><em> Qu\u1ea3n l\u00fd h\u1ed3 s\u01a1 b\u1ec7nh \u00e1n \u0111i\u1ec7n t\u1eed<\/em><\/li>\n<li><em> \u1ee8ng d\u1ee5ng nh\u1eadn d\u1ea1ng gi\u1ecdng n\u00f3i \u0111\u1ec3 h\u1ed7 tr\u1ee3 EMR<\/em><\/li>\n<li><em> T\u00ecm ki\u1ebfm v\u00e0 tra c\u1ee9u th\u00f4ng tin<\/em><\/li>\n<li><em> Thanh to\u00e1n vi\u1ec7n ph\u00ed \u0111i\u1ec7n t\u1eed<\/em><\/li>\n<\/ol>\n<p><em><br \/>\n<\/em>ONENET l\u00e0 c\u00f4ng ty uy t\u00edn, c\u00f3 th\u01b0\u01a1ng hi\u1ec7u, chuy\u00ean ph\u00e1t tri\u1ec3n CNTT trong l\u0129nh v\u1ef1c y t\u1ebf, \u0111\u00e3 cung c\u1ea5p ra th\u1ecb tr\u01b0\u1eddng nhi\u1ec1u s\u1ea3n ph\u1ea9m \u0111\u1ea1t ch\u1ea5t l\u01b0\u1ee3ng cao mang l\u1ea1i l\u1ee3i \u00edch to l\u1edbn v\u00e0 s\u1ef1 h\u00e0i l\u00f2ng cho kh\u00e1ch h\u00e0ng. \u0110\u00e3 \u0111\u1ea1t \u0111\u01b0\u1ee3c nhi\u1ec1u gi\u1ea3i th\u01b0\u1edfng cao qu\u00fd v\u1ec1 chuy\u1ec3n \u0111\u1ed5i s\u1ed1.<\/p>\n<\/div>\n<\/div>\n<\/div>\n<\/div>\n<\/div>\n","protected":false},"excerpt":{"rendered":"<p>Ch\u00ednh h\u00e3ng, Nguy\u00ean seal, M\u1edbi 100%, Ch\u01b0a Active<\/p>\n<p>Mi\u1ec5n ph\u00ed giao h\u00e0ng to\u00e0n qu\u1ed1c<\/p>\n<p>Thi\u1ebft k\u1ebf: Nguy\u00ean kh\u1ed1i, m\u00e0n h\u00ecnh v\u00f4 c\u1ef1c kh\u00f4ng vi\u1ec1n<\/p>\n<p>M\u00e0n h\u00ecnh: 6.3 inches (1440 x 2960 pixels)<\/p>\n<p>Camera Tr\u01b0\u1edbc\/Sau: 8MP\/12MP<\/p>\n<p>CPU: L\u00f5i T\u00e1m (l\u00f5i T\u1ee9 2.3GHz + l\u00f5i T\u1ee9 1.7GHz), 64 bit<\/p>\n<p>B\u1ed9 Nh\u1edb: 64 GB<\/p>\n<p>RAM: 6GB<\/p>\n<p>SIM t\u01b0\u01a1ng th\u00edch: Nano SIM<\/p>\n<p>T\u00ednh n\u0103ng: Ch\u1ed1ng n\u01b0\u1edbc, ch\u1ed1ng b\u1ee5i \u0111\u1ea1t chu\u1ea9n IP68<\/p>\n","protected":false},"featured_media":1085,"template":"","meta":{"_acf_changed":false},"product_cat":[70,77,108],"product_tag":[],"class_list":{"0":"post-608","1":"product","2":"type-product","3":"status-publish","4":"has-post-thumbnail","6":"product_cat-kho-du-lieu-mo","7":"product_cat-phan-mem-chu-ky-so","8":"product_cat-phan-mem-quan-ly-benh-vien-phong-kham","10":"first","11":"instock","12":"taxable","13":"shipping-taxable","14":"product-type-simple"},"acf":[],"_links":{"self":[{"href":"https:\/\/zsoftware.vn\/index.php?rest_route=\/wp\/v2\/product\/608"}],"collection":[{"href":"https:\/\/zsoftware.vn\/index.php?rest_route=\/wp\/v2\/product"}],"about":[{"href":"https:\/\/zsoftware.vn\/index.php?rest_route=\/wp\/v2\/types\/product"}],"wp:featuredmedia":[{"embeddable":true,"href":"https:\/\/zsoftware.vn\/index.php?rest_route=\/wp\/v2\/media\/1085"}],"wp:attachment":[{"href":"https:\/\/zsoftware.vn\/index.php?rest_route=%2Fwp%2Fv2%2Fmedia&parent=608"}],"wp:term":[{"taxonomy":"product_cat","embeddable":true,"href":"https:\/\/zsoftware.vn\/index.php?rest_route=%2Fwp%2Fv2%2Fproduct_cat&post=608"},{"taxonomy":"product_tag","embeddable":true,"href":"https:\/\/zsoftware.vn\/index.php?rest_route=%2Fwp%2Fv2%2Fproduct_tag&post=608"}],"curies":[{"name":"wp","href":"https:\/\/api.w.org\/{rel}","templated":true}]}}