{"id":635,"date":"2018-01-02T14:23:08","date_gmt":"2018-01-02T14:23:08","guid":{"rendered":"http:\/\/localhost:8085\/tiki\/?post_type=product&#038;p=635"},"modified":"2019-05-10T04:18:14","modified_gmt":"2019-05-10T04:18:14","slug":"internet-tivi-sony-43-inch-kdl-43w750e","status":"publish","type":"product","link":"https:\/\/zsoftware.vn\/?product=internet-tivi-sony-43-inch-kdl-43w750e","title":{"rendered":"Internet Tivi Sony 43 inch KDL-43W750E"},"content":{"rendered":"<div class=\"left\">\n<h3 class=\"product-table-title\">Th\u00f4ng Tin Chi Ti\u1ebft<\/h3>\n<div class=\"white-panel\">\n<div class=\"attribute-table multi-table\"><\/div>\n<table id=\"chi-tiet\" cellspacing=\"0\" class=\"table table-bordered table-detail table-striped\">\n<colgroup>\n<col style=\"width: 25%\">\n<col>\n            <\/colgroup>\n<tbody>\n<tr>\n<td>Lo\u1ea1i Tivi<\/td>\n<td class=\"last\">\n                        Internet Tivi\n                    <\/td>\n<\/tr>\n<tr>\n<td>K\u00edch th\u01b0\u1edbc m\u00e0n h\u00ecnh<\/td>\n<td class=\"last\">\n                        43 inch\n                    <\/td>\n<\/tr>\n<tr>\n<td>\u0110\u1ed9 ph\u00e2n gi\u1ea3i m\u00e0n h\u00ecnh<\/td>\n<td class=\"last\">\n                        1920 x 1080 pixels\n                    <\/td>\n<\/tr>\n<tr>\n<td>T\u1ea7n s\u1ed1 qu\u00e9t (Ch\u1ec9 s\u1ed1 chuy\u1ec3n \u0111\u1ed9ng r\u00f5 n\u00e9t)<\/td>\n<td class=\"last\">\n                        \u0110ang c\u1eadp nh\u1eadt\n                    <\/td>\n<\/tr>\n<tr>\n<td>Xem 3D<\/td>\n<td class=\"last\">\n                        Kh\u00f4ng\n                    <\/td>\n<\/tr>\n<tr>\n<td>Tivi k\u1ef9 thu\u1eadt s\u1ed1 (DVB-T2)<\/td>\n<td class=\"last\">\n                        C\u00f3\n                    <\/td>\n<\/tr>\n<tr>\n<td>C\u00f4ng ngh\u1ec7 x\u1eed l\u00fd h\u00ecnh \u1ea3nh<\/td>\n<td class=\"last\">\n                        X-Reality PRO, Dynamic Contrast Enhancer, TRILUMINOS Display, HDR\n                    <\/td>\n<\/tr>\n<tr>\n<td>C\u00f4ng ngh\u1ec7 \u00e2m thanh<\/td>\n<td class=\"last\">\n                        ClearAudio+, S-Force Front Surround, Dolby Digital, Dolby Digital Plus\n                    <\/td>\n<\/tr>\n<tr>\n<td>T\u1ed5ng c\u00f4ng su\u1ea5t loa<\/td>\n<td class=\"last\">\n                        10W\n                    <\/td>\n<\/tr>\n<tr>\n<td>S\u1ed1 l\u01b0\u1ee3ng loa<\/td>\n<td class=\"last\">\n                        2\n                    <\/td>\n<\/tr>\n<tr>\n<td>Wifi<\/td>\n<td class=\"last\">\n                        C\u00f3\n                    <\/td>\n<\/tr>\n<tr>\n<td>C\u1ed5ng internet (LAN)<\/td>\n<td class=\"last\">\n                        C\u00f3\n                    <\/td>\n<\/tr>\n<tr>\n<td>C\u1ed5ng HDMI<\/td>\n<td class=\"last\">\n                        2 c\u1ed5ng\n                    <\/td>\n<\/tr>\n<tr>\n<td>VGA<\/td>\n<td class=\"last\">\n                        Kh\u00f4ng\n                    <\/td>\n<\/tr>\n<tr>\n<td>USB<\/td>\n<td class=\"last\">\n                        2 c\u1ed5ng\n                    <\/td>\n<\/tr>\n<tr>\n<td>Phim<\/td>\n<td class=\"last\">\n                        AVI, WebM, MKV, FLV, WMV, MPEG, MP4\n                    <\/td>\n<\/tr>\n<tr>\n<td>Ph\u1ee5 \u0111\u1ec1 Phim<\/td>\n<td class=\"last\">\n                        SRT\n                    <\/td>\n<\/tr>\n<tr>\n<td>H\u00ecnh \u1ea3nh<\/td>\n<td class=\"last\">\n                        JPEG, JPG, GIF, PNG, JPS\n                    <\/td>\n<\/tr>\n<tr>\n<td>\u00c2m Thanh<\/td>\n<td class=\"last\">\n                        WAV, WMA, MPA, MP3, AAC, AC3, MIDI, MID\n                    <\/td>\n<\/tr>\n<tr>\n<td>H\u1ec7 \u0111i\u1ec1u h\u00e0nh, giao di\u1ec7n<\/td>\n<td class=\"last\">\n                        Opera\n                    <\/td>\n<\/tr>\n<tr>\n<td>C\u00e1c \u1ee9ng d\u1ee5ng s\u1eb5n c\u00f3<\/td>\n<td class=\"last\">\n                        Tr\u00ecnh duy\u1ec7t web, YouTube\n                    <\/td>\n<\/tr>\n<tr>\n<td>C\u00e1c \u1ee9ng d\u1ee5ng ph\u1ed5 bi\u1ebfn c\u00f3 th\u1ec3 t\u1ea3i th\u00eam<\/td>\n<td class=\"last\">\n                        \u0110ang c\u1eadp nh\u1eadt\n                    <\/td>\n<\/tr>\n<tr>\n<td>Remote th\u00f4ng minh<\/td>\n<td class=\"last\">\n                        Kh\u00f4ng\n                    <\/td>\n<\/tr>\n<tr>\n<td>\u0110i\u1ec1u khi\u1ec3n tivi b\u1eb1ng \u0111i\u1ec7n tho\u1ea1i<\/td>\n<td class=\"last\">\n                        Kh\u00f4ng\n                    <\/td>\n<\/tr>\n<tr>\n<td>K\u1ebft n\u1ed1i kh\u00f4ng d\u00e2y v\u1edbi \u0111i\u1ec7n tho\u1ea1i, m\u00e1y t\u00ednh b\u1ea3ng<\/td>\n<td class=\"last\">\n                        Chi\u1ebfu m\u00e0n h\u00ecnh Screen Mirroring\n                    <\/td>\n<\/tr>\n<tr>\n<td>K\u1ebft n\u1ed1i b\u00e0n ph\u00edm, chu\u1ed9t<\/td>\n<td class=\"last\">\n                        T\u01b0\u01a1ng th\u00edch ch\u01b0a t\u1ed1t\n                    <\/td>\n<\/tr>\n<tr>\n<td>T\u01b0\u01a1ng t\u00e1c th\u00f4ng minh<\/td>\n<td class=\"last\">\n                        Kh\u00f4ng\n                    <\/td>\n<\/tr>\n<tr>\n<td>SKU<\/td>\n<td class=\"last\">\n                        8901283117596\n                    <\/td>\n<\/tr>\n<tr>\n<td>Th\u01b0\u01a1ng hi\u1ec7u<\/td>\n<td class=\"last\">\n                        <a href=\"http:\/\/tiki.vn\/thuong-hieu\/sony.html\">Sony<\/a><\/p>\n<\/td>\n<\/tr>\n<tr>\n<td>K\u00edch th\u01b0\u1edbc c\u00f3 ch\u00e2n\/\u0111\u1eb7t b\u00e0n <\/td>\n<td class=\"last\">\n                        Ngang 96.4cm x Cao 61.9cm x D\u00e0y 23.6cm\n                    <\/td>\n<\/tr>\n<tr>\n<td>Kh\u1ed1i l\u01b0\u1ee3ng c\u00f3 ch\u00e2n<\/td>\n<td class=\"last\">\n                        9.7kg\n                    <\/td>\n<\/tr>\n<tr>\n<td>K\u00edch th\u01b0\u1edbc kh\u00f4ng ch\u00e2n\/treo t\u01b0\u1eddng<\/td>\n<td class=\"last\">\n                        Ngang 96.4cm x Cao 57.1cm x D\u00e0y 7cm\n                    <\/td>\n<\/tr>\n<tr>\n<td>Kh\u1ed1i l\u01b0\u1ee3ng kh\u00f4ng ch\u00e2n<\/td>\n<td class=\"last\">\n                        9.1kg\n                    <\/td>\n<\/tr>\n<tr>\n<td>N\u01a1i s\u1ea3n xu\u1ea5t<\/td>\n<td class=\"last\">\n                        Malaysia\n                    <\/td>\n<\/tr>\n<tr>\n<td>N\u0103m s\u1ea3n xu\u1ea5t<\/td>\n<td class=\"last\">\n                        2017\n                    <\/td>\n<\/tr>\n<tr>\n<td>Ph\u1ee5 ki\u1ec7n \u0111i k\u00e8m<\/td>\n<td class=\"last\">\n                        Remote, s\u00e1ch h\u01b0\u1edbng d\u1eabn, ch\u00e2n \u0111\u1ebf\n                    <\/td>\n<\/tr>\n<\/tbody>\n<\/table><\/div>\n<h3 class=\"product-table-title\">M\u00f4 T\u1ea3 S\u1ea3n Ph\u1ea9m<\/h3>\n<div class=\"white-panel\">\n<div class=\"product-description\">\n<div class=\"product-content-detail\">\n<div id=\"gioi-thieu\" class=\"content js-content expand\" style=\"max-height: none\">\n<h5>Thi\u1ebft k\u1ebf \u0111en nguy\u00ean kh\u1ed1i tinh t\u1ebf v\u00e0 \u1ea5n t\u01b0\u1ee3ng<\/h5>\n<p><strong><a href=\"https:\/\/tiki.vn\/smart-internet-tivi\/c4239\/sony\">Internet Tivi Sony<\/a> 43 inch KDL-43W750E<\/strong> \u0111\u01b0\u01a1\u0323c thi\u00ea\u0301t k\u00ea\u0301 \u0111en nguy\u00ean kh\u00f4\u0301i c\u01b0\u0301ng ca\u0301p, t\u00f4ng ma\u0300u \u0111en sang tr\u1ecdng, khung vi\u00ea\u0300n nh\u1ef1a mo\u0309ng va\u0300 h\u1eb9p th\u1ec3 hi\u1ec7n t\u00ednh th\u00e2\u0309m my\u0303, sang tro\u0323ng trong t\u01b0\u0300ng chi ti\u00ea\u0301t nho\u0309. Ch\u00e2n \u0111\u00ea\u0301 \u0111\u01a1n gia\u0309n, c\u01b0\u0301ng ca\u0301p ta\u0323o tha\u0300nh t\u00f4\u0309ng th\u00ea\u0309 v\u01b0\u0303ng cha\u0303i. \u0110i\u1ec1u n\u00e0y gi\u00fap b\u1ea1n d\u00ea\u0303 da\u0300ng \u0111\u0103\u0323t <a href=\"https:\/\/tiki.vn\/ti-vi\/c5015\">tivi<\/a> \u01a1\u0309 ca\u0301c vi\u0323 tri\u0301 kha\u0301c nhau trong kh\u00f4ng gian pho\u0300ng kha\u0301ch. V\u1edbi k\u00edch c\u1ee1 43 inch, b\u1ea1n c\u00f3 th\u1ec3 \u0111\u1eb7t tivi t\u1ea1i c\u00e1c kh\u00f4ng gian v\u1eeba v\u00e0 nh\u1ecf nh\u01b0: ph\u00f2ng kh\u00e1ch, ph\u00f2ng ng\u1ee7&#8230;<\/p>\n<p><img loading=\"lazy\" decoding=\"async\" title=\"Internet Tivi Sony 43inch KDL-43W750E - H\u00e0ng Ch\u00ednh H\u00e3ng\" alt=\"Internet Tivi Sony 43inch KDL-43W750E - H\u00e0ng Ch\u00ednh H\u00e3ng\" width=\"750\" height=\"535\" src=\"https:\/\/tikicdn.com\/media\/catalog\/product\/4\/9\/49w750e-5.u4939.d20170531.t095640.311204.jpg\"><\/p>\n<h5>Kho\u1ea3ng c\u00e1ch xem Tivi an to\u00e0n<\/h5>\n<p>\u0110\u1ec3 b\u1ea3o v\u1ec7 an to\u00e0n cho \u0111\u00f4i m\u1eaft, b\u1ea1n n\u00ean l\u1ef1a ch\u1ecdn kho\u1ea3ng c\u00e1ch xem tivi an to\u00e0n. \u0110\u1ed1i v\u1edbi tivi 43 inch th\u00ec kho\u1ea3ng c\u00e1ch xem th\u00edch h\u1ee3p nh\u1ea5t l\u00e0 t\u1eeb 2.2 \u2013 3.3 m\u00e9t.<\/p>\n<h5>\u0110\u1ed9 ph\u00e2n gi\u1ea3i FHD, c\u00f4ng ngh\u1ec7 m\u00e0n h\u00ecnh ti\u00ean ti\u1ebfn<\/h5>\n<p>Chi\u1ebfc <a href=\"https:\/\/tiki.vn\/ti-vi\/c5015\/sony\">tivi Sony<\/a> KDL-43W750E c\u00f3 m\u00e0n h\u00ecnh \u0111\u01b0\u1ee3c trang b\u1ecb \u0111\u1ed9 ph\u00e2n gi\u1ea3i 1920 x 1080 full HD, mang \u0111\u1ebfn h\u00ecnh \u1ea3nh chi ti\u1ebft h\u01a1n g\u1ea5p 5 l\u1ea7n so v\u1edbi h\u00ecnh \u1ea3nh \u0111\u1ed9 n\u00e9t ti\u00eau chu\u1ea9n. M\u1ecdi n\u1ed9i dung b\u1ea1n xem s\u1ebd s\u1eafc n\u00e9t, r\u00f5 r\u00e0ng v\u00e0 ch\u00e2n th\u1ef1c h\u01a1n v\u1edbi \u0111\u1ed9 nhi\u1ec5u t\u1ed1i thi\u1ec3u v\u00e0 hi\u1ec7u \u1ee9ng t\u1ed1i \u0111a. Ngo\u00e0i ra, Sony c\u00f2n \u1ee9ng d\u1ee5ng tr\u00ean tivi c\u1ee7a m\u00ecnh c\u00e1c c\u00f4ng ngh\u1ec7 h\u00ecnh \u1ea3nh ti\u00ean ti\u1ebfn:<\/p>\n<p>&#8211; X-Reality PRO: Ki\u1ec3m so\u00e1t c\u00e1c t\u00edn hi\u1ec7u \u0111\u1ea7u v\u00e0o nh\u01b0 m\u00e0u s\u1eafc, \u0111\u1ed9 s\u00e1ng, \u0111\u1ed9 t\u01b0\u01a1ng ph\u1ea3n\u2026 \u0111\u1ed3ng th\u1eddi l\u00e0m gi\u1ea3m nhi\u1ec5u k\u1ef9 thu\u1eadt s\u1ed1, qua \u0111\u00f3 \u0111em l\u1ea1i h\u00ecnh \u1ea3nh ch\u00e2n th\u1ef1c, g\u1ea7n v\u1edbi t\u1ef1 nhi\u00ean h\u01a1n.<\/p>\n<p><img loading=\"lazy\" decoding=\"async\" title=\"Internet Tivi Sony 43inch KDL-43W750E - H\u00e0ng Ch\u00ednh H\u00e3ng\" alt=\"Internet Tivi Sony 43inch KDL-43W750E - H\u00e0ng Ch\u00ednh H\u00e3ng\" width=\"750\" height=\"536\" src=\"image\/gif;base64,R0lGODlhAQABAIAAAP\/\/\/wAAACH5BAEAAAAALAAAAAABAAEAAAICRAEAOw==\"><\/p>\n<p>&#8211; HDR: Linh ho\u1ea1t x\u1eed l\u00fd s\u00e2u v\u00e0o c\u00e1c chi ti\u1ebft h\u00ecnh \u1ea3nh v\u1ec1 gam m\u00e0u, \u0111\u1ed9 s\u00e1ng,\u2026 cho m\u00e0u s\u1eafc t\u01b0\u01a1i v\u00e0 r\u1ef1c r\u1ee1 h\u01a1n, mang \u0111\u1ebfn ch\u1ea5t l\u01b0\u1ee3ng h\u00ecnh \u1ea3nh t\u1ed1t h\u01a1n nhi\u1ec1u so v\u1edbi th\u00f4ng th\u01b0\u1eddng.<\/p>\n<p>&#8211; Triluminos Display: \u0110\u00e2y l\u00e0 c\u00f4ng ngh\u1ec7 \u0111\u00e8n n\u1ec1n \u0111\u1ed9c quy\u1ec1n c\u1ee7a Sony, cho ph\u00e9p t\u1ea1o ra nh\u1eefng m\u1ea3ng m\u00e0u r\u1ed9ng l\u1edbn, gi\u00fap cho m\u00e0n h\u00ecnh r\u1ef1c r\u1ee1, s\u1ed1ng \u0111\u1ed9ng nh\u01b0 th\u1eadt.<\/p>\n<h5>\u00c2m thanh m\u1ea1nh m\u1ebd, s\u1ed1ng \u0111\u1ed9ng<\/h5>\n<p>Tivi Sony KDL-43W750E \u0111\u01b0\u1ee3c trang b\u1ecb c\u00f4ng ngh\u1ec7 \u00e2m thanh ti\u00ean ti\u1ebfn, cho phe\u0301p ti\u00ea\u0301p nh\u00e2\u0323n va\u0300 t\u00e1i t\u1ea1o \u00e2m thanh r\u00f5 r\u00e0ng cho c\u00e1c giai \u0111i\u1ec7u c\u00f3 chi\u1ec1u s\u00e2u h\u01a1n. C\u00e1c c\u00f4ng ngh\u1ec7 \u0111\u00f3 g\u1ed3m:<\/p>\n<p>&#8211; ClearAudio+: Gi\u00fap tinh ch\u1ec9nh t\u1ea7n s\u1ed1 \u0111\u00e1p \u1ee9ng c\u1ee7a loa tivi sao cho th\u00edch h\u1ee3p nh\u1ea5t, l\u00e0m n\u00ean \u00e2m thanh c\u00f3 chi\u1ec1u s\u00e2u, t\u00e1i t\u1ea1o \u00e2m c\u00e2n b\u1eb1ng v\u1edbi t\u1ea5t c\u1ea3 c\u00e1c t\u1ea7n s\u1ed1 m\u1ee9c th\u1ea5p, trung v\u00e0 m\u1ee9c cao.<\/p>\n<p>&#8211; S-Force Front Surround: T\u1ed1i \u01b0u c\u00e1c t\u00edn hi\u1ec7u \u00e2m thanh \u0111\u1ec3 mang \u0111\u1ebfn ng\u01b0\u1eddi d\u00f9ng tr\u1ea3i nghi\u1ec7m nghe tuy\u1ec7t v\u1eddi. Ti\u1ebfp theo \u0111\u00f3 l\u00e0 \u0111\u1ecbnh d\u1ea1ng \u0111a k\u00eanh tr\u1ef1c ti\u1ebfp \u0111\u1ea3m b\u1ea3o \u00e2m thanh v\u00f2m 360\u00b0 m\u1ea1nh m\u1ebd, r\u00f5 n\u00e9t nh\u01b0 th\u1eadt.<\/p>\n<p>Ngo\u00e0i ra, chi\u1ebfc tivi c\u00f2n \u0111\u01b0\u1ee3c t\u00edch h\u1ee3p 2 loa v\u1edbi c\u00f4ng su\u1ea5t 10 W cho \u00e2m thanh v\u00f4 c\u00f9ng s\u1ed1ng \u0111\u1ed9ng, m\u01b0\u1ee3t m\u00e0.<\/p>\n<p><img loading=\"lazy\" decoding=\"async\" title=\"Internet Tivi Sony 43inch KDL-43W750E - H\u00e0ng Ch\u00ednh H\u00e3ng\" alt=\"Internet Tivi Sony 43inch KDL-43W750E - H\u00e0ng Ch\u00ednh H\u00e3ng\" width=\"750\" height=\"536\" src=\"image\/gif;base64,R0lGODlhAQABAIAAAP\/\/\/wAAACH5BAEAAAAALAAAAAABAAEAAAICRAEAOw==\"><\/p>\n<h5>K\u1ebft n\u1ed1i \u0111a d\u1ea1ng<\/h5>\n<p>Tivi Sony KDL-43W750E s\u1edf h\u1eefu giao di\u1ec7n Opera c\u00f9ng kh\u1ea3 n\u0103ng k\u1ebft n\u1ed1i wifi, cho ph\u00e9p b\u1ea1n c\u00f3 th\u1ec3 l\u00ean m\u1ea1ng, \u0111\u1ecdc b\u00e1o v\u1edbi Tr\u00ecnh duy\u1ec7t web, nghe nh\u1ea1c, xem phim\u2026 ngay tr\u00ean tivi.<\/p>\n<p><img loading=\"lazy\" decoding=\"async\" title=\"Internet Tivi Sony 43inch KDL-43W750E - H\u00e0ng Ch\u00ednh H\u00e3ng\" alt=\"Internet Tivi Sony 43inch KDL-43W750E - H\u00e0ng Ch\u00ednh H\u00e3ng\" width=\"750\" height=\"535\" src=\"image\/gif;base64,R0lGODlhAQABAIAAAP\/\/\/wAAACH5BAEAAAAALAAAAAABAAEAAAICRAEAOw==\"><\/p>\n<p>Tivi c\u00f2n \u0111\u01b0\u1ee3c trang b\u1ecb nhi\u1ec1u t\u00ednh n\u0103ng k\u1ebft n\u1ed1i, bao g\u1ed3m c\u1ea3 k\u1ebft n\u1ed1i c\u00f3 d\u00e2y v\u00e0 kh\u00f4ng d\u00e2y: 2 c\u1ed5ng <a href=\"http:\/\/tiki.vn\/usb-luu-tru\/c1828\">USB<\/a>, 2 c\u1ed5ng HDMI c\u00f9ng kh\u1ea3 n\u0103ng tr\u00ecnh chi\u1ebfu h\u00ecnh \u1ea3nh t\u1eeb <a href=\"https:\/\/tiki.vn\/dien-thoai-smartphone\/c1795\">\u0111i\u1ec7n tho\u1ea1i<\/a>, <a href=\"http:\/\/tiki.vn\/may-tinh-bang\/c1794\">m\u00e1y t\u00ednh b\u1ea3ng<\/a>,\u2026 (Screen Mirroring) l\u00ean m\u00e0n \u1ea3nh l\u1edbn \u0111\u01a1n gi\u1ea3n ch\u1ec9 b\u1eb1ng thao t\u00e1c \u0111\u01a1n gi\u1ea3n.<\/p>\n<\/p><\/div>\n<\/p><\/div>\n<\/p><\/div>\n<\/p><\/div>\n<\/div>\n","protected":false},"excerpt":{"rendered":"<p>Lo\u1ea1i tivi: Internet TV<\/p>\n<p>M\u00e0n h\u00ecnh: 43 inch<\/p>\n<p>\u0110\u1ed9 ph\u00e2n gi\u1ea3i: FHD (1920 x 1080 pixel)<\/p>\n<p>K\u1ebft n\u1ed1i: USB, HDMI<\/p>\n<p>T\u00edch h\u1ee3p \u0111\u1ea7u thu k\u1ef9 thu\u1eadt s\u1ed1: DVB-T2<\/p>\n","protected":false},"featured_media":636,"template":"","meta":{"_acf_changed":false},"product_cat":[120],"product_tag":[],"class_list":{"0":"post-635","1":"product","2":"type-product","3":"status-publish","4":"has-post-thumbnail","6":"product_cat-uncategorized","8":"first","9":"instock","10":"sale","11":"taxable","12":"shipping-taxable","13":"purchasable","14":"product-type-simple"},"acf":[],"_links":{"self":[{"href":"https:\/\/zsoftware.vn\/index.php?rest_route=\/wp\/v2\/product\/635"}],"collection":[{"href":"https:\/\/zsoftware.vn\/index.php?rest_route=\/wp\/v2\/product"}],"about":[{"href":"https:\/\/zsoftware.vn\/index.php?rest_route=\/wp\/v2\/types\/product"}],"wp:featuredmedia":[{"embeddable":true,"href":"https:\/\/zsoftware.vn\/index.php?rest_route=\/wp\/v2\/media\/636"}],"wp:attachment":[{"href":"https:\/\/zsoftware.vn\/index.php?rest_route=%2Fwp%2Fv2%2Fmedia&parent=635"}],"wp:term":[{"taxonomy":"product_cat","embeddable":true,"href":"https:\/\/zsoftware.vn\/index.php?rest_route=%2Fwp%2Fv2%2Fproduct_cat&post=635"},{"taxonomy":"product_tag","embeddable":true,"href":"https:\/\/zsoftware.vn\/index.php?rest_route=%2Fwp%2Fv2%2Fproduct_tag&post=635"}],"curies":[{"name":"wp","href":"https:\/\/api.w.org\/{rel}","templated":true}]}}