{"id":647,"date":"2018-01-02T07:37:37","date_gmt":"2018-01-02T07:37:37","guid":{"rendered":"http:\/\/localhost:8085\/tiki\/?post_type=product&#038;p=647"},"modified":"2019-03-07T01:05:52","modified_gmt":"2019-03-07T01:05:52","slug":"smart-tv-cong-4k-samsung-qled-65-inch","status":"publish","type":"product","link":"https:\/\/zsoftware.vn\/?product=smart-tv-cong-4k-samsung-qled-65-inch","title":{"rendered":"Smart TV Cong 4K Samsung QLED 65 inch"},"content":{"rendered":"<div class=\"left\">\n<h3 class=\"product-table-title\">Th\u00f4ng Tin Chi Ti\u1ebft<\/h3>\n<div class=\"white-panel\">\n<div class=\"attribute-table multi-table\"><\/div>\n<table id=\"chi-tiet\" cellspacing=\"0\" class=\"table table-bordered table-detail table-striped\">\n<colgroup>\n<col style=\"width: 25%\">\n<col>\n            <\/colgroup>\n<tbody>\n<tr>\n<td>Lo\u1ea1i Tivi<\/td>\n<td class=\"last\">\n                        QLED\n                    <\/td>\n<\/tr>\n<tr>\n<td>K\u00edch th\u01b0\u1edbc m\u00e0n h\u00ecnh<\/td>\n<td class=\"last\">\n                        65 inch\n                    <\/td>\n<\/tr>\n<tr>\n<td>\u0110\u1ed9 ph\u00e2n gi\u1ea3i m\u00e0n h\u00ecnh<\/td>\n<td class=\"last\">\n                        Ultra HD 4K (3840 x 2160)\n                    <\/td>\n<\/tr>\n<tr>\n<td>T\u1ea7n s\u1ed1 qu\u00e9t (Ch\u1ec9 s\u1ed1 chuy\u1ec3n \u0111\u1ed9ng r\u00f5 n\u00e9t)<\/td>\n<td class=\"last\">\n                        HDR 1500nits &amp; 3200 Hz\n                    <\/td>\n<\/tr>\n<tr>\n<td>Xem 3D<\/td>\n<td class=\"last\">\n                        Kh\u00f4ng\n                    <\/td>\n<\/tr>\n<tr>\n<td>Tivi k\u1ef9 thu\u1eadt s\u1ed1 (DVB-T2)<\/td>\n<td class=\"last\">\n                        DVB-T2\n                    <\/td>\n<\/tr>\n<tr>\n<td>C\u00f4ng ngh\u1ec7 x\u1eed l\u00fd h\u00ecnh \u1ea3nh<\/td>\n<td class=\"last\">\n                        Supreme UHD Dimming, M\u00e0n h\u00ecnh ch\u1ea5m l\u01b0\u1ee3ng t\u1eed Quantum Dot, Q HDR 1500\n                    <\/td>\n<\/tr>\n<tr>\n<td>C\u00f4ng ngh\u1ec7 \u00e2m thanh<\/td>\n<td class=\"last\">\n                        Dolby Digital Plus\n                    <\/td>\n<\/tr>\n<tr>\n<td>T\u1ed5ng c\u00f4ng su\u1ea5t loa<\/td>\n<td class=\"last\">\n                        60W\n                    <\/td>\n<\/tr>\n<tr>\n<td>S\u1ed1 l\u01b0\u1ee3ng loa<\/td>\n<td class=\"last\">\n                        \u0110ang c\u1eadp nh\u1eadt\n                    <\/td>\n<\/tr>\n<tr>\n<td>Wifi<\/td>\n<td class=\"last\">\n                        C\u00f3\n                    <\/td>\n<\/tr>\n<tr>\n<td>C\u1ed5ng internet (LAN)<\/td>\n<td class=\"last\">\n                        C\u00f3\n                    <\/td>\n<\/tr>\n<tr>\n<td>C\u1ed5ng HDMI<\/td>\n<td class=\"last\">\n                        4 c\u1ed5ng\n                    <\/td>\n<\/tr>\n<tr>\n<td>Component video<\/td>\n<td class=\"last\">\n                        C\u00f3\n                    <\/td>\n<\/tr>\n<tr>\n<td>Composite video<\/td>\n<td class=\"last\">\n                        C\u00f3\n                    <\/td>\n<\/tr>\n<tr>\n<td>VGA<\/td>\n<td class=\"last\">\n                        C\u00f3\n                    <\/td>\n<\/tr>\n<tr>\n<td>USB<\/td>\n<td class=\"last\">\n                        3 c\u1ed5ng\n                    <\/td>\n<\/tr>\n<tr>\n<td>Phim<\/td>\n<td class=\"last\">\n                        FLV, MP4, MPEG, WMV, AVI, M4V, MKV, MOV, DivX HD\n                    <\/td>\n<\/tr>\n<tr>\n<td>Ph\u1ee5 \u0111\u1ec1 Phim<\/td>\n<td class=\"last\">\n                        &#8211;\n                    <\/td>\n<\/tr>\n<tr>\n<td>H\u00ecnh \u1ea3nh<\/td>\n<td class=\"last\">\n                        JPG, JPEG, MPO, PNG\n                    <\/td>\n<\/tr>\n<tr>\n<td>\u00c2m Thanh<\/td>\n<td class=\"last\">\n                        AC3, MKA, WAV, WMA, FLAC, MP3, AAC, M4A\n                    <\/td>\n<\/tr>\n<tr>\n<td>Remote th\u00f4ng minh<\/td>\n<td class=\"last\">\n                        C\u00f3\n                    <\/td>\n<\/tr>\n<tr>\n<td>\u0110i\u1ec1u khi\u1ec3n tivi b\u1eb1ng \u0111i\u1ec7n tho\u1ea1i<\/td>\n<td class=\"last\">\n                        C\u00f3\n                    <\/td>\n<\/tr>\n<tr>\n<td>K\u1ebft n\u1ed1i kh\u00f4ng d\u00e2y v\u1edbi \u0111i\u1ec7n tho\u1ea1i, m\u00e1y t\u00ednh b\u1ea3ng<\/td>\n<td class=\"last\">\n                        C\u00f3\n                    <\/td>\n<\/tr>\n<tr>\n<td>SKU<\/td>\n<td class=\"last\">\n                        8904711481092\n                    <\/td>\n<\/tr>\n<tr>\n<td>Th\u01b0\u01a1ng hi\u1ec7u<\/td>\n<td class=\"last\">\n                        <a href=\"http:\/\/tiki.vn\/thuong-hieu\/samsung.html\">Samsung<\/a><\/p>\n<\/td>\n<\/tr>\n<tr>\n<td>M\u00e0u<\/td>\n<td class=\"last\">\n                        \u0110en<\/p>\n<\/td>\n<\/tr>\n<tr>\n<td>K\u00edch th\u01b0\u1edbc c\u00f3 ch\u00e2n\/\u0111\u1eb7t b\u00e0n <\/td>\n<td class=\"last\">\n                        1441.9 x 918.5 x 375.1 mm\n                    <\/td>\n<\/tr>\n<tr>\n<td>Kh\u1ed1i l\u01b0\u1ee3ng c\u00f3 ch\u00e2n<\/td>\n<td class=\"last\">\n                        30.2 kg\n                    <\/td>\n<\/tr>\n<tr>\n<td>K\u00edch th\u01b0\u1edbc kh\u00f4ng ch\u00e2n\/treo t\u01b0\u1eddng<\/td>\n<td class=\"last\">\n                        1441.9 x 828.8 x 107.3 mm\n                    <\/td>\n<\/tr>\n<tr>\n<td>Kh\u1ed1i l\u01b0\u1ee3ng kh\u00f4ng ch\u00e2n<\/td>\n<td class=\"last\">\n                        26.5 kg\n                    <\/td>\n<\/tr>\n<tr>\n<td>N\u01a1i s\u1ea3n xu\u1ea5t<\/td>\n<td class=\"last\">\n                        Vi\u1ec7t Nam\n                    <\/td>\n<\/tr>\n<tr>\n<td>N\u0103m s\u1ea3n xu\u1ea5t<\/td>\n<td class=\"last\">\n                        2017\n                    <\/td>\n<\/tr>\n<tr>\n<td>M\u00f4 t\u1ea3 b\u1ea3o h\u00e0nh<\/td>\n<td class=\"last\">\n                        K\u00edch ho\u1ea1t b\u1ea3o h\u00e0nh tr\u00ean imei\n                    <\/td>\n<\/tr>\n<tr>\n<td>Ph\u1ee5 ki\u1ec7n \u0111i k\u00e8m<\/td>\n<td class=\"last\">\n                        S\u00e1ch h\u01b0\u1edbng d\u1eabn, Remote, Ch\u00e2n \u0111\u1ebf\n                    <\/td>\n<\/tr>\n<\/tbody>\n<\/table><\/div>\n<h3 class=\"product-table-title\">M\u00f4 T\u1ea3 S\u1ea3n Ph\u1ea9m<\/h3>\n<div class=\"white-panel\">\n<div class=\"product-description\">\n<div class=\"product-content-detail\">\n<div id=\"gioi-thieu\" class=\"content js-content expand\" style=\"max-height: none\">\n<p style=\"text-align: justify\"><strong> Thi\u1ebft k\u1ebf m\u00e0n m\u00e0n h\u00ecnh cong, m\u1eb7t sau kim lo\u1ea1i li\u1ec1n kh\u1ed1i <\/strong><\/p>\n<p style=\"text-align: justify\"><strong> Smart TV cong 4K Samsung QLED 65 inch QA65Q8CAMKXXV <\/strong> c\u00f3 thi\u1ebft k\u1ebf ho\u00e0n h\u1ea3o v\u00e0 \u0111\u1eb9p tuy\u1ec7t m\u1ef9 v\u1edbi \u0111\u1ed9 ph\u00e2n gi\u1ea3i Ultra HD 4K (3840 x 2160), 4 c\u1ea1nh kh\u00f4ng vi\u1ec1n x\u00f3a b\u1ecf gi\u1edbi h\u1ea1n, cho h\u00ecnh \u1ea3nh s\u1ed1ng \u0111\u1ed9ng v\u00e0 mang \u0111\u1ebfn tr\u1ea3i nghi\u1ec7m bao tr\u00f9m m\u1ecdi gi\u00e1c quan.<\/p>\n<p style=\"text-align: center\"><img loading=\"lazy\" decoding=\"async\" title=\"Smart TV cong 4K Samsung QLED 75 inch QA75Q8CAMKXXV \" alt=\"Smart TV cong 4K Samsung QLED 75 inch QA75Q8CAMKXXV \" width=\"720\" height=\"608\" src=\"https:\/\/tikicdn.com\/media\/catalog\/product\/v\/n\/vn-feature-qled-q8c-61622209.u2769.d20170330.t092505.754288.jpg\"><\/p>\n<p style=\"text-align: justify\">M\u1eb7t sau m\u00e0n h\u00ecnh thi\u1ebft k\u1ebf kim lo\u1ea1i li\u1ec1n kh\u1ed1i, cho v\u1ebb \u0111\u1eb9p sang tr\u1ecdng v\u00e0 h\u00f2a h\u1ee3p v\u1edbi kh\u00f4ng gian s\u1ed1ng hi\u1ec7n \u0111\u1ea1i. \u0110\u1eb7c bi\u1ec7t, \u0111\u01b0\u1eddng cong m\u01b0\u1ee3t m\u00e0 l\u00e0m t\u0103ng s\u1ef1 tinh t\u1ebf, \u0111\u1eb3ng c\u1ea5p cho s\u1ea3n ph\u1ea9m, \u0111\u1ed3ng th\u1eddi gi\u00fap ng\u01b0\u1eddi xem t\u1eadn h\u01b0\u1edfng c\u1ea3m gi\u00e1c th\u00fa v\u1ecb ch\u01b0a t\u1eebng c\u00f3.<\/p>\n<p style=\"text-align: center\"><img loading=\"lazy\" decoding=\"async\" title=\"Smart TV cong 4K Samsung QLED 75 inch QA75Q8CAMKXXV \" alt=\"Smart TV cong 4K Samsung QLED 75 inch QA75Q8CAMKXXV \" width=\"750\" height=\"500\" src=\"image\/gif;base64,R0lGODlhAQABAIAAAP\/\/\/wAAACH5BAEAAAAALAAAAAABAAEAAAICRAEAOw==\"><\/p>\n<p style=\"text-align: justify\"><strong> Thi\u1ebft k\u1ebf thu g\u1ecdn v\u00e0 l\u00e0m \u0111\u1eb9p kh\u00f4ng gian <\/strong><\/p>\n<p style=\"text-align: justify\">Thay th\u1ebf nh\u1eefng s\u1ee3i d\u00e2y c\u00e1p to, c\u1ee9ng v\u00e0 r\u01b0\u1eddm r\u00e0 tr\u01b0\u1edbc \u0111\u00e2y, QLED 65 inch QA65Q8CAMKXXV ch\u1ec9 s\u1eed d\u1ee5ng d\u00e2y c\u00e1p si\u00eau m\u1ea3nh g\u1ea7n nh\u01b0 kh\u00f4ng nh\u00ecn th\u1ea5y gi\u00fap kh\u00f4ng gian b\u1ed1 tr\u00ed g\u1ecdn g\u00e0ng, ng\u0103n n\u1eafp, t\u1ea1o c\u1ea3m gi\u00e1c tho\u00e1ng \u0111\u00e3ng.<\/p>\n<p style=\"text-align: justify\">B\u1ea1n c\u00f3 th\u1ec3 l\u1eafp \u0111\u1eb7t <a href=\"https:\/\/tiki.vn\/ti-vi\/c5015\">tivi<\/a> \u1edf b\u1ea5t k\u1ef3 n\u01a1i n\u00e0o t\u1eeb ph\u00f2ng ng\u1ee7, ph\u00f2ng kh\u00e1ch, ph\u00f2ng h\u1ecdp, tr\u00ean k\u1ec7 t\u1ee7 hay t\u1eadn d\u1ee5ng chi\u1ebfc <a href=\"http:\/\/tiki.vn\/ban-lam-viec\/c4381\">b\u00e0n l\u00e0m vi\u1ec7c<\/a> nh\u1edd thi\u1ebft k\u1ebf m\u1eb7t sau tr\u01a1n tru v\u00e0 \u0111\u1eb7c bi\u1ec7t thu g\u1ecdn c\u00e1c d\u00e2y c\u00e1p b\u00ean trong ch\u00e2n \u0111\u1ebf sang tr\u1ecdng.<\/p>\n<p style=\"text-align: center\"><img loading=\"lazy\" decoding=\"async\" title=\"Smart TV cong 4K Samsung QLED 75 inch QA75Q8CAMKXXV \" alt=\"Smart TV cong 4K Samsung QLED 75 inch QA75Q8CAMKXXV \" width=\"750\" height=\"422\" src=\"image\/gif;base64,R0lGODlhAQABAIAAAP\/\/\/wAAACH5BAEAAAAALAAAAAABAAEAAAICRAEAOw==\"><\/p>\n<p style=\"text-align: justify\">H\u01a1n n\u1eefa, S\u1ea3n ph\u1ea9m thi\u1ebft k\u1ebf c\u00f3 th\u1ec3 treo t\u01b0\u1eddng theo phong c\u00e1ch s\u1ed1ng hi\u1ec7n \u0111\u1ea1i, \u0111\u1ea3m b\u1ea3o kh\u00f4ng gian lu\u00f4n r\u1ed9ng tho\u00e1ng, ti\u1ebft ki\u1ec7m di\u1ec7n t\u00edch, tho\u1ea3i m\u00e1i khi xem.<\/p>\n<p style=\"text-align: justify\"><strong> C\u00f4ng ngh\u1ec7 m\u00e0u s\u1eafc \u0111\u1ec9nh cao <\/strong><\/p>\n<p style=\"text-align: justify\">C\u00f4ng ngh\u1ec7 m\u00e0n h\u00ecnh Quantum Dot (Ch\u1ea5m l\u01b0\u1ee3ng t\u1eed) th\u1ebf h\u1ec7 m\u1edbi, v\u1edbi l\u00f5i h\u1ee3p kim ti\u00ean ti\u1ebfn, mang \u0111\u1ebfn m\u00e0u s\u1eafc ho\u00e0n h\u1ea3o cho b\u1ea1n chi\u00eam ng\u01b0\u1ee1ng m\u1ecdi c\u1ea3nh s\u1eafc tuy\u1ec7t v\u1eddi, s\u1ed1ng \u0111\u1ed9ng t\u1eebng \u0111\u01b0\u1eddng n\u00e9t ngay t\u1ea1i nh\u00e0. H\u01a1n n\u1eefa, c\u00f4ng ngh\u1ec7 Q HDR 1500 t\u00edch h\u1ee3p, t\u0103ng c\u01b0\u1eddng \u0111\u1ed9 \u00e1nh s\u00e1ng gi\u00fap b\u1ea1n nh\u00ecn th\u1ea5y t\u1eebng chi ti\u1ebft nh\u1ecf nh\u1ea5t, cu\u1ed1n h\u00fat v\u00e0o t\u1eebng khung h\u00ecnh chuy\u1ec3n \u0111\u1ed9ng trong s\u1eafc \u0111en s\u00e2u th\u1eb3m v\u00e0 s\u1eafc tr\u1eafng r\u1ef1c r\u1ee1.<\/p>\n<p style=\"text-align: justify\"><strong> Q Color v\u00e0 Q Contrast mang \u0111\u1ebfn tr\u1ea3i nghi\u1ec7m nh\u01b0 th\u1eadt <\/strong><\/p>\n<p style=\"text-align: justify\">Q Color &#8211; QLED s\u1ebd cho b\u1ea1n kh\u00e1m ph\u00e1 th\u1ebf gi\u1edbi nhi\u1ec1u m\u00e0u s\u1eafc nh\u01b0 th\u1ef1c v\u1edbi d\u00e3y s\u1eafc m\u00e0u r\u1ed9ng v\u01b0\u1ee3t ra kh\u1ecfi chu\u1ea9n m\u1ef1c c\u1ee7a TV Q8F mang \u0111\u1ebfn c\u1ea3m x\u00fac \u0111\u1ec9nh cao ngay t\u1ea1i ng\u00f4i nh\u00e0 c\u1ee7a m\u00ecnh.<\/p>\n<p style=\"text-align: center\"><img loading=\"lazy\" decoding=\"async\" title=\"Smart TV cong 4K Samsung QLED 75 inch QA75Q8CAMKXXV \" alt=\"Smart TV cong 4K Samsung QLED 75 inch QA75Q8CAMKXXV \" width=\"750\" height=\"500\" src=\"image\/gif;base64,R0lGODlhAQABAIAAAP\/\/\/wAAACH5BAEAAAAALAAAAAABAAEAAAICRAEAOw==\"><\/p>\n<p style=\"text-align: justify\">Q Contrast &#8211; Nh\u1edd v\u00e0o c\u00f4ng ngh\u1ec7 Precision Black c\u00f3 kh\u1ea3 n\u0103ng t\u1ef1 \u0111i\u1ec1u ch\u1ec9nh \u0111\u1ed9 s\u00e1ng c\u1ee7a m\u1ecdi h\u00ecnh \u1ea3nh c\u00f9ng t\u00ednh n\u0103ng Ultra Black gi\u00fap thi\u1ec3u s\u1ef1 ph\u1ea3n chi\u1ebfu \u00e1nh s\u00e1ng tr\u00ean b\u1ec1 m\u1eb7t tivi QLED. B\u1edfi v\u1eady, tr\u1ea3i nghi\u1ec7m xem c\u1ee7a b\u1ea1n s\u1ebd s\u00e2u h\u01a1n v\u00e0 th\u1eadt h\u01a1n k\u1ec3 c\u1ea3 ng\u00e0y hay \u0111\u00eam.<\/p>\n<p style=\"text-align: center\"><img loading=\"lazy\" decoding=\"async\" title=\"Smart TV cong 4K Samsung QLED 75 inch QA75Q8CAMKXXV \" alt=\"Smart TV cong 4K Samsung QLED 75 inch QA75Q8CAMKXXV \" width=\"750\" height=\"500\" src=\"image\/gif;base64,R0lGODlhAQABAIAAAP\/\/\/wAAACH5BAEAAAAALAAAAAABAAEAAAICRAEAOw==\"><\/p>\n<p style=\"text-align: justify\"><strong> Kh\u00f4ng c\u00f2n lo l\u1eafng hi\u1ec7n t\u01b0\u1ee3ng nhi\u1ec5u m\u00e0u <\/strong><\/p>\n<p style=\"text-align: justify\">Smart TV cong 4K Samsung QLED trang b\u1ecb t\u00ednh n\u0103ng Q View Angle gi\u00fap b\u1ea1n xua tan s\u1ef1 lo l\u1eafng hi\u1ec7n t\u01b0\u1ee3ng nhi\u1ec5u m\u00e0u khi \u0111\u0103ng xem tivi. V\u1edbi Q Viewing Angle, ng\u01b0\u1eddi xem s\u1ebd tho\u1ea3i m\u00e1i t\u1eadn h\u01b0\u1edfng c\u00e1c ch\u01b0\u01a1ng tr\u00ecnh gi\u1ea3i tr\u00ed v\u00e0o b\u1ea5t k\u00ec l\u00fac n\u00e0o.<\/p>\n<p style=\"text-align: justify\"><strong> B\u1ed9 x\u1eed l\u00fd Q Engine nhanh v\u01b0\u1ee3t tr\u1ed9i <\/strong><\/p>\n<p style=\"text-align: justify\">Smart TV Cong 4K Samsung QLED 65 Inch QA65Q8FAMKXXV \u0111\u00e1p \u1ee9ng nhu c\u1ea7u kh\u00e1m ph\u00e1 th\u1ebf gi\u1edbi qua m\u00e0n \u1ea3nh c\u1ee7a b\u1ea1n m\u1ed9t c\u00e1ch nhanh h\u01a1n, m\u1ea1nh m\u1ebd h\u01a1n nh\u1edd b\u1ed9 x\u1eed l\u00fd Q Engine v\u01b0\u1ee3t tr\u1ed9i c\u00f9ng kh\u1ea3 n\u0103ng ph\u00e2n t\u00edch n\u1ed9i dung hi\u1ec7u qu\u1ea3 cho ch\u1ea5t l\u01b0\u1ee3ng h\u00ecnh \u1ea3nh t\u1ed1i \u01b0u nh\u1ea5t.<\/p>\n<p style=\"text-align: justify\"><strong> D\u1ec5 d\u00e0ng k\u1ebft n\u1ed1i v\u00e0 chia s\u1ebb <\/strong><\/p>\n<p style=\"text-align: justify\">S\u1ea3n ph\u1ea9m trang b\u1ecb 4 c\u1ed5ng HDMI cho ph\u00e9p b\u1ea1n k\u1ebft n\u1ed1i tivi v\u1edbi c\u00e1c thi\u1ebft b\u1ecb kh\u00e1c c\u00f3 c\u1ed5ng HDMI nh\u01b0 m\u00e1y t\u00ednh, loa thanh, \u0111\u1ea7u \u0111\u0129a\u2026; 3 c\u1ed5ng <a href=\"http:\/\/tiki.vn\/usb-luu-tru\/c1828\">USB<\/a> d\u1ec5 d\u00e0ng h\u01a1n cho vi\u1ec7c nghe nh\u1ea1c, chia s\u1ebb h\u00ecnh \u1ea3nh.<\/p>\n<p style=\"text-align: center\"><img loading=\"lazy\" decoding=\"async\" title=\"Smart TV cong 4K Samsung QLED 75 inch QA75Q8CAMKXXV \" alt=\"Smart TV cong 4K Samsung QLED 75 inch QA75Q8CAMKXXV \" width=\"720\" height=\"640\" src=\"image\/gif;base64,R0lGODlhAQABAIAAAP\/\/\/wAAACH5BAEAAAAALAAAAAABAAEAAAICRAEAOw==\"><\/p>\n<p style=\"text-align: justify\">\u0110\u1eb7c bi\u1ec7t, \u1ee9ng d\u1ee5ng Smart Hub gi\u00fap k\u1ebft n\u1ed1i th\u00f4ng minh c\u00e1c n\u1ed9i dung gi\u1ea3i tr\u00ed tr\u00ean nhi\u1ec1u thi\u1ebft b\u1ecb kh\u00e1c nha v\u00e0 duy\u1ec7t n\u1ed9i dung d\u1ec5 d\u00e0ng tr\u01b0\u1edbc khi b\u1eaft \u0111\u1ea7u t\u1eadn h\u01b0\u1edfng. Ngo\u00e0i ra, b\u1ea1n c\u00f3 th\u1ec3 chia s\u1ebb n\u1ed9i dung \u0111i\u1ec1u khi\u1ec3n tivi qua <a href=\"https:\/\/tiki.vn\/dien-thoai-smartphone\/c1795\">\u0111i\u1ec7n tho\u1ea1i<\/a> v\u1edbi \u1ee9ng d\u1ee5ng Smart View, v\u00f4 c\u00f9ng nhanh ch\u00f3ng, ti\u1ec7n l\u1ee3i.<\/p>\n<p style=\"text-align: justify\"><strong> T\u1ef1 \u0111\u1ed9ng nh\u1eadn di\u1ec7n <\/strong><\/p>\n<p style=\"text-align: justify\">Smart TV Cong 4K Samsung Q8F t\u1ef1 \u0111\u1ed9ng t\u00ecm v\u00e0 nh\u1eadn di\u1ec7n c\u00e1c thi\u1ebft b\u1ecb \u0111\u01b0\u1ee3c k\u1ebft n\u1ed1i nhanh ch\u00f3ng. Tivi QLED t\u1ef1 \u0111\u1ed9ng hi\u1ec3n th\u1ecb t\u00ean thi\u1ebft b\u1ecb v\u00e0 l\u1ef1a ch\u1ecdn \u0111\u1ea7u v\u00e0o ho\u00e0n to\u00e0n d\u1ec5 d\u00e0ng.<\/p>\n<p style=\"text-align: justify\"><em> * C\u00e1c thi\u1ebft b\u1ecb ph\u1ea3i \u0111\u01b0\u1ee3c k\u1ebft n\u1ed1i v\u1edbi One Connect th\u00f4ng qua <a href=\"https:\/\/tiki.vn\/cap-hdmi\/c3804\">c\u00e1p HDMI<\/a>. <\/em><\/p>\n<p style=\"text-align: center\"><em> <img loading=\"lazy\" decoding=\"async\" title=\"Smart TV cong 4K Samsung QLED 75 inch QA75Q8CAMKXXV \" alt=\"Smart TV cong 4K Samsung QLED 75 inch QA75Q8CAMKXXV \" width=\"720\" height=\"540\" src=\"image\/gif;base64,R0lGODlhAQABAIAAAP\/\/\/wAAACH5BAEAAAAALAAAAAABAAEAAAICRAEAOw==\"> <br \/> <\/em><\/p>\n<\/p><\/div>\n<\/p><\/div>\n<\/p><\/div>\n<\/p><\/div>\n<\/div>\n","protected":false},"excerpt":{"rendered":"<p>K\u00edch th\u01b0\u1edbc m\u00e0n h\u00ecnh: 65 inch<\/p>\n<p>\u0110\u1ed9 ph\u00e2n gi\u1ea3i:Ultra HD 4K (3840 x 2160) <\/p>\n<p>K\u1ebft n\u1ed1i: 4 HDMI, 3 USB<\/p>\n<p>Chia s\u1ebb n\u1ed9i dung v\u00e0 \u0111i\u1ec1u khi\u1ec3n qua \u0111i\u1ec7n tho\u1ea1i<\/p>\n<p>M\u00e0n h\u00ecnh cong, m\u1eb7t sau kim lo\u1ea1i nguy\u00ean kh\u1ed1i<\/p>\n","protected":false},"featured_media":648,"template":"","meta":{"_acf_changed":false},"product_cat":[120],"product_tag":[],"class_list":{"0":"post-647","1":"product","2":"type-product","3":"status-publish","4":"has-post-thumbnail","6":"product_cat-uncategorized","8":"first","9":"instock","10":"sale","11":"taxable","12":"shipping-taxable","13":"purchasable","14":"product-type-simple"},"acf":[],"_links":{"self":[{"href":"https:\/\/zsoftware.vn\/index.php?rest_route=\/wp\/v2\/product\/647"}],"collection":[{"href":"https:\/\/zsoftware.vn\/index.php?rest_route=\/wp\/v2\/product"}],"about":[{"href":"https:\/\/zsoftware.vn\/index.php?rest_route=\/wp\/v2\/types\/product"}],"wp:featuredmedia":[{"embeddable":true,"href":"https:\/\/zsoftware.vn\/index.php?rest_route=\/wp\/v2\/media\/648"}],"wp:attachment":[{"href":"https:\/\/zsoftware.vn\/index.php?rest_route=%2Fwp%2Fv2%2Fmedia&parent=647"}],"wp:term":[{"taxonomy":"product_cat","embeddable":true,"href":"https:\/\/zsoftware.vn\/index.php?rest_route=%2Fwp%2Fv2%2Fproduct_cat&post=647"},{"taxonomy":"product_tag","embeddable":true,"href":"https:\/\/zsoftware.vn\/index.php?rest_route=%2Fwp%2Fv2%2Fproduct_tag&post=647"}],"curies":[{"name":"wp","href":"https:\/\/api.w.org\/{rel}","templated":true}]}}