{"id":695,"date":"2018-01-03T11:23:04","date_gmt":"2018-01-03T11:23:04","guid":{"rendered":"http:\/\/localhost:8085\/tiki\/?post_type=product&#038;p=695"},"modified":"2018-01-03T11:23:04","modified_gmt":"2018-01-03T11:23:04","slug":"combo-5-ao-tay-ngan-be-gai-dobi-atn02","status":"publish","type":"product","link":"https:\/\/zsoftware.vn\/?product=combo-5-ao-tay-ngan-be-gai-dobi-atn02","title":{"rendered":"Combo 5 \u00c1o Tay Ng\u1eafn B\u00e9 G\u00e1i Dobi ATN02"},"content":{"rendered":"<div class=\"left\">\n<h3 class=\"product-table-title\">Th\u00f4ng Tin Chi Ti\u1ebft<\/h3>\n<div class=\"white-panel\">\n<div class=\"attribute-table single-table\"><\/div>\n<table id=\"chi-tiet\" cellspacing=\"0\" class=\"table table-bordered table-detail table-striped\">\n<colgroup>\n<col style=\"width: 25%;\">\n<col>\n            <\/colgroup>\n<tbody>\n<tr>\n<td>Th\u01b0\u01a1ng hi\u1ec7u<\/td>\n<td class=\"last\">\n                        <a href=\"http:\/\/tiki.vn\/thuong-hieu\/dobi.html\">Dobi<\/a><\/p>\n<\/td>\n<\/tr>\n<tr>\n<td>S\u1ea3n xu\u1ea5t t\u1ea1i<\/td>\n<td class=\"last\">\n                        Vi\u1ec7t Nam\n                    <\/td>\n<\/tr>\n<tr>\n<td>Model<\/td>\n<td class=\"last\">\n                        8936124410062\n                    <\/td>\n<\/tr>\n<tr>\n<td>L\u01b0u \u00fd<\/td>\n<td class=\"last\">\n<p><span style=\"color: #ff0000;\">S\u1ea3n ph\u1ea9m giao ng\u1eabu nhi\u00ean h\u1ecda ti\u1ebft th\u00eau h\u00ecnh th\u00fa d\u1ec5 th\u01b0\u01a1ng<\/span><\/p>\n<\/td>\n<\/tr>\n<tr>\n<td>Ch\u1ea5t li\u1ec7u<\/td>\n<td class=\"last\">\n                        Cotton 100%\n                    <\/td>\n<\/tr>\n<tr>\n<td>SKU<\/td>\n<td class=\"last\">\n                        3505463700407\n                    <\/td>\n<\/tr>\n<\/tbody>\n<\/table><\/div>\n<h3 class=\"product-table-title\">M\u00f4 T\u1ea3 S\u1ea3n Ph\u1ea9m<\/h3>\n<div class=\"white-panel\">\n<div class=\"product-description\">\n<div class=\"product-content-detail\">\n<div id=\"gioi-thieu\" class=\"content js-content expand\" itemprop=\"description\" style=\"max-height: none;\">\n<p><span style=\"font-size: small; color: #ff0000;\"><strong>L\u01b0u \u00fd:&nbsp;S\u1ea3n ph\u1ea9m giao ng\u1eabu nhi\u00ean h\u1ecda ti\u1ebft th\u00eau h\u00ecnh th\u00fa d\u1ec5 th\u01b0\u01a1ng<\/strong><\/span><\/p>\n<p><span style=\"font-size: medium; color: #0087ba;\"><strong>Combo 5 \u00c1o Tay Ng\u1eafn B\u00e9 G\u00e1i Dobi ATN02 <\/strong> <\/span> mang \u0111\u1ebfn cho b\u00e9 g\u00e1i b\u1ed9 5 chi\u1ebfc \u00e1o ng\u1eafn tay xinh x\u1eafn, tr\u00ean m\u1ed7i chi\u1ebfc \u00e1o l\u00e0 h\u00ecnh th\u00eau ri\u00eang bi\u1ec7t \u0111\u00e1ng y\u00eau. \u0110\u01b0\u1ee3c may b\u1eb1ng cotton 100%, \u00e1o m\u1ec1m m\u1ea1i v\u00e0 kh\u00f4ng l\u00e0m t\u1ed5n h\u1ea1i da b\u00e9. \u0110\u1eb7c bi\u1ec7t, tr\u00ean vai \u00e1o c\u00f2n \u0111\u00ednh n\u00fat b\u1ea5m gi\u00fap m\u1eb9 d\u1ec5 d\u00e0ng thay \u0111\u1ed3 cho b\u00e9.<\/p>\n<ul>\n<li> \u00c1o b\u00e9 \u0111\u01b0\u1ee3c l\u00e0m b\u1eb1ng cotton Borip, l\u00e0 lo\u1ea1i v\u1ea3i \u0111\u01b0\u1ee3c d\u1ec7t t\u1eeb 100% s\u1ee3i cotton. K\u1ef9 thu\u1eadt d\u1ec7t s\u1ee3i cho v\u1ea3i borip gi\u1ed1ng nh\u01b0 ki\u1ec3u \u0111an \u00e1o len t\u1ea1o n\u00ean \u0111\u1ed9 co gi\u00e3n cao cho v\u1ea3i. <\/li>\n<li> \u01afu \u0111i\u1ec3m c\u1ee7a ch\u1ea5t li\u1ec7u Cotton Borip l\u00e0 r\u1ea5t m\u1ec1m m\u1ea1i, th\u1ea5m h\u00fat m\u1ed3 h\u00f4i tuy\u1ec7t \u0111\u1ed1i, m\u00e0u s\u1eafc hoa v\u0103n phong ph\u00fa. <\/li>\n<li> Tr\u00ean m\u1ed7i s\u1ea3n ph\u1ea9m Dobi \u0111\u1ec1u c\u00f3 th\u00eau theo c\u00f4ng ngh\u1ec7 c\u1ee7a Nh\u1eadt h\u00ecnh c\u00e1c con th\u00fa \u0111\u00e1ng y\u00eau t\u1ea1o \u0111i\u1ec3m nh\u1ea5n \u0111\u1ed9c \u0111\u00e1o, ng\u1ed9 ngh\u0129nh cho b\u00e9. <\/li>\n<li> Set g\u1ed3m 5 s\u1ea3n ph\u1ea9m \u0111a d\u1ea1ng m\u00e0u v\u1ea3i v\u00e0 con th\u00eau. M\u1eabu v\u1ea3i v\u00e0 con th\u00eau lu\u00f4n \u0111\u01b0\u1ee3c thay \u0111\u1ed5i t\u1ea1o n\u00ean s\u1ef1 m\u1edbi m\u1ebb, \u0111a \u0111\u1ea1ng c\u1ee7a s\u1ea3n ph\u1ea9m Dobi. <\/li>\n<li> Tr\u00ean vai \u0111\u00ednh n\u00fat thu\u1eadn ti\u1ec7n \u0111\u1ec3 m\u1eb9 m\u1eb7c \u0111\u1ed3 cho b\u00e9. <\/li>\n<li> Size: 6M, 9M, 12M, 18M, 24M, 36M th\u00edch h\u1ee3p cho tr\u1ebb s\u01a1 sinh t\u1eeb 6 &#8211; 36 th\u00e1ng tu\u1ed5i. <\/li>\n<li> H\u1ed9p s\u1ea3n ph\u1ea9m \u0111\u1eb9p m\u1eaft c\u00f3 th\u1ec3 d\u00f9ng l\u00e0m qu\u00e0 t\u1eb7ng trong c\u00e1c d\u1ecbp \u0111\u1ea7y th\u00e1ng, th\u00f4i n\u00f4i, sinh nh\u1eadt. <\/li>\n<\/ul>\n<p><strong> Th\u00f4ng tin k\u00edch th\u01b0\u1edbc <\/strong><\/p>\n<table border=\"1\" cellspacing=\"0\" cellpadding=\"0\" width=\"800\">\n<colgroup>\n<col width=\"105\">\n<col width=\"93\">\n<col span=\"3\" width=\"87\">\n<col span=\"4\" width=\"97\">\n                        <\/colgroup>\n<tbody>\n<tr height=\"99\">\n<td class=\"xl90\" style=\"text-align: center;\" colspan=\"9\" rowspan=\"2\" width=\"800\" height=\"100\"><span style=\"font-size: large;\"> <strong> B\u1ea2NG \u0110\u1ed0I CHI\u1ebeU C\u00c2N N\u0102NG V\u00c0 CHI\u1ec0U CAO TR\u1eba S\u01a0 SINH <\/strong> <\/span><\/td>\n<\/tr>\n<tr height=\"28\">\n                            <\/tr>\n<tr height=\"28\">\n<td class=\"xl87\" height=\"28\"><\/td>\n<td class=\"xl84\" style=\"text-align: center;\"><strong> New Born <\/strong><\/td>\n<td class=\"xl77\" style=\"text-align: center;\"><strong> 3 months <\/strong><\/td>\n<td class=\"xl78\" style=\"text-align: center;\"><strong> 6 months <\/strong><\/td>\n<td class=\"xl79\" style=\"text-align: center;\"><strong> 9 months <\/strong><\/td>\n<td class=\"xl80\" style=\"text-align: center;\"><strong> 12 months <\/strong><\/td>\n<td class=\"xl81\" style=\"text-align: center;\"><strong> 18 months <\/strong><\/td>\n<td class=\"xl82\" style=\"text-align: center;\"><strong> 24 months <\/strong><\/td>\n<td class=\"xl83\" style=\"text-align: center;\"><strong> 36 months <\/strong><\/td>\n<\/tr>\n<tr height=\"28\">\n<td class=\"xl88\" style=\"text-align: center;\" height=\"28\"><strong> Weight (kg) <\/strong><\/td>\n<td class=\"xl85\" style=\"text-align: center;\">2,3 &#8211; 3,6<\/td>\n<td class=\"xl70\" style=\"text-align: center;\">3,6 &#8211; 5,7<\/td>\n<td class=\"xl71\" style=\"text-align: center;\">5,7 &#8211; 7,5<\/td>\n<td class=\"xl72\" style=\"text-align: center;\">7,5 &#8211; 9,3<\/td>\n<td class=\"xl73\" style=\"text-align: center;\">9,3 &#8211; 11,1<\/td>\n<td class=\"xl74\" style=\"text-align: center;\">11,1 &#8211; 12,5<\/td>\n<td class=\"xl75\" style=\"text-align: center;\">12,5 &#8211; 13,9<\/td>\n<td class=\"xl76\" style=\"text-align: center;\">13,9 -14,8<\/td>\n<\/tr>\n<tr height=\"28\">\n<td class=\"xl89\" style=\"text-align: center;\" height=\"28\"><strong> High (cm) <\/strong><\/td>\n<td class=\"xl86\" style=\"text-align: center;\">55<\/td>\n<td class=\"xl63\" style=\"text-align: center;\">55 &#8211; 61<\/td>\n<td class=\"xl64\" style=\"text-align: center;\">61 &#8211; 67<\/td>\n<td class=\"xl65\" style=\"text-align: center;\">67 &#8211; 72<\/td>\n<td class=\"xl66\" style=\"text-align: center;\">72 &#8211; 78<\/td>\n<td class=\"xl67\" style=\"text-align: center;\">78 &#8211; 83<\/td>\n<td class=\"xl68\" style=\"text-align: center;\">83 &#8211; 88<\/td>\n<td class=\"xl69\" style=\"text-align: center;\">88 &#8211; 91<\/td>\n<\/tr>\n<\/tbody>\n<\/table>\n<p><strong> <\/strong><\/p>\n<ul>\n                    <\/ul>\n<\/p><\/div>\n<\/p><\/div>\n<\/p><\/div>\n<\/p><\/div>\n<\/div>\n","protected":false},"excerpt":{"rendered":"<p>Ch\u1ea5t li\u1ec7u cotton m\u1ec1m m\u1ea1i, tho\u00e1ng m\u00e1t<\/p>\n<p>Thi\u1ebft k\u1ebf tay d\u00e0i \u1ed1ng bo ng\u1ed9 ngh\u0129nh<\/p>\n<p>Trang tr\u00ed h\u1ecda ti\u1ebft nh\u00e2n v\u1eadt ho\u1ea1t h\u00ecnh \u0111\u00e1ng y\u00eau<\/p>\n<p>Combo 3 b\u1ed9, thu\u1eadn ti\u1ec7n thay \u0111\u1ed5i h\u00e0ng ng\u00e0y<\/p>\n<p>S\u1ea3n ph\u1ea9m giao combo 3 m\u00e0u ng\u1eabu nhi\u00ean<\/p>\n","protected":false},"featured_media":696,"template":"","meta":{"_acf_changed":false},"product_cat":[115],"product_tag":[],"class_list":{"0":"post-695","1":"product","2":"type-product","3":"status-publish","4":"has-post-thumbnail","6":"product_cat-phan-mem-quan-ly-tai-san","8":"first","9":"instock","10":"sale","11":"taxable","12":"shipping-taxable","13":"purchasable","14":"product-type-simple"},"acf":[],"_links":{"self":[{"href":"https:\/\/zsoftware.vn\/index.php?rest_route=\/wp\/v2\/product\/695"}],"collection":[{"href":"https:\/\/zsoftware.vn\/index.php?rest_route=\/wp\/v2\/product"}],"about":[{"href":"https:\/\/zsoftware.vn\/index.php?rest_route=\/wp\/v2\/types\/product"}],"wp:featuredmedia":[{"embeddable":true,"href":"https:\/\/zsoftware.vn\/index.php?rest_route=\/wp\/v2\/media\/696"}],"wp:attachment":[{"href":"https:\/\/zsoftware.vn\/index.php?rest_route=%2Fwp%2Fv2%2Fmedia&parent=695"}],"wp:term":[{"taxonomy":"product_cat","embeddable":true,"href":"https:\/\/zsoftware.vn\/index.php?rest_route=%2Fwp%2Fv2%2Fproduct_cat&post=695"},{"taxonomy":"product_tag","embeddable":true,"href":"https:\/\/zsoftware.vn\/index.php?rest_route=%2Fwp%2Fv2%2Fproduct_tag&post=695"}],"curies":[{"name":"wp","href":"https:\/\/api.w.org\/{rel}","templated":true}]}}